{"id":20488,"date":"2022-05-17T16:22:49","date_gmt":"2022-05-17T14:22:49","guid":{"rendered":"https:\/\/prometheus.museum\/pci-unesco\/"},"modified":"2022-09-14T06:01:33","modified_gmt":"2022-09-14T04:01:33","slug":"pci-unesco","status":"publish","type":"page","link":"https:\/\/prometheus.museum\/ca\/pci-unesco\/","title":{"rendered":"Patrimoni Cultural Immaterial de la UNESCO"},"content":{"rendered":"<p>[vc_row footer_feature=&#8221;yes&#8221; padding_top=&#8221;0&#8243; padding_bottom=&#8221;0&#8243; margin_bottom=&#8221;0&#8243; section_id=&#8221;2015&#8243;][vc_column css=&#8221;.vc_custom_1651571015472{padding-right: 4% !important;padding-left: 4% !important;background-position: center !important;background-repeat: no-repeat !important;background-size: contain !important;}&#8221;][vc_row_inner][vc_column_inner width=&#8221;1\/6&#8243;][\/vc_column_inner][vc_column_inner width=&#8221;2\/3&#8243;]<div class=\"grve-element grve-slogan grve-align-center\" style=\"margin-bottom: 45px;\">  <p class=\"grve-leader-text\">L\u20191 de desembre de 2015 la UNESCO va inscriure \u201cLes festes del foc del solstici d\u2019estiu als Pirineus: falles, haros i brandons\u201d en la Llista Representativa de Patrimoni Cultural Immaterial de la Humanitat<\/p><\/div>[\/vc_column_inner][vc_column_inner width=&#8221;1\/6&#8243;][\/vc_column_inner][\/vc_row_inner]<div class=\"grve-element grve-hr \" style=\"padding-bottom: 75px;\"><div class=\"grve-dashed-line-divider\"><\/div><\/div>[vc_row_inner][vc_column_inner width=&#8221;1\/2&#8243;]<div class=\"grve-element grve-video\" style=\"\"><iframe loading=\"lazy\" title=\"Falles, la Festa del Foc,  Documental -Vall de Bo\u00ed\" width=\"1080\" height=\"608\" src=\"https:\/\/www.youtube.com\/embed\/GopGrlDalNE?feature=oembed\" frameborder=\"0\" allow=\"accelerometer; autoplay; clipboard-write; encrypted-media; gyroscope; picture-in-picture\" allowfullscreen><\/iframe><\/div>[\/vc_column_inner][vc_column_inner width=&#8221;1\/2&#8243;]<div class=\"grve-element grve-video\" style=\"\"><iframe loading=\"lazy\" title=\"Celebraci\u00f3 UNESCO - Falles, haros i brandons\" width=\"1080\" height=\"608\" src=\"https:\/\/www.youtube.com\/embed\/1vVGMmLZFsA?feature=oembed\" frameborder=\"0\" allow=\"accelerometer; autoplay; clipboard-write; encrypted-media; gyroscope; picture-in-picture\" allowfullscreen><\/iframe><\/div>[\/vc_column_inner][\/vc_row_inner][vc_empty_space height=&#8221;100px&#8221;][\/vc_column][\/vc_row][vc_row section_id=&#8221;work&#8221; padding_top=&#8221;65&#8243;][vc_column css=&#8221;.vc_custom_1651570997068{padding-right: 4% !important;padding-left: 4% !important;}&#8221;][vc_tta_accordion][vc_tta_section title=&#8221;QU\u00c8 \u00c9S LA LLISTA REPRESENTATIVA DEL PATRIMONI IMMATERIAL?&#8221; tab_id=&#8221;1651068617080-17355b63-fca7&#8243;][vc_column_text]El Patrimoni Cultural Immaterial forma part de les declaracions de la UNESCO per a la preservaci\u00f3 del patrimoni i va n\u00e9ixer com a conseq\u00fc\u00e8ncia de la Convenci\u00f3 per a la Salvaguarda del Patrimoni Cultural Immaterial del 2003. El Patrimoni Immaterial es defineix com \u00ab los usos, representacions, expressions, coneixements i t\u00e8cniques -amb els instruments, objectes, artefactes i espais culturals que lis son inherents- que las comunitats, els grups i en alguns casos els individus reconeguin com part integrant del seu patrimoni cultural\u00bb. (Art.2)<\/p>\n<p>La Llista Representativa inclou aquelles celebracions o elements de patrimoni immaterial que compleixen una s\u00e8rie de criteris com ara el seu car\u00e0cter de patrimoni immaterial, el fet que la inscripci\u00f3 contribueixi a la seva presa de consci\u00e8ncia i di\u00e0leg, que continguin mesures de salvaguarda i que la seva candidatura hagu\u00e9s estat fruit d\u2019un proc\u00e9s participatiu. Podeu con\u00e8ixer el contingut de les llistes aqu\u00ed.[\/vc_column_text][\/vc_tta_section][vc_tta_section title=&#8221;LA CANDIDATURA DE LAS FIESTAS DEL FUEGO A LA LISTA REPRESENTATIVA DEL PATRIMONIO MUNDIAL DE LA UNESCO&#8221; tab_id=&#8221;1651068617100-63a8d0aa-f4a0&#8243;][vc_column_text]L\u2019elaboraci\u00f3 de la candidatura a la UNESCO\u00a0fou liderada pel Govern d\u2019Andorra. Va ser fruit d\u2019un llarg treball coordinat i impulsat per les comunitats fallaires, per organitzacions no governamentals i presentada pels estats d\u2019Andorra, Espanya i Fran\u00e7a. L\u2019expedient inclo\u00efa 63 pobles. La candidatura anava acompanyada de diferents documents on els governs locals i els organismes vinculats a les festes recollien les diferents denominacions i caracter\u00edstiques de les festes.[\/vc_column_text][\/vc_tta_section][vc_tta_section title=&#8221;LA DESCRIPCI\u00d3 DE LA FESTA PER LA UNESCO &#8221; tab_id=&#8221;1651068667082-921a7775-9bc8&#8243;][vc_column_text]A la regi\u00f3 pirinenca les festes de foc tenen lloc tots els anys durant la nit del solstici d\u2019estiu. Quan cau la nit, els habitants baixen amb torxes enceses des dels cims de les muntanyes cap als seus pobles i ciutats, calant foc a tot un seguit de fogueres preparades a la manera tradicional. Per als joves, el descens de la muntanya \u00e9s un esdeveniment d\u2019especial import\u00e0ncia, ja que simbolitza el seu pas de l\u2019adolesc\u00e8ncia a l\u2019edat adulta.<\/p>\n<p>Es considera que les festes de foc constitueixen una ocasi\u00f3 per regenerar els vincles socials i enfortir els sentiments de pertinen\u00e7a, identitat i continu\u00eftat de les comunitats, d\u2019aqu\u00ed que la seva celebraci\u00f3 vagi acompanyada de menjars col\u00b7lectius i cants i balls folkl\u00f2rics. De vegades s\u2019assignen funcions espec\u00edfiques a determinades persones: en alguns municipis \u00e9s l\u2019alcalde qui enc\u00e9n la primera foguera, i en d\u2019altres \u00e9s un sacerdot qu\u00e8 la il\u00b7lumina o beneeix. En algunes comarques, \u00e9s l\u2019\u00faltim ve\u00ed acabat de casar de el poble qui enc\u00e9n el foc i encap\u00e7ala la marxa de descens des de la muntanya.<\/p>\n<p>En d\u2019altres llocs, les joves solteres esperen l\u2019arribada dels portadors de torxes als pobles per donar-los la benvinguda amb vi i dol\u00e7os. A l\u2019endem\u00e0 al mat\u00ed, els ve\u00efns recullen les brases i cendres de les fogueres i les porten a casa i horts per protegir-los. Aquestes expressions culturals estan profundament arrelades en les comunitats i es perpetuen gr\u00e0cies a una xarxa d\u2019associacions i institucions locals. El lloc de transmissi\u00f3 m\u00e9s important d\u2019aquest element del patrimoni cultural immaterial \u00e9s la llar familiar, on els seus membres el conserven viu en la mem\u00f2ria.<\/p>\n<p><strong>Precisi\u00f3:<\/strong><\/p>\n<p>La descripci\u00f3 de la UNESCO es refereix sobretot a la pr\u00e0ctica que t\u00e9 lloc sobretot al vessant sud del Pirineu. Al nord, a Commenge i Varossa, es talla un tronc d&#8217;arbre, s&#8217;escorta i despr\u00e9s es divideix en la seva longitud abans que s&#8217;insereixin desenes de cantonades per assecar-lo uns mesos abans del dia de Sant Joan. Aquest tronc d&#8217;arbre, anomenat &#8220;brandon&#8221; o &#8220;<em>har<\/em>\/<em>halhar<\/em>&#8221; o \u201charo\u201d (a Les) \u00e9s quillat poc abans de la festa i despr\u00e9s es decora amb palla i un ram de flors a la part superior. L\u2019haro es crema per la nit de Sant Joan (24 de juny) o al voltant d&#8217;aquesta data: aquesta festa tamb\u00e9 \u00e9s una oportunitat per refor\u00e7ar la comunitat del poble i reconstruir els lla\u00e7os socials i familiars.<\/p>\n<p>Font : <a href=\"https:\/\/ich.unesco.org\/fr\/RL\/les-ftes-du-feu-du-solstice-d-t-dans-les-pyrnes-01073\" target=\"_blank\" rel=\"noopener\">https:\/\/ich.unesco.org<\/a>[\/vc_column_text][\/vc_tta_section][\/vc_tta_accordion][\/vc_column][\/vc_row]<\/p>\n","protected":false},"excerpt":{"rendered":"<p>[vc_row footer_feature=&#8221;yes&#8221; padding_top=&#8221;0&#8243; padding_bottom=&#8221;0&#8243; margin_bottom=&#8221;0&#8243; section_id=&#8221;2015&#8243;][vc_column css=&#8221;.vc_custom_1651571015472{padding-right: 4% !important;padding-left: 4% !important;background-position: center !important;background-repeat: no-repeat !important;background-size: contain !important;}&#8221;][vc_row_inner][vc_column_inner width=&#8221;1\/6&#8243;][\/vc_column_inner][vc_column_inner width=&#8221;2\/3&#8243;][\/vc_column_inner][vc_column_inner width=&#8221;1\/6&#8243;][\/vc_column_inner][\/vc_row_inner][vc_row_inner][vc_column_inner width=&#8221;1\/2&#8243;][\/vc_column_inner][vc_column_inner width=&#8221;1\/2&#8243;][\/vc_column_inner][\/vc_row_inner][vc_empty_space height=&#8221;100px&#8221;][\/vc_column][\/vc_row][vc_row section_id=&#8221;work&#8221; padding_top=&#8221;65&#8243;][vc_column css=&#8221;.vc_custom_1651570997068{padding-right: 4% !important;padding-left: 4% !important;}&#8221;][vc_tta_accordion][vc_tta_section title=&#8221;QU\u00c8 \u00c9S LA LLISTA REPRESENTATIVA DEL PATRIMONI IMMATERIAL?&#8221; tab_id=&#8221;1651068617080-17355b63-fca7&#8243;][vc_column_text]El Patrimoni Cultural Immaterial forma part de les declaracions de la UNESCO per a la preservaci\u00f3 del [&hellip;]<\/p>\n","protected":false},"author":1,"featured_media":0,"parent":0,"menu_order":0,"comment_status":"closed","ping_status":"open","template":"page-templates\/template-patrimoine.php","meta":{"_monsterinsights_skip_tracking":false,"_monsterinsights_sitenote_active":false,"_monsterinsights_sitenote_note":"","_monsterinsights_sitenote_category":0,"_uf_show_specific_survey":0,"_uf_disable_surveys":false,"footnotes":""},"class_list":["post-20488","page","type-page","status-publish","hentry"],"_links":{"self":[{"href":"https:\/\/prometheus.museum\/ca\/wp-json\/wp\/v2\/pages\/20488","targetHints":{"allow":["GET"]}}],"collection":[{"href":"https:\/\/prometheus.museum\/ca\/wp-json\/wp\/v2\/pages"}],"about":[{"href":"https:\/\/prometheus.museum\/ca\/wp-json\/wp\/v2\/types\/page"}],"author":[{"embeddable":true,"href":"https:\/\/prometheus.museum\/ca\/wp-json\/wp\/v2\/users\/1"}],"replies":[{"embeddable":true,"href":"https:\/\/prometheus.museum\/ca\/wp-json\/wp\/v2\/comments?post=20488"}],"version-history":[{"count":4,"href":"https:\/\/prometheus.museum\/ca\/wp-json\/wp\/v2\/pages\/20488\/revisions"}],"predecessor-version":[{"id":21146,"href":"https:\/\/prometheus.museum\/ca\/wp-json\/wp\/v2\/pages\/20488\/revisions\/21146"}],"wp:attachment":[{"href":"https:\/\/prometheus.museum\/ca\/wp-json\/wp\/v2\/media?parent=20488"}],"curies":[{"name":"wp","href":"https:\/\/api.w.org\/{rel}","templated":true}]}}