{"id":20563,"date":"2022-04-29T07:40:12","date_gmt":"2022-04-29T07:40:12","guid":{"rendered":"https:\/\/prometheus.museum\/partager\/savoir-faire\/"},"modified":"2022-09-15T10:45:54","modified_gmt":"2022-09-15T08:45:54","slug":"saber-fer","status":"publish","type":"page","link":"https:\/\/prometheus.museum\/ca\/compartir\/saber-fer\/","title":{"rendered":"Saber fer"},"content":{"rendered":"<p>[vc_row][vc_column][vc_row_inner css=&#8221;.vc_custom_1654861065146{margin-bottom: 55px !important;}&#8221;][vc_column_inner width=&#8221;1\/6&#8243; css=&#8221;.vc_custom_1654861078966{padding-right: 4% !important;padding-left: 4% !important;}&#8221;][\/vc_column_inner][vc_column_inner width=&#8221;2\/3&#8243;]<div class=\"grve-element grve-slogan grve-align-center\" style=\"\">  <p class=\"grve-leader-text\">Hi ha dos tutorials disponibles perqu\u00e8 aprenguis a fer un brandon\/eth har o eth halhar (en occit\u00e0-gasc\u00f3):<\/p><\/div>[\/vc_column_inner][vc_column_inner width=&#8221;1\/6&#8243;][\/vc_column_inner][\/vc_row_inner][vc_row_inner css=&#8221;.vc_custom_1654861065146{margin-bottom: 55px !important;}&#8221;][vc_column_inner css=&#8221;.vc_custom_1654861078966{padding-right: 4% !important;padding-left: 4% !important;}&#8221;][vc_column_text]<\/p>\n<ul>\n<li>Una versi\u00f3 curta (en franc\u00e8s subtitulada en occit\u00e0) s&#8217;adre\u00e7a al gran p\u00fablic per descobrir el saber fer relacionat amb la fabricaci\u00f3 de brand\u00f3<\/li>\n<li>Una versi\u00f3 llarga (en franc\u00e8s subtitulada en occit\u00e0) s&#8217;adre\u00e7a a un p\u00fablic informat, per tal de con\u00e8ixer les t\u00e8cniques i materials utilitzats.<\/li>\n<\/ul>\n<p>El brand\u00f3 fet a R\u00e9gades \u00e9s un exemple que no t\u00e9 cap valor normatiu: hi ha altres brandons que tenen la seva particularitat (amb palla o sense, menys cantonades, sistema d&#8217;encesa diferent, etc.). Es tracta sobretot de donar indicacions a aquells que han perdut el saber fer de la fabricaci\u00f3 o simplement volen descobrir-lo, per seguir transmetent la tradici\u00f3 del brand\u00f3 de la Saint-Jean \/ <em>eth halhar de Sent Joan<\/em>.[\/vc_column_text][\/vc_column_inner][\/vc_row_inner][vc_row_inner][vc_column_inner width=&#8221;1\/6&#8243;][\/vc_column_inner][vc_column_inner width=&#8221;2\/3&#8243;][vc_column_text]<em>Versi\u00f3 curta<\/em>[\/vc_column_text][vc_raw_html]JTVCRWxpdGVfdmlkZW9fcGxheWVyJTIwaWQlM0QlMjIxNyUyMiU1RA==[\/vc_raw_html][\/vc_column_inner][vc_column_inner width=&#8221;1\/6&#8243;][\/vc_column_inner][\/vc_row_inner][vc_row_inner][vc_column_inner width=&#8221;1\/6&#8243;][\/vc_column_inner][vc_column_inner width=&#8221;2\/3&#8243;][vc_column_text]<em>Versi\u00f3 llarga<\/em>[\/vc_column_text][vc_raw_html]JTVCRWxpdGVfdmlkZW9fcGxheWVyJTIwaWQlM0QlMjIxOCUyMiU1RA==[\/vc_raw_html][\/vc_column_inner][vc_column_inner width=&#8221;1\/6&#8243;][\/vc_column_inner][\/vc_row_inner][\/vc_column][\/vc_row]<\/p>\n","protected":false},"excerpt":{"rendered":"<p>[vc_row][vc_column][vc_row_inner css=&#8221;.vc_custom_1654861065146{margin-bottom: 55px !important;}&#8221;][vc_column_inner width=&#8221;1\/6&#8243; css=&#8221;.vc_custom_1654861078966{padding-right: 4% !important;padding-left: 4% !important;}&#8221;][\/vc_column_inner][vc_column_inner width=&#8221;2\/3&#8243;][\/vc_column_inner][vc_column_inner width=&#8221;1\/6&#8243;][\/vc_column_inner][\/vc_row_inner][vc_row_inner css=&#8221;.vc_custom_1654861065146{margin-bottom: 55px !important;}&#8221;][vc_column_inner css=&#8221;.vc_custom_1654861078966{padding-right: 4% !important;padding-left: 4% !important;}&#8221;][vc_column_text] Una versi\u00f3 curta (en franc\u00e8s subtitulada en occit\u00e0) s&#8217;adre\u00e7a al gran p\u00fablic per descobrir el saber fer relacionat amb la fabricaci\u00f3 de brand\u00f3 Una versi\u00f3 llarga (en franc\u00e8s subtitulada en occit\u00e0) s&#8217;adre\u00e7a a un p\u00fablic [&hellip;]<\/p>\n","protected":false},"author":1,"featured_media":0,"parent":20555,"menu_order":0,"comment_status":"closed","ping_status":"open","template":"page-templates\/template-partager.php","meta":{"_monsterinsights_skip_tracking":false,"_monsterinsights_sitenote_active":false,"_monsterinsights_sitenote_note":"","_monsterinsights_sitenote_category":0,"_uf_show_specific_survey":0,"_uf_disable_surveys":false,"footnotes":""},"class_list":["post-20563","page","type-page","status-publish","hentry"],"_links":{"self":[{"href":"https:\/\/prometheus.museum\/ca\/wp-json\/wp\/v2\/pages\/20563","targetHints":{"allow":["GET"]}}],"collection":[{"href":"https:\/\/prometheus.museum\/ca\/wp-json\/wp\/v2\/pages"}],"about":[{"href":"https:\/\/prometheus.museum\/ca\/wp-json\/wp\/v2\/types\/page"}],"author":[{"embeddable":true,"href":"https:\/\/prometheus.museum\/ca\/wp-json\/wp\/v2\/users\/1"}],"replies":[{"embeddable":true,"href":"https:\/\/prometheus.museum\/ca\/wp-json\/wp\/v2\/comments?post=20563"}],"version-history":[{"count":7,"href":"https:\/\/prometheus.museum\/ca\/wp-json\/wp\/v2\/pages\/20563\/revisions"}],"predecessor-version":[{"id":21355,"href":"https:\/\/prometheus.museum\/ca\/wp-json\/wp\/v2\/pages\/20563\/revisions\/21355"}],"up":[{"embeddable":true,"href":"https:\/\/prometheus.museum\/ca\/wp-json\/wp\/v2\/pages\/20555"}],"wp:attachment":[{"href":"https:\/\/prometheus.museum\/ca\/wp-json\/wp\/v2\/media?parent=20563"}],"curies":[{"name":"wp","href":"https:\/\/api.w.org\/{rel}","templated":true}]}}