{"id":20583,"date":"2022-04-29T06:03:06","date_gmt":"2022-04-29T06:03:06","guid":{"rendered":"https:\/\/prometheus.museum\/musee-des-enfants\/la-fete-a-lecole\/"},"modified":"2022-09-14T11:53:36","modified_gmt":"2022-09-14T09:53:36","slug":"la-fete-a-lecole","status":"publish","type":"page","link":"https:\/\/prometheus.museum\/ca\/musee-des-enfants\/la-fete-a-lecole\/","title":{"rendered":"La festa a l\u2019escola"},"content":{"rendered":"<p>[vc_row section_id=&#8221;intro&#8221;][vc_column width=&#8221;1\/6&#8243; css=&#8221;.vc_custom_1652088176987{padding-right: 4% !important;padding-left: 4% !important;}&#8221;][\/vc_column][vc_column width=&#8221;2\/3&#8243;]<div class=\"grve-element grve-slogan grve-align-center\" style=\"\">  <p class=\"grve-leader-text\">Actualment, les escoles del territori fallaire tenen al seu abast materials did\u00e0ctics per treballar les festes del foc. Disposen de la Maleta Fallaire, una proposta que apropa la tradici\u00f3 a les aules dels Pirineus i permet con\u00e8ixer les falles o halhes de tots els territoris, treballant diferents \u00e0mbits de coneixement.<\/p><\/div>[\/vc_column][vc_column width=&#8221;1\/6&#8243;][\/vc_column][\/vc_row][vc_row section_id=&#8221;intro&#8221; padding_top=&#8221;45&#8243;][vc_column css=&#8221;.vc_custom_1652088176987{padding-right: 4% !important;padding-left: 4% !important;}&#8221;]<div class=\"grve-element grve-hr \" style=\"padding-top: 15px;padding-bottom: 55px;\"><div class=\"grve-dashed-line-divider\"><\/div><\/div>[\/vc_column][\/vc_row][vc_row section_id=&#8221;valise&#8221;][vc_column width=&#8221;1\/2&#8243; css=&#8221;.vc_custom_1652088184622{padding-right: 4% !important;padding-left: 4% !important;}&#8221;]<div class=\"grve-element grve-slogan grve-align-left\" style=\"\"><h2 class=\"grve-slogan-title grve-align-left grve-h2\"><span style=\"font-size: 120%; line-height: 1.120em;\">La Maleta Fallaire <span class=\"grve-title-line grve-bg-primary-1\" style=\"width: 50%;height: 1px;\"><\/span><\/span><\/h2><\/div>[vc_column_text css=&#8221;.vc_custom_1663149178393{padding-bottom: 25px !important;}&#8221;]La Maleta Fallaire \u00e9s un conjunt de sis activitats que facilita el descobriment de les festes del foc dels solsticis als Pirineus. Aquestes activitats tenen forma de joc, s\u00f3n manipulables i tracten diferents aspectes de la tradici\u00f3: la natura, la sostenibilitat, les lleng\u00fces, el territori, la hist\u00f2ria, les m\u00fasiques i les danses.<\/p>\n<p>Els i les mestres poden fer-la servir com a projecte d\u2019aula o establint les festes com a centre d\u2019inter\u00e8s. Hi ha una maleta a cada centre de recursos pedag\u00f2gics del territori fallaire, per\u00f2 podeu descobrir les fitxes de cada activitat al seg\u00fcent lloc web:[\/vc_column_text][vc_column_text]<iframe loading=\"lazy\" title=\"YouTube video player\" src=\"https:\/\/www.youtube.com\/embed\/-eMeOox2hOE?controls=0\" width=\"560\" height=\"315\" frameborder=\"0\" allowfullscreen=\"allowfullscreen\"><\/iframe>[\/vc_column_text][\/vc_column][vc_column width=&#8221;1\/2&#8243; css=&#8221;.vc_custom_1652088191273{padding-right: 4% !important;padding-left: 4% !important;}&#8221;]<div class=\"grve-element grve-slogan grve-align-left\" style=\"\"><h2 class=\"grve-slogan-title grve-align-left grve-h2\"><span style=\"font-size: 120%; line-height: 1.120em;\">Comunitat d\u2019Aprenentatge Virtual<span class=\"grve-title-line grve-bg-primary-1\" style=\"width: 50%;height: 1px;\"><\/span><\/span><\/h2><\/div>[vc_column_text css=&#8221;.vc_custom_1663149208351{padding-bottom: 45px !important;}&#8221;]Com un complement a la Maleta Fallaire, totes les persones de la comunitat educativa interessades amb les festes del foc i l\u2019educaci\u00f3 patrimonial tenen al seu abast una plataforma en l\u00ednia. S\u2019anomena \u201cDebat a bat\u201d i facilita recursos, bones pr\u00e0ctiques, not\u00edcies i com indica el seu nom, un espai per al debat. Us animem a descobrir-la:<br \/>\n<a href=\"https:\/\/www.debatabat.eu\/\" target=\"_blank\" rel=\"noopener\">www.debatabat.eu<\/a>[\/vc_column_text]<div class=\"grve-element grve-image grve-animated-item grve-fadeInUp grve-align-center\" style=\"\" data-delay=\"200\"><a href=\"https:\/\/www.debatabat.eu\/\" target=\"_blank\" class=\" \" rel=\"noopener\"><img loading=\"lazy\" decoding=\"async\" width=\"450\" height=\"450\" src=\"https:\/\/prometheus.museum\/wp-content\/uploads\/2022\/05\/Screen-Monitor-www.debatabat.eu-fr.png\" class=\"attachment-full size-full\" alt=\"www.debatabat.eu\" srcset=\"https:\/\/prometheus.museum\/wp-content\/uploads\/2022\/05\/Screen-Monitor-www.debatabat.eu-fr.png 1x,https:\/\/prometheus.museum\/wp-content\/uploads\/2022\/05\/Screen-Monitor-www.debatabat.eu-fr-retina.png 2x\" \/><\/a><\/div>[\/vc_column][\/vc_row]<\/p>\n","protected":false},"excerpt":{"rendered":"<p>[vc_row section_id=&#8221;intro&#8221;][vc_column width=&#8221;1\/6&#8243; css=&#8221;.vc_custom_1652088176987{padding-right: 4% !important;padding-left: 4% !important;}&#8221;][\/vc_column][vc_column width=&#8221;2\/3&#8243;][\/vc_column][vc_column width=&#8221;1\/6&#8243;][\/vc_column][\/vc_row][vc_row section_id=&#8221;intro&#8221; padding_top=&#8221;45&#8243;][vc_column css=&#8221;.vc_custom_1652088176987{padding-right: 4% !important;padding-left: 4% !important;}&#8221;][\/vc_column][\/vc_row][vc_row section_id=&#8221;valise&#8221;][vc_column width=&#8221;1\/2&#8243; css=&#8221;.vc_custom_1652088184622{padding-right: 4% !important;padding-left: 4% !important;}&#8221;][vc_column_text css=&#8221;.vc_custom_1663149178393{padding-bottom: 25px !important;}&#8221;]La Maleta Fallaire \u00e9s un conjunt de sis activitats que facilita el descobriment de les festes del foc dels solsticis als Pirineus. Aquestes activitats tenen forma de joc, s\u00f3n [&hellip;]<\/p>\n","protected":false},"author":1,"featured_media":0,"parent":20564,"menu_order":0,"comment_status":"closed","ping_status":"open","template":"page-templates\/template-musee-enfants.php","meta":{"_monsterinsights_skip_tracking":false,"_monsterinsights_sitenote_active":false,"_monsterinsights_sitenote_note":"","_monsterinsights_sitenote_category":0,"_uf_show_specific_survey":0,"_uf_disable_surveys":false,"footnotes":""},"class_list":["post-20583","page","type-page","status-publish","hentry"],"_links":{"self":[{"href":"https:\/\/prometheus.museum\/ca\/wp-json\/wp\/v2\/pages\/20583","targetHints":{"allow":["GET"]}}],"collection":[{"href":"https:\/\/prometheus.museum\/ca\/wp-json\/wp\/v2\/pages"}],"about":[{"href":"https:\/\/prometheus.museum\/ca\/wp-json\/wp\/v2\/types\/page"}],"author":[{"embeddable":true,"href":"https:\/\/prometheus.museum\/ca\/wp-json\/wp\/v2\/users\/1"}],"replies":[{"embeddable":true,"href":"https:\/\/prometheus.museum\/ca\/wp-json\/wp\/v2\/comments?post=20583"}],"version-history":[{"count":1,"href":"https:\/\/prometheus.museum\/ca\/wp-json\/wp\/v2\/pages\/20583\/revisions"}],"predecessor-version":[{"id":21228,"href":"https:\/\/prometheus.museum\/ca\/wp-json\/wp\/v2\/pages\/20583\/revisions\/21228"}],"up":[{"embeddable":true,"href":"https:\/\/prometheus.museum\/ca\/wp-json\/wp\/v2\/pages\/20564"}],"wp:attachment":[{"href":"https:\/\/prometheus.museum\/ca\/wp-json\/wp\/v2\/media?parent=20583"}],"curies":[{"name":"wp","href":"https:\/\/api.w.org\/{rel}","templated":true}]}}