{"id":20587,"date":"2022-04-29T06:03:34","date_gmt":"2022-04-29T06:03:34","guid":{"rendered":"https:\/\/prometheus.museum\/musee-des-enfants\/la-fete-a-la-maison\/"},"modified":"2022-09-16T06:50:00","modified_gmt":"2022-09-16T04:50:00","slug":"la-fete-a-la-maison","status":"publish","type":"page","link":"https:\/\/prometheus.museum\/ca\/musee-des-enfants\/la-fete-a-la-maison\/","title":{"rendered":"La festa a casa"},"content":{"rendered":"<p>[vc_row section_id=&#8221;intro&#8221;][vc_column width=&#8221;1\/6&#8243; css=&#8221;.vc_custom_1652088225267{padding-right: 4% !important;padding-left: 4% !important;}&#8221;][\/vc_column][vc_column width=&#8221;2\/3&#8243;]<div class=\"grve-element grve-slogan grve-align-center grve-animated-item grve-fadeInUp\" style=\"margin-bottom: 25px;\" data-delay=\"200\">  <p class=\"grve-leader-text\">Des de les vostres cases o associacions fallaires podeu gaudir de la festa tot l\u2019any d\u2019una manera did\u00e0ctica. A continuaci\u00f3, trobareu un joc digital que us far\u00e0 aguditzar la vista, nombrosos llibres i contes de tots els territoris i diferents activitats o tallers que podeu fer sols o acompanyats.<\/p><\/div>[\/vc_column][vc_column width=&#8221;1\/6&#8243;][\/vc_column][\/vc_row][vc_row section_id=&#8221;livres&#8221; padding_top=&#8221;45&#8243;][vc_column css=&#8221;.vc_custom_1652088232652{padding-right: 4% !important;padding-left: 4% !important;}&#8221;]<div class=\"grve-element grve-slogan grve-align-center\" style=\"\"><h2 class=\"grve-slogan-title grve-align-center grve-h2\"><span style=\"font-size: 120%; line-height: 1.120em;\">Llibres i contes<\/span><\/h2><\/div><div class=\"grve-element grve-hr \" style=\"padding-top: 15px;padding-bottom: 55px;\"><div class=\"grve-dashed-line-divider\"><\/div><\/div>[\/vc_column][\/vc_row][vc_row margin_bottom=&#8221;45&#8243;][vc_column css=&#8221;.vc_custom_1652088238453{padding-right: 4% !important;padding-left: 4% !important;}&#8221;][vc_row_inner][vc_column_inner width=&#8221;1\/2&#8243;][vc_column_text css=&#8221;.vc_custom_1663149367898{padding-bottom: 55px !important;}&#8221;]<strong>ATLES DE LES FESTES DEL FOC DELS PIRINEUS<\/strong><\/p>\n<p>Escrit i il\u00b7lustrat per Jordi Alsina i Llu\u00eds R\u00e0fols. Editat per El Dimoni Pelut.<\/p>\n<p>Si voleu con\u00e8ixer la festa de totes les regions, us recomanem aquest llibre. Un llibre per a grans i futurs fallaires, pensat pel gaudi dels lectors de totes les edats. En aquest enlla\u00e7 hi podeu veure un tastet:<br \/>\n<a href=\"https:\/\/www.eldimonipelut.cat\/compra?store-page=Altes-de-les-festes-del-foc-dels-Pirineus-p288072387\" target=\"_blank\" rel=\"noopener\">www.eldimonipelut.cat<\/a>[\/vc_column_text]<div class=\"grve-element grve-image grve-animated-item grve-fadeInUp grve-align-center\" style=\"margin-bottom: 25px;\" data-delay=\"200\"><a href=\"https:\/\/www.eldimonipelut.cat\/compra?store-page=Altes-de-les-festes-del-foc-dels-Pirineus-p288072387\" target=\"_blank\" class=\" \" rel=\"noopener\"><img loading=\"lazy\" decoding=\"async\" width=\"400\" height=\"430\" src=\"https:\/\/prometheus.museum\/wp-content\/uploads\/2022\/05\/livre-couverture-ATLES-DE-LES-FESTES-DEL-FOC-1.png\" class=\"attachment-full size-full\" alt=\"Altes de les festes del foc dels Pirineus\" srcset=\"https:\/\/prometheus.museum\/wp-content\/uploads\/2022\/05\/livre-couverture-ATLES-DE-LES-FESTES-DEL-FOC-1.png 1x,https:\/\/prometheus.museum\/wp-content\/uploads\/2022\/05\/livre-couverture-ATLES-DE-LES-FESTES-DEL-FOC-retina-1.png 2x\" \/><\/a><\/div>[\/vc_column_inner][vc_column_inner width=&#8221;1\/2&#8243;]\n\t\t\t<!-- START Musee enfants 04 REVOLUTION SLIDER 6.7.39 --><p class=\"rs-p-wp-fix\"><\/p>\n\t\t\t<rs-module-wrap id=\"rev_slider_61_1_wrapper\" data-source=\"gallery\" style=\"visibility:hidden;background:#000000;padding:0;margin:0px auto;margin-top:0;margin-bottom:0;\">\n\t\t\t\t<rs-module id=\"rev_slider_61_1\" style=\"\" data-version=\"6.7.39\">\n\t\t\t\t\t<rs-slides style=\"overflow: hidden; position: absolute;\">\n\t\t\t\t\t\t<rs-slide style=\"position: absolute;\" data-key=\"rs-186\" data-title=\"Slide\" data-anim=\"ms:10;\" data-in=\"o:1;\" data-out=\"a:false;\">\n\t\t\t\t\t\t\t<img decoding=\"async\" src=\"\/\/prometheus.museum\/wp-content\/plugins\/revslider\/sr6\/assets\/assets\/dummy.png\" alt=\"Slide\" title=\"La festa a casa\" class=\"rev-slidebg tp-rs-img rs-lazyload\" data-lazyload=\"\/\/prometheus.museum\/wp-content\/plugins\/revslider\/sr6\/assets\/assets\/transparent.png\" data-bg=\"p:center top;c:#000000;\" data-parallax=\"9\" data-no-retina>\n<!--\n\t\t\t\t\t\t\t--><rs-layer\n\t\t\t\t\t\t\t\tid=\"slider-61-slide-186-layer-6\" \n\t\t\t\t\t\t\t\tclass=\"rs-noevents rs-pxl-1\"\n\t\t\t\t\t\t\t\tdata-type=\"image\"\n\t\t\t\t\t\t\t\tdata-rsp_ch=\"on\"\n\t\t\t\t\t\t\t\tdata-xy=\"x:c;xo:-13px;y:c;yo:40px;\"\n\t\t\t\t\t\t\t\tdata-text=\"l:22;a:inherit;\"\n\t\t\t\t\t\t\t\tdata-dim=\"w:401px;h:820px;\"\n\t\t\t\t\t\t\t\tdata-basealign=\"slide\"\n\t\t\t\t\t\t\t\tdata-blendmode=\"overlay\"\n\t\t\t\t\t\t\t\tdata-frame_0=\"x:center;y:bottom;blu:10px;\"\n\t\t\t\t\t\t\t\tdata-frame_1=\"e:power4.out;st:300;sp:2000;sR:300;\"\n\t\t\t\t\t\t\t\tdata-frame_999=\"o:0;st:w;sR:6700;\"\n\t\t\t\t\t\t\t\tstyle=\"z-index:9;\"\n\t\t\t\t\t\t\t><img decoding=\"async\" src=\"\/\/prometheus.museum\/wp-content\/plugins\/revslider\/sr6\/assets\/assets\/dummy.png\" alt=\"feu\" class=\"tp-rs-img rs-lazyload\" width=\"489\" height=\"1000\" data-lazyload=\"\/\/prometheus.museum\/wp-content\/uploads\/2022\/05\/BG_fire1.png\" data-no-retina> \n\t\t\t\t\t\t\t<\/rs-layer><!--\n\n\t\t\t\t\t\t\t--><rs-layer\n\t\t\t\t\t\t\t\tid=\"slider-61-slide-186-layer-10\" \n\t\t\t\t\t\t\t\tclass=\"rs-noevents rs-pxl-2\"\n\t\t\t\t\t\t\t\tdata-type=\"image\"\n\t\t\t\t\t\t\t\tdata-rsp_ch=\"on\"\n\t\t\t\t\t\t\t\tdata-xy=\"x:c;xo:-34px;y:b;yo:99px;\"\n\t\t\t\t\t\t\t\tdata-text=\"l:22;a:inherit;\"\n\t\t\t\t\t\t\t\tdata-dim=\"w:384px;h:670px;\"\n\t\t\t\t\t\t\t\tdata-basealign=\"slide\"\n\t\t\t\t\t\t\t\tdata-blendmode=\"screen\"\n\t\t\t\t\t\t\t\tdata-frame_0=\"x:center;y:bottom;blu:10px;\"\n\t\t\t\t\t\t\t\tdata-frame_1=\"e:power4.out;st:300;sp:2000;sR:300;\"\n\t\t\t\t\t\t\t\tdata-frame_999=\"o:0;st:w;sR:6700;\"\n\t\t\t\t\t\t\t\tstyle=\"z-index:11;\"\n\t\t\t\t\t\t\t><img decoding=\"async\" src=\"\/\/prometheus.museum\/wp-content\/plugins\/revslider\/sr6\/assets\/assets\/dummy.png\" alt=\"\" class=\"tp-rs-img rs-lazyload\" width=\"458\" height=\"800\" data-lazyload=\"\/\/prometheus.museum\/wp-content\/uploads\/2022\/05\/Big_boy.png\" data-no-retina> \n\t\t\t\t\t\t\t<\/rs-layer><!--\n\n\t\t\t\t\t\t\t--><rs-layer\n\t\t\t\t\t\t\t\tid=\"slider-61-slide-186-layer-11\" \n\t\t\t\t\t\t\t\tclass=\"rs-noevents rs-pxl-2\"\n\t\t\t\t\t\t\t\tdata-type=\"image\"\n\t\t\t\t\t\t\t\tdata-rsp_ch=\"on\"\n\t\t\t\t\t\t\t\tdata-xy=\"x:c;xo:-34px;y:b;yo:99px;\"\n\t\t\t\t\t\t\t\tdata-text=\"l:22;a:inherit;\"\n\t\t\t\t\t\t\t\tdata-dim=\"w:383px;h:670px;\"\n\t\t\t\t\t\t\t\tdata-basealign=\"slide\"\n\t\t\t\t\t\t\t\tdata-frame_0=\"x:center;y:bottom;blu:10px;\"\n\t\t\t\t\t\t\t\tdata-frame_1=\"e:power4.out;st:300;sp:2000;sR:300;\"\n\t\t\t\t\t\t\t\tdata-frame_999=\"o:0;st:w;sR:6700;\"\n\t\t\t\t\t\t\t\tstyle=\"z-index:10;\"\n\t\t\t\t\t\t\t><img decoding=\"async\" src=\"\/\/prometheus.museum\/wp-content\/plugins\/revslider\/sr6\/assets\/assets\/dummy.png\" alt=\"\" class=\"tp-rs-img rs-lazyload\" width=\"800\" height=\"1399\" data-lazyload=\"\/\/prometheus.museum\/wp-content\/uploads\/2022\/05\/Big_boy_light.png\" data-no-retina> \n\t\t\t\t\t\t\t<\/rs-layer><!--\n\n\t\t\t\t\t\t\t--><rs-layer\n\t\t\t\t\t\t\t\tid=\"slider-61-slide-186-layer-23\" \n\t\t\t\t\t\t\t\tclass=\"rs-noevents rs-pxl-1\"\n\t\t\t\t\t\t\t\tdata-type=\"image\"\n\t\t\t\t\t\t\t\tdata-rsp_ch=\"on\"\n\t\t\t\t\t\t\t\tdata-xy=\"x:c;xo:-13px;y:c;yo:40px;\"\n\t\t\t\t\t\t\t\tdata-text=\"l:22;a:inherit;\"\n\t\t\t\t\t\t\t\tdata-dim=\"w:401px;h:820px;\"\n\t\t\t\t\t\t\t\tdata-basealign=\"slide\"\n\t\t\t\t\t\t\t\tdata-frame_0=\"x:center;y:bottom;blu:10px;\"\n\t\t\t\t\t\t\t\tdata-frame_1=\"e:power4.out;st:300;sp:2000;sR:300;\"\n\t\t\t\t\t\t\t\tdata-frame_999=\"o:0;st:w;sR:6700;\"\n\t\t\t\t\t\t\t\tdata-loop_999=\"sX:1.05;sY:1.05;o:0.8;blu:5;sp:1800;e:power1.inOut;yys:t;yyf:t;\"\n\t\t\t\t\t\t\t\tstyle=\"z-index:8;\"\n\t\t\t\t\t\t\t><img decoding=\"async\" src=\"\/\/prometheus.museum\/wp-content\/plugins\/revslider\/sr6\/assets\/assets\/dummy.png\" alt=\"feu\" class=\"tp-rs-img rs-lazyload\" width=\"489\" height=\"1000\" data-lazyload=\"\/\/prometheus.museum\/wp-content\/uploads\/2022\/05\/BG_fire1.png\" data-no-retina> \n\t\t\t\t\t\t\t<\/rs-layer><!--\n-->\t\t\t\t\t<\/rs-slide>\n\t\t\t\t\t<\/rs-slides>\n\t\t\t\t<\/rs-module>\n\t\t\t\t<script>\n\t\t\t\t\tsetREVStartSize({c: 'rev_slider_61_1',rl:[1240,1024,778,480],el:[960],gw:[600],gh:[960],type:'standard',justify:'',layout:'fullwidth',mh:\"0\"});if (window.RS_MODULES!==undefined && window.RS_MODULES.modules!==undefined && window.RS_MODULES.modules[\"revslider611\"]!==undefined) {window.RS_MODULES.modules[\"revslider611\"].once = false;window.revapi61 = undefined;if (window.RS_MODULES.checkMinimal!==undefined) window.RS_MODULES.checkMinimal()}\n\t\t\t\t<\/script>\n\t\t\t<\/rs-module-wrap>\n\t\t\t<!-- END REVOLUTION SLIDER -->\n[vc_empty_space][\/vc_column_inner][\/vc_row_inner][vc_row_inner][vc_column_inner css=&#8221;.vc_custom_1652525540375{margin-bottom: 45px !important;}&#8221;]<div class=\"grve-element grve-image grve-animated-item grve-fadeInUp grve-align-center\" style=\"\" data-delay=\"200\"><a href=\"https:\/\/www.eldimonipelut.cat\/compra?store-page=Altes-de-les-festes-del-foc-dels-Pirineus-p288072387\" target=\"_blank\" class=\" \" rel=\"noopener\"><img loading=\"lazy\" decoding=\"async\" width=\"1388\" height=\"886\" src=\"https:\/\/prometheus.museum\/wp-content\/uploads\/2022\/05\/Altes-de-les-festes-del-foc-dels-Pirineus-inner.jpg\" class=\"attachment-full size-full\" alt=\"Atlas des f\u00eates du feu dans les Pyr\u00e9n\u00e9es\" srcset=\"https:\/\/prometheus.museum\/wp-content\/uploads\/2022\/05\/Altes-de-les-festes-del-foc-dels-Pirineus-inner.jpg 1x,https:\/\/prometheus.museum\/wp-content\/uploads\/2022\/05\/Altes-de-les-festes-del-foc-dels-Pirineus-inner-retina-scaled.jpg 2x\" \/><\/a><\/div><div class=\"grve-element grve-hr \" style=\"padding-top: 25px;padding-bottom: 25px;\"><div class=\"grve-line-divider\"><\/div><\/div>[\/vc_column_inner][\/vc_row_inner][vc_row_inner][vc_column_inner width=&#8221;1\/2&#8243;][vc_column_text]<strong>ERA NET DE SANT JOAN<\/strong><\/p>\n<p>Escrit per la Susana Vidal i il\u00b7lustrat per la Montse Espa\u00f1ol. Editat pel Conselh Generau d\u2019Aran.<\/p>\n<p>La festa de Sant Joan a la Vall ha quedat ben recollida en aquest conte. Podeu obtenir el llibre aqu\u00ed:<br \/>\n<a href=\"https:\/\/unidisc.csuc.cat\/index.php\/s\/60SwNzlSaq10cqe\" target=\"_blank\" rel=\"noopener\">www.unidisc.csuc.cat<\/a>[\/vc_column_text]<div class=\"grve-element grve-image grve-animated-item grve-fadeInUp grve-align-center\" style=\"margin-bottom: 25px;\" data-delay=\"200\"><a href=\"https:\/\/unidisc.csuc.cat\/index.php\/s\/60SwNzlSaq10cqe\" target=\"_blank\" class=\" \" rel=\"noopener\"><img loading=\"lazy\" decoding=\"async\" width=\"430\" height=\"430\" src=\"https:\/\/prometheus.museum\/wp-content\/uploads\/2022\/05\/livre-couverture-La-nuit-de-la-Saint-Jean.png\" class=\"attachment-full size-full\" alt=\"La nuit de la Saint-Jean\" srcset=\"https:\/\/prometheus.museum\/wp-content\/uploads\/2022\/05\/livre-couverture-La-nuit-de-la-Saint-Jean.png 1x,https:\/\/prometheus.museum\/wp-content\/uploads\/2022\/05\/livre-couverture-La-nuit-de-la-Saint-Jean-retina.png 2x\" \/><\/a><\/div>[\/vc_column_inner][vc_column_inner width=&#8221;1\/2&#8243;][vc_column_text]<strong>EL TRESOR DE LES VALLS D\u2019ANDORRA<\/strong><\/p>\n<p>Escrit per Assumpta Mercader i Carme Invern\u00f3n. Editat pel Govern d\u2019Andorra.<\/p>\n<p>Podeu apropar-vos a les falles d\u2019Andorra, descobrint alhora tot el patrimoni cultural del pa\u00eds, a trav\u00e9s de les aventures d\u2019una intr\u00e8pida fam\u00edlia.<\/p>\n<p><a href=\"https:\/\/www.altair.es\/cat\/libro\/tresor-de-les-valls-d-andorra-el-govern-d-andorra_172183\" target=\"_blank\" rel=\"noopener\">www.altair.es<\/a>[\/vc_column_text]<div class=\"grve-element grve-image grve-animated-item grve-fadeInUp grve-align-center\" style=\"margin-bottom: 25px;\" data-delay=\"200\"><a href=\"https:\/\/www.altair.es\/cat\/libro\/tresor-de-les-valls-d-andorra-el-govern-d-andorra_172183\" target=\"_blank\" class=\" \" rel=\"noopener\"><img loading=\"lazy\" decoding=\"async\" width=\"430\" height=\"430\" src=\"https:\/\/prometheus.museum\/wp-content\/uploads\/2022\/05\/livre-couverture-Le-tresor-des-vallees-Andorre.png\" class=\"attachment-full size-full\" alt=\"Le tr\u00e9sor des vall\u00e9es d\u2019Andorre\" srcset=\"https:\/\/prometheus.museum\/wp-content\/uploads\/2022\/05\/livre-couverture-Le-tresor-des-vallees-Andorre.png 1x,https:\/\/prometheus.museum\/wp-content\/uploads\/2022\/05\/livre-couverture-Le-tresor-des-vallees-Andorre-retina.png 2x\" \/><\/a><\/div>[\/vc_column_inner][\/vc_row_inner][vc_row_inner][vc_column_inner width=&#8221;1\/2&#8243;][vc_column_text]<strong>FIA-FAIA<\/strong><\/p>\n<p>Escrit pel Xavier Pedrals i il\u00b7lustrat per Kap. Editat per Editorial Mediterr\u00e0nia.<\/p>\n<p>Aquest llibre us apropar\u00e0 a l\u2019\u00fanica festa de falles que es celebra pel solstici d\u2019hivern, la Fia-faia de Bag\u00e0 i Sant Juli\u00e0 de Cerdanyola.<\/p>\n<p>Obteniu el llibre aqu\u00ed:<br \/>\n<a href=\"https:\/\/www.editorialmediterrania.com\/producte\/un-mar-dhistories-fia-faia\/\" target=\"_blank\" rel=\"noopener\">www.editorialmediterrania.com<\/a>[\/vc_column_text]<div class=\"grve-element grve-image grve-animated-item grve-fadeInUp grve-align-center\" style=\"margin-bottom: 25px;\" data-delay=\"200\"><a href=\"https:\/\/www.editorialmediterrania.com\/producte\/un-mar-dhistories-fia-faia\/\" target=\"_blank\" class=\" \" rel=\"noopener\"><img loading=\"lazy\" decoding=\"async\" width=\"430\" height=\"430\" src=\"https:\/\/prometheus.museum\/wp-content\/uploads\/2022\/05\/livre-couverture-Fia-faia.png\" class=\"attachment-full size-full\" alt=\"Fia-faia\" srcset=\"https:\/\/prometheus.museum\/wp-content\/uploads\/2022\/05\/livre-couverture-Fia-faia.png 1x,https:\/\/prometheus.museum\/wp-content\/uploads\/2022\/05\/livre-couverture-Fia-faia-retina.png 2x\" \/><\/a><\/div>[\/vc_column_inner][vc_column_inner width=&#8221;1\/2&#8243;][vc_column_text]<strong>FOC A LES MANS<\/strong><\/p>\n<p>Escrit per Xavi Farr\u00e9 i il\u00b7lustrat per Patxanet. Editat per Mosaics Llibres.<\/p>\n<p>Si voleu con\u00e8ixer encara m\u00e9s de les falles dels Pirineus catalans i aragonesos, us animem a endinsar-vos en la hist\u00f2ria de Bonaventura i Jacinta-Brancada, dos fallaires menuts que es troben gr\u00e0cies a la festa.<\/p>\n<p>En el seg\u00fcent enlla\u00e7 podeu descobrir les primeres p\u00e0gines del conte: <a href=\"https:\/\/www.mosaicsllibres.com\/portfolio_page\/foc-les-mans-conte-falles\/\" target=\"_blank\" rel=\"noopener\">www.mosaicsllibres.com<\/a>[\/vc_column_text]<div class=\"grve-element grve-image grve-animated-item grve-fadeInUp grve-align-center\" style=\"margin-bottom: 25px;\" data-delay=\"200\"><a href=\"https:\/\/www.mosaicsllibres.com\/portfolio_page\/foc-les-mans-conte-falles\/\" target=\"_blank\" class=\" \" rel=\"noopener\"><img loading=\"lazy\" decoding=\"async\" width=\"430\" height=\"400\" src=\"https:\/\/prometheus.museum\/wp-content\/uploads\/2022\/05\/livre-couverture-Foc-a-les-mans.png\" class=\"attachment-full size-full\" alt=\"Foc a les mans\" srcset=\"https:\/\/prometheus.museum\/wp-content\/uploads\/2022\/05\/livre-couverture-Foc-a-les-mans.png 1x,https:\/\/prometheus.museum\/wp-content\/uploads\/2022\/05\/livre-couverture-Foc-a-les-mans-retina.png 2x\" \/><\/a><\/div>[\/vc_column_inner][\/vc_row_inner][\/vc_column][\/vc_row][vc_row section_id=&#8221;activites&#8221; margin_bottom=&#8221;0&#8243; padding_bottom=&#8221;55&#8243;][vc_column css=&#8221;.vc_custom_1652088248239{padding-right: 4% !important;padding-left: 4% !important;}&#8221;]<div class=\"grve-element grve-hr \" style=\"padding-top: 45px;padding-bottom: 35px;\"><div class=\"grve-dashed-line-divider\"><\/div><\/div>[vc_row_inner][vc_column_inner width=&#8221;1\/6&#8243;][\/vc_column_inner][vc_column_inner width=&#8221;2\/3&#8243;]<div class=\"grve-element grve-slogan grve-align-center\" style=\"\"><h2 class=\"grve-slogan-title grve-align-center grve-h2\"><span style=\"font-size: 120%; line-height: 1.120em;\">Activitats<\/span><\/h2>  <p class=\"grve-leader-text\">Podeu aprendre encara m\u00e9s aspectes sobre les Festes del Foc dels Solsticis als Pirineus amb les seg\u00fcents activitats. Descobrireu paraules noves, receptes interessants i reptes cient\u00edfics, tot treballant i jugant.<\/p><\/div>[\/vc_column_inner][vc_column_inner width=&#8221;1\/6&#8243;][\/vc_column_inner][\/vc_row_inner]<div class=\"grve-element grve-hr \" style=\"padding-top: 45px;padding-bottom: 55px;\"><div class=\"grve-dashed-line-divider\"><\/div><\/div>[vc_row_inner css=&#8221;.vc_custom_1651671392949{padding-bottom: 45px !important;}&#8221;][vc_column_inner width=&#8221;1\/3&#8243;][vc_column_text]<strong><em>Activitat 1<\/em><\/strong>[\/vc_column_text]<div class=\"grve-element grve-image grve-animated-item grve-fadeInUp grve-align-left\" style=\"margin-bottom: 25px;\" data-delay=\"200\"><a href=\"https:\/\/prometheus.museum\/pdf\/ca\/Activitat-1-Museu-del-Infants_vf5.pdf\" target=\"_blank\" class=\" \"><img loading=\"lazy\" decoding=\"async\" width=\"330\" height=\"460\" src=\"https:\/\/prometheus.museum\/wp-content\/uploads\/2022\/09\/Activitat-1-Museu-del-Infants_vf5-1.png\" class=\"attachment-full size-full\" alt=\"Activitat-1\" srcset=\"https:\/\/prometheus.museum\/wp-content\/uploads\/2022\/09\/Activitat-1-Museu-del-Infants_vf5-1.png 1x,https:\/\/prometheus.museum\/wp-content\/uploads\/2022\/09\/Activitat-1-Museu-del-Infants_vf5-1-retina.png 2x\" \/><\/a><\/div>[\/vc_column_inner][vc_column_inner width=&#8221;1\/3&#8243;][vc_column_text]<strong><em>Activitat 2<\/em><\/strong>[\/vc_column_text]<div class=\"grve-element grve-image grve-animated-item grve-fadeInUp grve-align-left\" style=\"margin-bottom: 25px;\" data-delay=\"200\"><a href=\"https:\/\/prometheus.museum\/pdf\/ca\/Activitat-2-Museu-dels-Infants_vf3.pdf\" target=\"_blank\" class=\" \"><img loading=\"lazy\" decoding=\"async\" width=\"330\" height=\"460\" src=\"https:\/\/prometheus.museum\/wp-content\/uploads\/2022\/09\/Activitat-2-Museu-dels-Infants_vf3.png\" class=\"attachment-full size-full\" alt=\"Activitat-2\" srcset=\"https:\/\/prometheus.museum\/wp-content\/uploads\/2022\/09\/Activitat-2-Museu-dels-Infants_vf3.png 1x,https:\/\/prometheus.museum\/wp-content\/uploads\/2022\/09\/Activitat-2-Museu-dels-Infants_vf3-retina.png 2x\" \/><\/a><\/div>[\/vc_column_inner][vc_column_inner width=&#8221;1\/3&#8243;][vc_column_text]<strong><em>Activitat 3<\/em><\/strong>[\/vc_column_text]<div class=\"grve-element grve-image grve-animated-item grve-fadeInUp grve-align-left\" style=\"margin-bottom: 25px;\" data-delay=\"200\"><a href=\"https:\/\/prometheus.museum\/pdf\/ca\/Activitat-3-Museu-dels-Infants_vf5.pdf\" target=\"_blank\" class=\" \"><img loading=\"lazy\" decoding=\"async\" width=\"330\" height=\"460\" src=\"https:\/\/prometheus.museum\/wp-content\/uploads\/2022\/09\/Activitat-3-Museu-dels-Infants_vf5-1-thumb.png\" class=\"attachment-full size-full\" alt=\"Activitat-3\" srcset=\"https:\/\/prometheus.museum\/wp-content\/uploads\/2022\/09\/Activitat-3-Museu-dels-Infants_vf5-1-thumb.png 1x,https:\/\/prometheus.museum\/wp-content\/uploads\/2022\/09\/Activitat-3-Museu-dels-Infants_vf5-1-thumb-retina.png 2x\" \/><\/a><\/div>[\/vc_column_inner][\/vc_row_inner][vc_row_inner css=&#8221;.vc_custom_1651671398284{padding-bottom: 45px !important;}&#8221;][vc_column_inner width=&#8221;1\/3&#8243;][vc_column_text]<strong><em>Activitat 4<\/em><\/strong>[\/vc_column_text]<div class=\"grve-element grve-image grve-animated-item grve-fadeInUp grve-align-left\" style=\"margin-bottom: 25px;\" data-delay=\"200\"><a href=\"https:\/\/prometheus.museum\/pdf\/ca\/Activitat-4-Museu-dels-Infants_vf5.pdf\" target=\"_blank\" class=\" \"><img loading=\"lazy\" decoding=\"async\" width=\"330\" height=\"460\" src=\"https:\/\/prometheus.museum\/wp-content\/uploads\/2022\/09\/Activitat-4-Museu-dels-Infants_vf5.png\" class=\"attachment-full size-full\" alt=\"Activitat-4\" srcset=\"https:\/\/prometheus.museum\/wp-content\/uploads\/2022\/09\/Activitat-4-Museu-dels-Infants_vf5.png 1x,https:\/\/prometheus.museum\/wp-content\/uploads\/2022\/09\/Activitat-4-Museu-dels-Infants_vf5-retina.png 2x\" \/><\/a><\/div>[\/vc_column_inner][vc_column_inner width=&#8221;1\/3&#8243;][vc_column_text]<strong><em>Activitat 5<\/em><\/strong>[\/vc_column_text]<div class=\"grve-element grve-image grve-animated-item grve-fadeInUp grve-align-left\" style=\"margin-bottom: 25px;\" data-delay=\"200\"><a href=\"https:\/\/prometheus.museum\/pdf\/ca\/Activitat-5-Museu-dels-Infants_vf4.pdf\" target=\"_blank\" class=\" \"><img loading=\"lazy\" decoding=\"async\" width=\"330\" height=\"460\" src=\"https:\/\/prometheus.museum\/wp-content\/uploads\/2022\/09\/Activitat-5-Museu-dels-Infants_vf4-1.png\" class=\"attachment-full size-full\" alt=\"Activitat-5\" srcset=\"https:\/\/prometheus.museum\/wp-content\/uploads\/2022\/09\/Activitat-5-Museu-dels-Infants_vf4-1.png 1x,https:\/\/prometheus.museum\/wp-content\/uploads\/2022\/09\/Activitat-5-Museu-dels-Infants_vf4-1-retina.png 2x\" \/><\/a><\/div>[\/vc_column_inner][vc_column_inner width=&#8221;1\/3&#8243;][vc_column_text]<strong><em>Activitat 6<\/em><\/strong>[\/vc_column_text]<div class=\"grve-element grve-image grve-animated-item grve-fadeInUp grve-align-left\" style=\"margin-bottom: 25px;\" data-delay=\"200\"><a href=\"https:\/\/prometheus.museum\/pdf\/ca\/Activitat-6-Museu-dels-Infants_vf4.pdf\" target=\"_blank\" class=\" \"><img loading=\"lazy\" decoding=\"async\" width=\"330\" height=\"460\" src=\"https:\/\/prometheus.museum\/wp-content\/uploads\/2022\/09\/Activitat-6-Museu-dels-Infants_vf4-1.png\" class=\"attachment-full size-full\" alt=\"Activitat-6\" srcset=\"https:\/\/prometheus.museum\/wp-content\/uploads\/2022\/09\/Activitat-6-Museu-dels-Infants_vf4-1.png 1x,https:\/\/prometheus.museum\/wp-content\/uploads\/2022\/09\/Activitat-6-Museu-dels-Infants_vf4-1-retina.png 2x\" \/><\/a><\/div>[\/vc_column_inner][\/vc_row_inner][\/vc_column][\/vc_row]<\/p>\n","protected":false},"excerpt":{"rendered":"<p>[vc_row section_id=&#8221;intro&#8221;][vc_column width=&#8221;1\/6&#8243; css=&#8221;.vc_custom_1652088225267{padding-right: 4% !important;padding-left: 4% !important;}&#8221;][\/vc_column][vc_column width=&#8221;2\/3&#8243;][\/vc_column][vc_column width=&#8221;1\/6&#8243;][\/vc_column][\/vc_row][vc_row section_id=&#8221;livres&#8221; padding_top=&#8221;45&#8243;][vc_column css=&#8221;.vc_custom_1652088232652{padding-right: 4% !important;padding-left: 4% !important;}&#8221;][\/vc_column][\/vc_row][vc_row margin_bottom=&#8221;45&#8243;][vc_column css=&#8221;.vc_custom_1652088238453{padding-right: 4% !important;padding-left: 4% !important;}&#8221;][vc_row_inner][vc_column_inner width=&#8221;1\/2&#8243;][vc_column_text css=&#8221;.vc_custom_1663149367898{padding-bottom: 55px !important;}&#8221;]ATLES DE LES FESTES DEL FOC DELS PIRINEUS Escrit i il\u00b7lustrat per Jordi Alsina i Llu\u00eds R\u00e0fols. Editat per El Dimoni Pelut. Si voleu con\u00e8ixer la festa de totes [&hellip;]<\/p>\n","protected":false},"author":1,"featured_media":0,"parent":20564,"menu_order":0,"comment_status":"closed","ping_status":"open","template":"page-templates\/template-musee-enfants.php","meta":{"_monsterinsights_skip_tracking":false,"_monsterinsights_sitenote_active":false,"_monsterinsights_sitenote_note":"","_monsterinsights_sitenote_category":0,"_uf_show_specific_survey":0,"_uf_disable_surveys":false,"footnotes":""},"class_list":["post-20587","page","type-page","status-publish","hentry"],"_links":{"self":[{"href":"https:\/\/prometheus.museum\/ca\/wp-json\/wp\/v2\/pages\/20587","targetHints":{"allow":["GET"]}}],"collection":[{"href":"https:\/\/prometheus.museum\/ca\/wp-json\/wp\/v2\/pages"}],"about":[{"href":"https:\/\/prometheus.museum\/ca\/wp-json\/wp\/v2\/types\/page"}],"author":[{"embeddable":true,"href":"https:\/\/prometheus.museum\/ca\/wp-json\/wp\/v2\/users\/1"}],"replies":[{"embeddable":true,"href":"https:\/\/prometheus.museum\/ca\/wp-json\/wp\/v2\/comments?post=20587"}],"version-history":[{"count":7,"href":"https:\/\/prometheus.museum\/ca\/wp-json\/wp\/v2\/pages\/20587\/revisions"}],"predecessor-version":[{"id":21376,"href":"https:\/\/prometheus.museum\/ca\/wp-json\/wp\/v2\/pages\/20587\/revisions\/21376"}],"up":[{"embeddable":true,"href":"https:\/\/prometheus.museum\/ca\/wp-json\/wp\/v2\/pages\/20564"}],"wp:attachment":[{"href":"https:\/\/prometheus.museum\/ca\/wp-json\/wp\/v2\/media?parent=20587"}],"curies":[{"name":"wp","href":"https:\/\/api.w.org\/{rel}","templated":true}]}}