{"id":20591,"date":"2022-04-29T06:02:10","date_gmt":"2022-04-29T06:02:10","guid":{"rendered":"https:\/\/prometheus.museum\/musee-des-enfants\/la-fete-et-les-enfants\/"},"modified":"2022-04-29T06:02:10","modified_gmt":"2022-04-29T06:02:10","slug":"la-fete-et-les-enfants","status":"publish","type":"page","link":"https:\/\/prometheus.museum\/ca\/musee-des-enfants\/la-fete-et-les-enfants\/","title":{"rendered":"La f\u00eate et les enfants"},"content":{"rendered":"<p>[vc_row][vc_column]<div class=\"grve-element grve-slogan grve-align-center grve-animated-item grve-fadeInUp\" style=\"\" data-delay=\"200\"><h2 class=\"grve-slogan-title grve-align-center grve-h2\"><span>Pr\u00e9sentation interactive - Questions<\/span><\/h2>  <p class=\"grve-leader-text\">Quelles sont les F\u00eates du feu des solstices dans les Pyr\u00e9n\u00e9es ?<br \/>\nD\u00e9couvrez les f\u00eates avec les questions suivantes !<br \/>\n<\/p><\/div><div class=\"grve-element grve-hr \" style=\"padding-top: 15px;padding-bottom: 55px;\"><div class=\"grve-dashed-line-divider\"><\/div><\/div>[\/vc_column][\/vc_row]<\/p>\n","protected":false},"excerpt":{"rendered":"<p>[vc_row][vc_column][\/vc_column][\/vc_row]<\/p>\n","protected":false},"author":1,"featured_media":0,"parent":20564,"menu_order":0,"comment_status":"closed","ping_status":"open","template":"page-templates\/template-musee-enfants.php","meta":{"_monsterinsights_skip_tracking":false,"_monsterinsights_sitenote_active":false,"_monsterinsights_sitenote_note":"","_monsterinsights_sitenote_category":0,"_uf_show_specific_survey":0,"_uf_disable_surveys":false,"footnotes":""},"class_list":["post-20591","page","type-page","status-publish","hentry"],"_links":{"self":[{"href":"https:\/\/prometheus.museum\/ca\/wp-json\/wp\/v2\/pages\/20591","targetHints":{"allow":["GET"]}}],"collection":[{"href":"https:\/\/prometheus.museum\/ca\/wp-json\/wp\/v2\/pages"}],"about":[{"href":"https:\/\/prometheus.museum\/ca\/wp-json\/wp\/v2\/types\/page"}],"author":[{"embeddable":true,"href":"https:\/\/prometheus.museum\/ca\/wp-json\/wp\/v2\/users\/1"}],"replies":[{"embeddable":true,"href":"https:\/\/prometheus.museum\/ca\/wp-json\/wp\/v2\/comments?post=20591"}],"version-history":[{"count":0,"href":"https:\/\/prometheus.museum\/ca\/wp-json\/wp\/v2\/pages\/20591\/revisions"}],"up":[{"embeddable":true,"href":"https:\/\/prometheus.museum\/ca\/wp-json\/wp\/v2\/pages\/20564"}],"wp:attachment":[{"href":"https:\/\/prometheus.museum\/ca\/wp-json\/wp\/v2\/media?parent=20591"}],"curies":[{"name":"wp","href":"https:\/\/api.w.org\/{rel}","templated":true}]}}