{"id":20599,"date":"2022-04-18T16:18:27","date_gmt":"2022-04-18T16:18:27","guid":{"rendered":"https:\/\/prometheus.museum\/musee\/"},"modified":"2022-10-21T10:12:25","modified_gmt":"2022-10-21T08:12:25","slug":"guies","status":"publish","type":"page","link":"https:\/\/prometheus.museum\/ca\/guies\/","title":{"rendered":"Guies"},"content":{"rendered":"<p>[vc_row heading_color=&#8221;primary-5&#8243; section_type=&#8221;fullwidth&#8221; header_feature=&#8221;yes&#8221; margin_bottom=&#8221;35&#8243; section_id=&#8221;guides&#8221; font_color=&#8221;#fbeedd&#8221;][vc_column css=&#8221;.vc_custom_1652595888764{padding-right: 4% !important;padding-left: 4% !important;background-position: center !important;background-repeat: no-repeat !important;background-size: cover !important;}&#8221;][vc_row_inner css=&#8221;.vc_custom_1655909739389{margin-right: 4% !important;margin-left: 4% !important;padding-top: 65px !important;padding-bottom: 15px !important;}&#8221;][vc_column_inner width=&#8221;1\/2&#8243; css=&#8221;.vc_custom_1652712918727{padding-left: 4% !important;}&#8221;]<div class=\"grve-element grve-slogan grve-align-right\" style=\"\"><h2 class=\"grve-slogan-title grve-align-right grve-h2\"><span style=\"font-size: 120%; line-height: 1.120em;\">D\u00e9couvrir les feux avec Esperanceta, Isaura ou P\u00e8ir<\/span><\/h2><\/div>[\/vc_column_inner][vc_column_inner width=&#8221;1\/2&#8243; css=&#8221;.vc_custom_1655909326464{padding-top: 10px !important;padding-right: 3% !important;}&#8221;][vc_column_text]<\/p>\n<p style=\"text-align: left;\">Pour avoir une exp\u00e9rience diff\u00e9rente et explorer le mus\u00e9e avec un guide, choisissez un des acteurs pyr\u00e9n\u00e9ens de <em>la Catalogne<\/em>, de <em>l\u2019Espagne<\/em>, de la France ou plus sp\u00e9cifiquement de <em>l\u2019Occitanie<\/em>.[\/vc_column_text][\/vc_column_inner][\/vc_row_inner][vc_row_inner css=&#8221;.vc_custom_1655908718290{margin-right: 4% !important;margin-left: 4% !important;padding-top: 35px !important;padding-bottom: 35px !important;}&#8221;][vc_column_inner width=&#8221;1\/2&#8243; css=&#8221;.vc_custom_1652712918727{padding-left: 4% !important;}&#8221;][vc_column_text]<\/p>\n<p style=\"text-align: right;\"><strong><span style=\"color: #fac917;\">Esperanceta de Casa Gassia<\/span><\/strong><br \/>\n(\u00c9comus\u00e9e des Valls d\u2019\u00c0neu). Une femme du territoire (Pallars) qui fait les fallas.<br \/>\n<em>En catalan<\/em>.<\/p>\n<p style=\"text-align: right;\"><strong><span style=\"color: #fac917;\">Esperanceta de Casa Gassia <\/span><\/strong><br \/>\n(\u00c9comus\u00e9e des Valls d\u2019\u00c0neu). Une femme du territoire (Pallars) qui fait les fallas.<br \/>\n<em>En <a href=\"https:\/\/prometheus.museum\/es\/visita-guiada\/\">espagnol<\/a><\/em>.<\/p>\n<p>[\/vc_column_text][\/vc_column_inner][vc_column_inner width=&#8221;1\/2&#8243;]<div class=\"grve-element grve-image grve-animated-item grve-fadeInRight grve-align-left\" style=\"\" data-delay=\"200\"><img loading=\"lazy\" decoding=\"async\" width=\"140\" height=\"175\" src=\"https:\/\/prometheus.museum\/wp-content\/uploads\/2022\/06\/portrait-Esperanceta.png\" class=\"attachment-full size-full\" alt=\"Esperanceta\" srcset=\"https:\/\/prometheus.museum\/wp-content\/uploads\/2022\/06\/portrait-Esperanceta.png 1x,https:\/\/prometheus.museum\/wp-content\/uploads\/2022\/06\/portrait-Esperanceta-retina.png 2x\" \/><\/div>[\/vc_column_inner][\/vc_row_inner][vc_row_inner css=&#8221;.vc_custom_1655908986801{margin-right: 4% !important;margin-left: 4% !important;padding-bottom: 35px !important;}&#8221;][vc_column_inner width=&#8221;1\/2&#8243; css=&#8221;.vc_custom_1652712918727{padding-left: 4% !important;}&#8221;][vc_column_text]<\/p>\n<p style=\"text-align: right;\"><strong><span style=\"color: #fac917;\">Isaura<\/span><\/strong><br \/>\nUne guide qui vous parle des brandons, haros et falles des Pyr\u00e9n\u00e9es.<br \/>\n<em>En <a href=\"https:\/\/prometheus.museum\/musee\/\">fran\u00e7ais<\/a><\/em>.<\/p>\n<p>[\/vc_column_text][\/vc_column_inner][vc_column_inner width=&#8221;1\/2&#8243;]<div class=\"grve-element grve-image grve-animated-item grve-fadeInRight grve-align-left\" style=\"\" data-delay=\"200\"><img loading=\"lazy\" decoding=\"async\" width=\"160\" height=\"175\" src=\"https:\/\/prometheus.museum\/wp-content\/uploads\/2022\/06\/portrait-Isaura-1.png\" class=\"attachment-full size-full\" alt=\"Isaura\" srcset=\"https:\/\/prometheus.museum\/wp-content\/uploads\/2022\/06\/portrait-Isaura-1.png 1x,https:\/\/prometheus.museum\/wp-content\/uploads\/2022\/06\/portrait-Isaura-retina-1.png 2x\" \/><\/div>[\/vc_column_inner][\/vc_row_inner][vc_row_inner css=&#8221;.vc_custom_1655909089062{margin-right: 4% !important;margin-left: 4% !important;padding-bottom: 5px !important;}&#8221;][vc_column_inner width=&#8221;1\/2&#8243; css=&#8221;.vc_custom_1652712918727{padding-left: 4% !important;}&#8221;][vc_column_text]<\/p>\n<p style=\"text-align: right;\"><strong><span style=\"color: #fac917;\">P\u00e8ir<\/span><\/strong><br \/>\nUn guide qui vous parle des brandons, haros et falles des Pyr\u00e9n\u00e9es dans la langue locale.<br \/>\n<em>En <a href=\"#\">occitan<\/a> (gascon)<\/em>.<\/p>\n<p>[\/vc_column_text][\/vc_column_inner][vc_column_inner width=&#8221;1\/2&#8243;]<div class=\"grve-element grve-image grve-animated-item grve-fadeInRight grve-align-left\" style=\"\" data-delay=\"200\"><img loading=\"lazy\" decoding=\"async\" width=\"170\" height=\"175\" src=\"https:\/\/prometheus.museum\/wp-content\/uploads\/2022\/06\/portrait-Peir.png\" class=\"attachment-full size-full\" alt=\"P\u00e8ir\" srcset=\"https:\/\/prometheus.museum\/wp-content\/uploads\/2022\/06\/portrait-Peir.png 1x,https:\/\/prometheus.museum\/wp-content\/uploads\/2022\/06\/portrait-Peir-retina.png 2x\" \/><\/div>[\/vc_column_inner][\/vc_row_inner][\/vc_column][\/vc_row][vc_row padding_top=&#8221;65&#8243; margin_bottom=&#8221;35&#8243;][vc_column]<div class=\"grve-element grve-hr \" style=\"padding-top: 5px;padding-bottom: 25px;\"><div class=\"grve-dashed-line-divider\"><\/div><\/div>[\/vc_column][\/vc_row][vc_row section_type=&#8221;fullwidth&#8221; column_gap=&#8221;40&#8243;][vc_column css=&#8221;.vc_custom_1654634368803{padding-top: 45px !important;padding-right: 4% !important;padding-left: 4% !important;}&#8221;][vc_row_inner css=&#8221;.vc_custom_1659434092653{padding-bottom: 45px !important;}&#8221;][vc_column_inner width=&#8221;1\/3&#8243; css=&#8221;.vc_custom_1655817736158{margin-top: -40px !important;}&#8221;]<div class=\"grve-element grve-image grve-animated-item grve-fadeInLeft grve-align-right\" style=\"margin-bottom: 0px;\" data-delay=\"200\"><img loading=\"lazy\" decoding=\"async\" width=\"140\" height=\"175\" src=\"https:\/\/prometheus.museum\/wp-content\/uploads\/2022\/09\/portrait-Esperanceta.png\" class=\"attachment-full size-full\" alt=\"Esperanceta\" srcset=\"https:\/\/prometheus.museum\/wp-content\/uploads\/2022\/09\/portrait-Esperanceta.png 1x,https:\/\/prometheus.museum\/wp-content\/uploads\/2022\/09\/portrait-Esperanceta-retina.png 2x\" \/><\/div>[\/vc_column_inner][vc_column_inner width=&#8221;2\/3&#8243; css=&#8221;.vc_custom_1655817880751{padding-top: 15px !important;}&#8221;]<div class=\"grve-element grve-slogan grve-align-left\" style=\"\"><h2 class=\"grve-slogan-title grve-align-left grve-h2\"><span style=\"font-size: 120%; line-height: 1.120em;\">Visita del Museu amb Esperanceta<\/span><\/h2><\/div>[\/vc_column_inner][\/vc_row_inner][\/vc_column][\/vc_row][vc_row section_type=&#8221;fullwidth&#8221; column_gap=&#8221;40&#8243; margin_bottom=&#8221;35&#8243;][vc_column heading_color=&#8221;primary-2&#8243; css=&#8221;.vc_custom_1654633302934{padding-right: 4% !important;padding-left: 4% !important;}&#8221;][vc_row_inner css=&#8221;.vc_custom_1654849294483{margin-bottom: 45px !important;}&#8221;][vc_column_inner width=&#8221;1\/3&#8243;]<div class=\"grve-element grve-slogan grve-align-left\" style=\"margin-bottom: -80px;\"><h2 class=\"grve-slogan-title grve-align-left grve-h1\"><span style=\"font-size: 140%; line-height: 1.120em;\">1<\/span><\/h2><\/div>[vc_raw_html css=&#8221;.vc_custom_1663344094795{margin-bottom: 0px !important;padding-bottom: 0px !important;}&#8221;]JTVCRWxpdGVfdmlkZW9fcGxheWVyJTIwaWQlM0QlMjIyNyUyMiU1RA==[\/vc_raw_html]<div class=\"grve-element grve-slogan grve-align-left\" style=\"\"><div class=\"grve-btn-wrapper\"><a href=\"https:\/\/prometheus.museum\/ca\/\" class=\"grve-btn grve-btn-small grve-round grve-bg-primary-2 grve-bg-hover-primary-1\"><span>Entra a la secci\u00f3<\/span><\/a><\/div><\/div>[\/vc_column_inner][vc_column_inner width=&#8221;1\/3&#8243;]<div class=\"grve-element grve-slogan grve-align-left\" style=\"margin-bottom: -80px;\"><h2 class=\"grve-slogan-title grve-align-left grve-h1\"><span style=\"font-size: 140%; line-height: 1.120em;\">2<\/span><\/h2><\/div>[vc_raw_html css=&#8221;.vc_custom_1663343542704{margin-bottom: 0px !important;padding-bottom: 0px !important;}&#8221;]JTVCRWxpdGVfdmlkZW9fcGxheWVyJTIwaWQlM0QlMjIyOCUyMiU1RA==[\/vc_raw_html]<div class=\"grve-element grve-slogan grve-align-left\" style=\"\"><div class=\"grve-btn-wrapper\"><a href=\"https:\/\/prometheus.museum\/ca\/pci-unesco\/\" class=\"grve-btn grve-btn-small grve-round grve-bg-primary-2 grve-bg-hover-primary-1\"><span>Entra a la secci\u00f3<\/span><\/a><\/div><\/div>[\/vc_column_inner][vc_column_inner width=&#8221;1\/3&#8243;]<div class=\"grve-element grve-slogan grve-align-left\" style=\"margin-bottom: -80px;\"><h2 class=\"grve-slogan-title grve-align-left grve-h1\"><span style=\"font-size: 140%; line-height: 1.120em;\">3<\/span><\/h2><\/div>[vc_raw_html css=&#8221;.vc_custom_1663343550871{margin-bottom: 0px !important;padding-bottom: 0px !important;}&#8221;]JTVCRWxpdGVfdmlkZW9fcGxheWVyJTIwaWQlM0QlMjIyOSUyMiU1RA==[\/vc_raw_html]<div class=\"grve-element grve-slogan grve-align-left\" style=\"\"><div class=\"grve-btn-wrapper\"><a href=\"https:\/\/prometheus.museum\/ca\/mapa-interactiu\/\" class=\"grve-btn grve-btn-small grve-round grve-bg-primary-2 grve-bg-hover-primary-1\"><span>Entra a la secci\u00f3<\/span><\/a><\/div><\/div>[\/vc_column_inner][\/vc_row_inner][vc_row_inner css=&#8221;.vc_custom_1663344235100{margin-bottom: 45px !important;}&#8221;][vc_column_inner width=&#8221;1\/3&#8243;]<div class=\"grve-element grve-slogan grve-align-left\" style=\"margin-bottom: -80px;\"><h2 class=\"grve-slogan-title grve-align-left grve-h1\"><span style=\"font-size: 140%; line-height: 1.120em;\">4<\/span><\/h2><\/div>[vc_raw_html css=&#8221;.vc_custom_1663343558891{margin-bottom: 0px !important;padding-bottom: 0px !important;}&#8221;]JTVCRWxpdGVfdmlkZW9fcGxheWVyJTIwaWQlM0QlMjIzMCUyMiU1RA==[\/vc_raw_html]<div class=\"grve-element grve-slogan grve-align-left\" style=\"\"><div class=\"grve-btn-wrapper\"><a href=\"https:\/\/prometheus.museum\/ca\/foc-i-festes\/3-2\/\" class=\"grve-btn grve-btn-small grve-round grve-bg-primary-2 grve-bg-hover-primary-1\"><span>Entra a la secci\u00f3<\/span><\/a><\/div><\/div>[\/vc_column_inner][vc_column_inner width=&#8221;1\/3&#8243;]<div class=\"grve-element grve-slogan grve-align-left\" style=\"margin-bottom: -80px;\"><h2 class=\"grve-slogan-title grve-align-left grve-h1\"><span style=\"font-size: 140%; line-height: 1.120em;\">5<\/span><\/h2><\/div>[vc_raw_html css=&#8221;.vc_custom_1663343567163{margin-bottom: 0px !important;padding-bottom: 0px !important;}&#8221;]JTVCRWxpdGVfdmlkZW9fcGxheWVyJTIwaWQlM0QlMjIzMSUyMiU1RA==[\/vc_raw_html]<div class=\"grve-element grve-slogan grve-align-left\" style=\"\"><div class=\"grve-btn-wrapper\"><a href=\"https:\/\/prometheus.museum\/ca\/foc-i-festes\/3-3\/\" class=\"grve-btn grve-btn-small grve-round grve-bg-primary-2 grve-bg-hover-primary-1\"><span>Entra a la secci\u00f3<\/span><\/a><\/div><\/div>[\/vc_column_inner][vc_column_inner width=&#8221;1\/3&#8243;]<div class=\"grve-element grve-slogan grve-align-left\" style=\"margin-bottom: -80px;\"><h2 class=\"grve-slogan-title grve-align-left grve-h1\"><span style=\"font-size: 140%; line-height: 1.120em;\">6<\/span><\/h2><\/div>[vc_raw_html css=&#8221;.vc_custom_1663344099313{margin-bottom: 0px !important;padding-bottom: 0px !important;}&#8221;]JTVCRWxpdGVfdmlkZW9fcGxheWVyJTIwaWQlM0QlMjIzMiUyMiU1RA==[\/vc_raw_html]<div class=\"grve-element grve-slogan grve-align-left\" style=\"\"><div class=\"grve-btn-wrapper\"><a href=\"https:\/\/prometheus.museum\/ca\/foc-i-festes\/3-4\/\" class=\"grve-btn grve-btn-small grve-round grve-bg-primary-2 grve-bg-hover-primary-1\"><span>Entra a la secci\u00f3<\/span><\/a><\/div><\/div>[\/vc_column_inner][\/vc_row_inner][vc_row_inner css=&#8221;.vc_custom_1663344240753{margin-bottom: 45px !important;}&#8221;][vc_column_inner width=&#8221;1\/3&#8243;]<div class=\"grve-element grve-slogan grve-align-left\" style=\"margin-bottom: -80px;\"><h2 class=\"grve-slogan-title grve-align-left grve-h1\"><span style=\"font-size: 140%; line-height: 1.120em;\">7<\/span><\/h2><\/div>[vc_raw_html css=&#8221;.vc_custom_1663344277599{margin-bottom: 0px !important;padding-bottom: 0px !important;}&#8221;]JTVCRWxpdGVfdmlkZW9fcGxheWVyJTIwaWQlM0QlMjIzMyUyMiU1RA==[\/vc_raw_html]<div class=\"grve-element grve-slogan grve-align-left\" style=\"\"><div class=\"grve-btn-wrapper\"><a href=\"https:\/\/prometheus.museum\/ca\/foc-i-festes\/3-5\/\" class=\"grve-btn grve-btn-small grve-round grve-bg-primary-2 grve-bg-hover-primary-1\"><span>Entra a la secci\u00f3<\/span><\/a><\/div><\/div>[\/vc_column_inner][vc_column_inner width=&#8221;1\/3&#8243;]<div class=\"grve-element grve-slogan grve-align-left\" style=\"margin-bottom: -80px;\"><h2 class=\"grve-slogan-title grve-align-left grve-h1\"><span style=\"font-size: 140%; line-height: 1.120em;\">8<\/span><\/h2><\/div>[vc_raw_html css=&#8221;.vc_custom_1663344283481{margin-bottom: 0px !important;padding-bottom: 0px !important;}&#8221;]JTVCRWxpdGVfdmlkZW9fcGxheWVyJTIwaWQlM0QlMjIzNCUyMiU1RA==[\/vc_raw_html]<div class=\"grve-element grve-slogan grve-align-left\" style=\"\"><div class=\"grve-btn-wrapper\"><a href=\"https:\/\/prometheus.museum\/ca\/foc-i-festes\/3-6\/\" class=\"grve-btn grve-btn-small grve-round grve-bg-primary-2 grve-bg-hover-primary-1\"><span>Entra a la secci\u00f3<\/span><\/a><\/div><\/div>[\/vc_column_inner][vc_column_inner width=&#8221;1\/3&#8243;]<div class=\"grve-element grve-slogan grve-align-left\" style=\"margin-bottom: -80px;\"><h2 class=\"grve-slogan-title grve-align-left grve-h1\"><span style=\"font-size: 140%; line-height: 1.120em;\">9<\/span><\/h2><\/div>[vc_raw_html css=&#8221;.vc_custom_1663344289234{margin-bottom: 0px !important;padding-bottom: 0px !important;}&#8221;]JTVCRWxpdGVfdmlkZW9fcGxheWVyJTIwaWQlM0QlMjIzNSUyMiU1RA==[\/vc_raw_html]<div class=\"grve-element grve-slogan grve-align-left\" style=\"\"><div class=\"grve-btn-wrapper\"><a href=\"https:\/\/prometheus.museum\/ca\/foc-i-festes\/3-13\/\" class=\"grve-btn grve-btn-small grve-round grve-bg-primary-2 grve-bg-hover-primary-1\"><span>Entra a la secci\u00f3<\/span><\/a><\/div><\/div>[\/vc_column_inner][\/vc_row_inner][vc_row_inner css=&#8221;.vc_custom_1663344246387{margin-bottom: 45px !important;}&#8221;][vc_column_inner width=&#8221;1\/3&#8243;]<div class=\"grve-element grve-slogan grve-align-left\" style=\"margin-bottom: -80px;\"><h2 class=\"grve-slogan-title grve-align-left grve-h1\"><span style=\"font-size: 140%; line-height: 1.120em;\">10<\/span><\/h2><\/div>[vc_raw_html css=&#8221;.vc_custom_1663344298118{margin-bottom: 0px !important;padding-bottom: 0px !important;}&#8221;]JTVCRWxpdGVfdmlkZW9fcGxheWVyJTIwaWQlM0QlMjIzNiUyMiU1RA==[\/vc_raw_html]<div class=\"grve-element grve-slogan grve-align-left\" style=\"\"><div class=\"grve-btn-wrapper\"><a href=\"https:\/\/prometheus.museum\/ca\/foc-i-festes\/3-8\/\" class=\"grve-btn grve-btn-small grve-round grve-bg-primary-2 grve-bg-hover-primary-1\"><span>Entra a la secci\u00f3<\/span><\/a><\/div><\/div>[\/vc_column_inner][vc_column_inner width=&#8221;1\/3&#8243;]<div class=\"grve-element grve-slogan grve-align-left\" style=\"margin-bottom: -80px;\"><h2 class=\"grve-slogan-title grve-align-left grve-h1\"><span style=\"font-size: 140%; line-height: 1.120em;\">11<\/span><\/h2><\/div>[vc_raw_html css=&#8221;.vc_custom_1663344303887{margin-bottom: 0px !important;padding-bottom: 0px !important;}&#8221;]JTVCRWxpdGVfdmlkZW9fcGxheWVyJTIwaWQlM0QlMjIzNyUyMiU1RA==[\/vc_raw_html]<div class=\"grve-element grve-slogan grve-align-left\" style=\"\"><div class=\"grve-btn-wrapper\"><a href=\"https:\/\/prometheus.museum\/ca\/foc-i-festes\/3-9\/\" class=\"grve-btn grve-btn-small grve-round grve-bg-primary-2 grve-bg-hover-primary-1\"><span>Entra a la secci\u00f3<\/span><\/a><\/div><\/div>[\/vc_column_inner][vc_column_inner width=&#8221;1\/3&#8243;]<div class=\"grve-element grve-slogan grve-align-left\" style=\"margin-bottom: -80px;\"><h2 class=\"grve-slogan-title grve-align-left grve-h1\"><span style=\"font-size: 140%; line-height: 1.120em;\">12<\/span><\/h2><\/div>[vc_raw_html css=&#8221;.vc_custom_1663344310538{margin-bottom: 0px !important;padding-bottom: 0px !important;}&#8221;]JTVCRWxpdGVfdmlkZW9fcGxheWVyJTIwaWQlM0QlMjIzOCUyMiU1RA==[\/vc_raw_html]<div class=\"grve-element grve-slogan grve-align-left\" style=\"\"><div class=\"grve-btn-wrapper\"><a href=\"https:\/\/prometheus.museum\/ca\/foc-i-festes\/3-10\/\" class=\"grve-btn grve-btn-small grve-round grve-bg-primary-2 grve-bg-hover-primary-1\"><span>Entra a la secci\u00f3<\/span><\/a><\/div><\/div>[\/vc_column_inner][\/vc_row_inner][vc_row_inner][vc_column_inner width=&#8221;1\/3&#8243;]<div class=\"grve-element grve-slogan grve-align-left\" style=\"margin-bottom: -80px;\"><h2 class=\"grve-slogan-title grve-align-left grve-h1\"><span style=\"font-size: 140%; line-height: 1.120em;\">13<\/span><\/h2><\/div>[vc_raw_html css=&#8221;.vc_custom_1663344318057{margin-bottom: 0px !important;padding-bottom: 0px !important;}&#8221;]JTVCRWxpdGVfdmlkZW9fcGxheWVyJTIwaWQlM0QlMjIzOSUyMiU1RA==[\/vc_raw_html]<div class=\"grve-element grve-slogan grve-align-left\" style=\"\"><div class=\"grve-btn-wrapper\"><a href=\"https:\/\/prometheus.museum\/ca\/foc-i-festes\/3-11\/\" class=\"grve-btn grve-btn-small grve-round grve-bg-primary-2 grve-bg-hover-primary-1\"><span>Entra a la secci\u00f3<\/span><\/a><\/div><\/div>[\/vc_column_inner][vc_column_inner width=&#8221;1\/3&#8243;]<div class=\"grve-element grve-slogan grve-align-left\" style=\"margin-bottom: -80px;\"><h2 class=\"grve-slogan-title grve-align-left grve-h1\"><span style=\"font-size: 140%; line-height: 1.120em;\">14<\/span><\/h2><\/div>[vc_raw_html css=&#8221;.vc_custom_1663344323659{margin-bottom: 0px !important;padding-bottom: 0px !important;}&#8221;]JTVCRWxpdGVfdmlkZW9fcGxheWVyJTIwaWQlM0QlMjI0MCUyMiU1RA==[\/vc_raw_html]<div class=\"grve-element grve-slogan grve-align-left\" style=\"\"><div class=\"grve-btn-wrapper\"><a href=\"https:\/\/prometheus.museum\/ca\/foc-i-festes\/3-15\/\" class=\"grve-btn grve-btn-small grve-round grve-bg-primary-2 grve-bg-hover-primary-1\"><span>Entra a la secci\u00f3<\/span><\/a><\/div><\/div>[\/vc_column_inner][vc_column_inner width=&#8221;1\/3&#8243;][\/vc_column_inner][\/vc_row_inner][\/vc_column][\/vc_row]<\/p>\n","protected":false},"excerpt":{"rendered":"<p>[vc_row heading_color=&#8221;primary-5&#8243; section_type=&#8221;fullwidth&#8221; header_feature=&#8221;yes&#8221; margin_bottom=&#8221;35&#8243; section_id=&#8221;guides&#8221; font_color=&#8221;#fbeedd&#8221;][vc_column css=&#8221;.vc_custom_1652595888764{padding-right: 4% !important;padding-left: 4% !important;background-position: center !important;background-repeat: no-repeat !important;background-size: cover !important;}&#8221;][vc_row_inner css=&#8221;.vc_custom_1655909739389{margin-right: 4% !important;margin-left: 4% !important;padding-top: 65px !important;padding-bottom: 15px !important;}&#8221;][vc_column_inner width=&#8221;1\/2&#8243; css=&#8221;.vc_custom_1652712918727{padding-left: 4% !important;}&#8221;][\/vc_column_inner][vc_column_inner width=&#8221;1\/2&#8243; css=&#8221;.vc_custom_1655909326464{padding-top: 10px !important;padding-right: 3% !important;}&#8221;][vc_column_text] Pour avoir une exp\u00e9rience diff\u00e9rente et explorer le mus\u00e9e avec un guide, choisissez un des acteurs pyr\u00e9n\u00e9ens de [&hellip;]<\/p>\n","protected":false},"author":1,"featured_media":0,"parent":0,"menu_order":0,"comment_status":"closed","ping_status":"open","template":"page-templates\/template-guidee.php","meta":{"_monsterinsights_skip_tracking":false,"_monsterinsights_sitenote_active":false,"_monsterinsights_sitenote_note":"","_monsterinsights_sitenote_category":0,"_uf_show_specific_survey":0,"_uf_disable_surveys":false,"footnotes":""},"class_list":["post-20599","page","type-page","status-publish","hentry"],"_links":{"self":[{"href":"https:\/\/prometheus.museum\/ca\/wp-json\/wp\/v2\/pages\/20599","targetHints":{"allow":["GET"]}}],"collection":[{"href":"https:\/\/prometheus.museum\/ca\/wp-json\/wp\/v2\/pages"}],"about":[{"href":"https:\/\/prometheus.museum\/ca\/wp-json\/wp\/v2\/types\/page"}],"author":[{"embeddable":true,"href":"https:\/\/prometheus.museum\/ca\/wp-json\/wp\/v2\/users\/1"}],"replies":[{"embeddable":true,"href":"https:\/\/prometheus.museum\/ca\/wp-json\/wp\/v2\/comments?post=20599"}],"version-history":[{"count":17,"href":"https:\/\/prometheus.museum\/ca\/wp-json\/wp\/v2\/pages\/20599\/revisions"}],"predecessor-version":[{"id":23310,"href":"https:\/\/prometheus.museum\/ca\/wp-json\/wp\/v2\/pages\/20599\/revisions\/23310"}],"wp:attachment":[{"href":"https:\/\/prometheus.museum\/ca\/wp-json\/wp\/v2\/media?parent=20599"}],"curies":[{"name":"wp","href":"https:\/\/api.w.org\/{rel}","templated":true}]}}