{"id":20608,"date":"2022-01-27T11:41:08","date_gmt":"2022-01-27T11:41:08","guid":{"rendered":"https:\/\/prometheus.museum\/gestion-des-cookies\/"},"modified":"2022-09-16T10:57:49","modified_gmt":"2022-09-16T08:57:49","slug":"gestion-des-cookies","status":"publish","type":"page","link":"https:\/\/prometheus.museum\/ca\/gestion-des-cookies\/","title":{"rendered":"Gesti\u00f3 de cookies"},"content":{"rendered":"<p>[vc_row][vc_column]<div class=\"grve-element grve-hr \" style=\"padding-bottom: 45px;\"><div class=\"grve-dashed-line-divider\"><\/div><\/div>[vc_row_inner][vc_column_inner][vc_column_text]<\/p>\n<h3>Pol\u00edtica de gesti\u00f3 de cookies<\/h3>\n<p>En consultar el lloc prometheus.museum, les cookies es col\u00b7loquen al vostre ordinador, m\u00f2bil o tauleta.<br \/>\nAquesta p\u00e0gina permet entendre millor com funcionen les cookies i com utilitzar les eines actuals per configurar-les.<\/p>\n<p>1- Qu\u00e8 \u00e9s una galeta?<br \/>\n2 \u2013 Quins s\u00f3n els diferents tipus de cookies que s&#8217;utilitzen en aquest lloc?<br \/>\n3 \u2013 Com acceptar o rebutjar les cookies?<\/p>\n<h4>1- Qu\u00e8 \u00e9s una galeta?<\/h4>\n<p>Una cookie \u00e9s un petit fitxer en format alfanum\u00e8ric col\u00b7locat al disc dur de l&#8217;usuari pel servidor del lloc visitat o per un servidor de tercers (ag\u00e8ncia de publicitat, servei d&#8217;an\u00e0lisi web, etc.).<br \/>\nEl terme cookie s&#8217;ha d&#8217;entendre en un sentit ampli i inclou tots els tra\u00e7adors (etiquetes de p\u00edxels, errors, emmagatzematge web, etc.) dipositats i\/o llegits, per exemple, en consultar un lloc web o una aplicaci\u00f3 m\u00f2bil o en visualitzar un anunci.<\/p>\n<p>Cont\u00e9 diverses dades:<\/p>\n<ul>\n<li>el nom del servidor que l&#8217;ha dipositat<\/li>\n<li>un identificador en forma de n\u00famero \u00fanic<\/li>\n<li>possiblement una data de caducitat<\/li>\n<\/ul>\n<p>Aquesta informaci\u00f3 de vegades s&#8217;emmagatzema al vostre ordinador o tel\u00e8fon intel\u00b7ligent en un fitxer de text senzill al qual accedeix un servidor per llegir i desar informaci\u00f3.<br \/>\nLa finalitat de les cookies \u00e9s, en particular, recollir informaci\u00f3 relacionada amb la seva navegaci\u00f3 en aquest lloc.<br \/>\nAl vostre ordinador, les cookies s\u00f3n gestionades pel vostre navegador d&#8217;Internet (Internet Explorer, Firefox, Safari o Google Chrome).<br \/>\nEs poden dipositar en navegar per aquest lloc.<\/p>\n<h4>2 \u2013 Quins s\u00f3n els diferents tipus de cookies que s&#8217;utilitzen en aquest lloc?<\/h4>\n<p>En aquest lloc s&#8217;utilitzen diferents tipus de cookies, tenen diferents finalitats. Alguns s\u00f3n necessaris per al vostre \u00fas d&#8217;aquest lloc.<br \/>\n<strong>Cookies estrictament necess\u00e0ries<\/strong><br \/>\nS\u00f3n cookies necess\u00e0ries per al funcionament d&#8217;aquest lloc. Us permeten utilitzar les principals caracter\u00edstiques d&#8217;aquest lloc.<br \/>\n<strong>Cookies anal\u00edtiques<\/strong><br \/>\nS\u00f3n cookies que permeten con\u00e8ixer l&#8217;\u00fas i el rendiment d&#8217;aquest lloc i millorar-ne el funcionament (per exemple, les p\u00e0gines m\u00e9s consultades, etc.).<\/p>\n<h4>3 \u2013 Com acceptar o rebutjar les cookies?<\/h4>\n<p>La majoria dels navegadors us permeten gestionar les vostres galetes preferides. Podeu configurar el vostre navegador per rebutjar o esborrar determinades cookies. En general, tamb\u00e9 podeu gestionar tecnologies similars de la mateixa manera, utilitzant els vostres navegadors preferits.<\/p>\n<p>Els enlla\u00e7os seg\u00fcents us mostren com configurar les cookies segons els navegadors:<\/p>\n<ul>\n<li>Si utilitzeu el navegador Internet Explorer : <a href=\"http:\/\/windows.microsoft.com\/fr-FR\/windows-vista\/Block-or-allow-cookies\" target=\"_blank\" rel=\"noopener noreferrer\">www.windows.microsoft.com\/fr-FR\/windows-vista\/Block-or-allow-cookies<\/a><\/li>\n<li>Per al navegador Firefox <a href=\"http:\/\/support.mozilla.org\/fr\/kb\/activer-desactiver-cookies\" target=\"_blank\" rel=\"noopener noreferrer\">www.support.mozilla.org\/fr\/kb\/activer-desactiver-cookies<\/a><\/li>\n<li>Si utilitzeu el navegador Google Chrome : <a href=\"https:\/\/support.google.com\/chrome\/answer\/95647?hl=ca\" target=\"_blank\" rel=\"noopener noreferrer\">www.support.google.com\/chrome\/answer\/95647?hl=ca<\/a><\/li>\n<\/ul>\n<p>Per a qualsevol informaci\u00f3, us convido a consultar el web de la CNIL a la seg\u00fcent adre\u00e7a:<br \/>\n<a href=\"https:\/\/www.cnil.fr\/fr\/cookies-les-outils-pour-les-maitriser\" target=\"_blank\" rel=\"noopener noreferrer\">www.cnil.fr\/fr\/cookies-les-outils-pour-les-maitriser<\/a>[\/vc_column_text][\/vc_column_inner][\/vc_row_inner][\/vc_column][\/vc_row]<\/p>\n","protected":false},"excerpt":{"rendered":"<p>[vc_row][vc_column][vc_row_inner][vc_column_inner][vc_column_text] Pol\u00edtica de gesti\u00f3 de cookies En consultar el lloc prometheus.museum, les cookies es col\u00b7loquen al vostre ordinador, m\u00f2bil o tauleta. Aquesta p\u00e0gina permet entendre millor com funcionen les cookies i com utilitzar les eines actuals per configurar-les. 1- Qu\u00e8 \u00e9s una galeta? 2 \u2013 Quins s\u00f3n els diferents tipus de cookies que s&#8217;utilitzen en [&hellip;]<\/p>\n","protected":false},"author":1,"featured_media":0,"parent":0,"menu_order":0,"comment_status":"closed","ping_status":"open","template":"page-templates\/template-intro.php","meta":{"_monsterinsights_skip_tracking":false,"_monsterinsights_sitenote_active":false,"_monsterinsights_sitenote_note":"","_monsterinsights_sitenote_category":0,"_uf_show_specific_survey":0,"_uf_disable_surveys":false,"footnotes":""},"class_list":["post-20608","page","type-page","status-publish","hentry"],"_links":{"self":[{"href":"https:\/\/prometheus.museum\/ca\/wp-json\/wp\/v2\/pages\/20608","targetHints":{"allow":["GET"]}}],"collection":[{"href":"https:\/\/prometheus.museum\/ca\/wp-json\/wp\/v2\/pages"}],"about":[{"href":"https:\/\/prometheus.museum\/ca\/wp-json\/wp\/v2\/types\/page"}],"author":[{"embeddable":true,"href":"https:\/\/prometheus.museum\/ca\/wp-json\/wp\/v2\/users\/1"}],"replies":[{"embeddable":true,"href":"https:\/\/prometheus.museum\/ca\/wp-json\/wp\/v2\/comments?post=20608"}],"version-history":[{"count":3,"href":"https:\/\/prometheus.museum\/ca\/wp-json\/wp\/v2\/pages\/20608\/revisions"}],"predecessor-version":[{"id":21382,"href":"https:\/\/prometheus.museum\/ca\/wp-json\/wp\/v2\/pages\/20608\/revisions\/21382"}],"wp:attachment":[{"href":"https:\/\/prometheus.museum\/ca\/wp-json\/wp\/v2\/media?parent=20608"}],"curies":[{"name":"wp","href":"https:\/\/api.w.org\/{rel}","templated":true}]}}