{"id":23214,"date":"2022-06-28T16:23:40","date_gmt":"2022-06-28T14:23:40","guid":{"rendered":"https:\/\/prometheus.museum\/creation-du-musee\/"},"modified":"2022-10-20T11:39:12","modified_gmt":"2022-10-20T09:39:12","slug":"museum-production","status":"publish","type":"page","link":"https:\/\/prometheus.museum\/en\/museum-production\/","title":{"rendered":"Museum production"},"content":{"rendered":"<p>[vc_row section_type=&#8221;fullwidth&#8221; header_feature=&#8221;yes&#8221; column_gap=&#8221;40&#8243; padding_top=&#8221;45&#8243; padding_bottom=&#8221;0&#8243; margin_bottom=&#8221;0&#8243;][vc_column css=&#8221;.vc_custom_1654634368803{padding-top: 45px !important;padding-right: 4% !important;padding-left: 4% !important;}&#8221;][vc_row_inner css=&#8221;.vc_custom_1657190714403{padding-bottom: 45px !important;}&#8221;][vc_column_inner width=&#8221;1\/2&#8243;][vc_column_text]The project to make this museum began in early 2020 within the Prometheus Interreg POCTEFA project.\u00a0 Shortly after, in full confinement and when the festivals could not be celebrated, we created a provisional museum of urgency, to replace in some way those parties that could not be celebrated in the streets of the villages. This is how the Prometheus.Museum began to walk.<\/p>\n<p>The Museum has been the result of a long process where many people have participated: the partners of the project, the associations and communities fallaires, the town halls of the villages, the researchers of the festivities . . .[\/vc_column_text][\/vc_column_inner][vc_column_inner width=&#8221;1\/2&#8243;][vc_column_text]The realization of the project has mobilized more than a hundred people among experts in anthropology and museology, specialists in didactics, journalists, artists, photographers, cameras, video makers, draftsmen, computer scientists, web designers, translators, &#8230; In many villages we have interviewed people who have explained their knowledge, their feelings, their concerns. Thank you all very much!<\/p>\n<p>In the following videos the members of the team explain their participation in the project and how it has been carried out. In the bibliographic references you will be able to know more about the philosophy and challenges of this virtual museum.[\/vc_column_text][\/vc_column_inner][\/vc_row_inner]<div class=\"grve-element grve-hr \" style=\"\"><span class=\"grve-title-line grve-bg-primary-5\" style=\"width: 100%;height: 1px;\"><\/span><\/div>[\/vc_column][\/vc_row][vc_row padding_top=&#8221;85&#8243;][vc_column css=&#8221;.vc_custom_1654634056785{padding-right: 4% !important;padding-left: 4% !important;}&#8221;]<div class=\"grve-element grve-slogan grve-align-center grve-animated-item grve-fadeInLeft\" style=\"margin-bottom: 75px;\" data-delay=\"200\"><h3 class=\"grve-slogan-title grve-align-center grve-h2\"><span style=\"font-size: 140%; line-height: 1.120em;\">Museum Coordination Team<span class=\"grve-title-line grve-bg-primary-1\" style=\"width: 35%;height: 1px;\"><\/span><\/span><\/h3><\/div>[vc_row_inner css=&#8221;.vc_custom_1657203054172{padding-top: 15px !important;}&#8221;][vc_column_inner width=&#8221;1\/4&#8243; css=&#8221;.vc_custom_1657191607738{padding-right: 4% !important;padding-bottom: 2% !important;padding-left: 8% !important;}&#8221;]<div class=\"grve-element grve-image grve-animated-item grve-fadeInLeft grve-align-right\" style=\"\" data-delay=\"200\"><img loading=\"lazy\" decoding=\"async\" width=\"500\" height=\"500\" src=\"https:\/\/prometheus.museum\/wp-content\/uploads\/2022\/06\/Portrait-Sofia.jpg\" class=\"grve-circle attachment-full size-full\" alt=\"Sofia\" srcset=\"https:\/\/prometheus.museum\/wp-content\/uploads\/2022\/06\/Portrait-Sofia.jpg 1x,https:\/\/prometheus.museum\/wp-content\/uploads\/2022\/06\/Portrait-Sofia-retina.jpg 2x\" \/><\/div>[\/vc_column_inner][vc_column_inner width=&#8221;1\/4&#8243; css=&#8221;.vc_custom_1657191574279{padding-top: 5px !important;}&#8221;]<div class=\"grve-element grve-slogan grve-align-left grve-animated-item grve-fadeInDown\" style=\"margin-bottom: 0px;\" data-delay=\"200\"><h3 class=\"grve-slogan-title grve-align-left grve-h3\"><span>Sofia Isus<span class=\"grve-title-line grve-bg-primary-2\" style=\"width: 75%;height: 1px;\"><\/span><\/span><\/h3>  <p class=\"\">Director of the Chair in Education and Intangible Heritage in the Pyrenees, University of Lleida. Fallaire of Isil.<\/p><\/div>[\/vc_column_inner][vc_column_inner width=&#8221;1\/4&#8243; css=&#8221;.vc_custom_1657191490122{padding-right: 4% !important;padding-bottom: 2% !important;padding-left: 8% !important;}&#8221;]<div class=\"grve-element grve-image grve-animated-item grve-fadeInLeft grve-align-right\" style=\"\" data-delay=\"200\"><img loading=\"lazy\" decoding=\"async\" width=\"500\" height=\"500\" src=\"https:\/\/prometheus.museum\/wp-content\/uploads\/2022\/06\/Portrait-Xavier.jpg\" class=\"grve-circle attachment-full size-full\" alt=\"Xavier\" srcset=\"https:\/\/prometheus.museum\/wp-content\/uploads\/2022\/06\/Portrait-Xavier.jpg 1x,https:\/\/prometheus.museum\/wp-content\/uploads\/2022\/06\/Portrait-Xavier-retina.jpg 2x\" \/><\/div>[\/vc_column_inner][vc_column_inner width=&#8221;1\/4&#8243; css=&#8221;.vc_custom_1657191580113{padding-top: 5px !important;}&#8221;]<div class=\"grve-element grve-slogan grve-align-left grve-animated-item grve-fadeInDown\" style=\"margin-bottom: 0px;\" data-delay=\"200\"><h3 class=\"grve-slogan-title grve-align-left grve-h3\"><span>Xavier Roig\u00e9 Ventura<span class=\"grve-title-line grve-bg-primary-2\" style=\"width: 75%;height: 1px;\"><\/span><\/span><\/h3>  <p class=\"\">Professor of anthropology and museology at the University of Barcelona.<\/p><\/div>[\/vc_column_inner][\/vc_row_inner][vc_row_inner css=&#8221;.vc_custom_1654850554834{padding-bottom: 55px !important;}&#8221;][vc_column_inner width=&#8221;1\/2&#8243; css=&#8221;.vc_custom_1663324756926{padding-top: 4% !important;padding-right: 4% !important;padding-bottom: 4% !important;padding-left: 4% !important;}&#8221;][vc_raw_html css=&#8221;.vc_custom_1666258359685{margin-top: 0px !important;padding-top: 0px !important;}&#8221;]JTVCRWxpdGVfdmlkZW9fcGxheWVyJTIwaWQlM0QlMjI0MyUyMiU1RA==[\/vc_raw_html][\/vc_column_inner][vc_column_inner width=&#8221;1\/2&#8243; css=&#8221;.vc_custom_1663324763945{padding-top: 4% !important;padding-right: 4% !important;padding-bottom: 4% !important;padding-left: 4% !important;}&#8221;][vc_raw_html css=&#8221;.vc_custom_1666258720447{margin-top: 0px !important;padding-top: 0px !important;}&#8221;]JTVCRWxpdGVfdmlkZW9fcGxheWVyJTIwaWQlM0QlMjI0NCUyMiU1RA==[\/vc_raw_html][\/vc_column_inner][\/vc_row_inner][vc_row_inner][vc_column_inner width=&#8221;1\/4&#8243; css=&#8221;.vc_custom_1657191720870{padding-right: 4% !important;padding-bottom: 2% !important;padding-left: 8% !important;}&#8221;]<div class=\"grve-element grve-image grve-animated-item grve-fadeInLeft grve-align-right\" style=\"\" data-delay=\"200\"><img loading=\"lazy\" decoding=\"async\" width=\"500\" height=\"500\" src=\"https:\/\/prometheus.museum\/wp-content\/uploads\/2022\/06\/Portrait-Virginie-1.jpg\" class=\"grve-circle attachment-full size-full\" alt=\"Virginie\" srcset=\"https:\/\/prometheus.museum\/wp-content\/uploads\/2022\/06\/Portrait-Virginie-1.jpg 1x,https:\/\/prometheus.museum\/wp-content\/uploads\/2022\/06\/Portrait-Virginie-retina-1.jpg 2x\" \/><\/div>[\/vc_column_inner][vc_column_inner width=&#8221;1\/4&#8243; css=&#8221;.vc_custom_1655394454912{padding-top: 5px !important;}&#8221;]<div class=\"grve-element grve-slogan grve-align-left grve-animated-item grve-fadeInDown\" style=\"margin-bottom: 0px;\" data-delay=\"200\"><h3 class=\"grve-slogan-title grve-align-left grve-h3\"><span>Virginie Soulier<span class=\"grve-title-line grve-bg-primary-2\" style=\"width: 75%;height: 1px;\"><\/span><\/span><\/h3>  <p class=\"\">&#8220;Maitre de confer\u00e9nces&#8221; in museology and information sciences at the University of Perpignan-Via Domitia<\/p><\/div>[\/vc_column_inner][vc_column_inner width=&#8221;1\/4&#8243; css=&#8221;.vc_custom_1657191726354{padding-right: 4% !important;padding-bottom: 2% !important;padding-left: 8% !important;}&#8221;]<div class=\"grve-element grve-image grve-animated-item grve-fadeInLeft grve-align-right\" style=\"\" data-delay=\"200\"><img loading=\"lazy\" decoding=\"async\" width=\"500\" height=\"500\" src=\"https:\/\/prometheus.museum\/wp-content\/uploads\/2022\/06\/Portrait-Mathilde.jpg\" class=\"grve-circle attachment-full size-full\" alt=\"Mathilde\" srcset=\"https:\/\/prometheus.museum\/wp-content\/uploads\/2022\/06\/Portrait-Mathilde.jpg 1x,https:\/\/prometheus.museum\/wp-content\/uploads\/2022\/06\/Portrait-Mathilde-retina.jpg 2x\" \/><\/div>[\/vc_column_inner][vc_column_inner width=&#8221;1\/4&#8243; css=&#8221;.vc_custom_1655394460331{padding-top: 5px !important;}&#8221;]<div class=\"grve-element grve-slogan grve-align-left grve-animated-item grve-fadeInDown\" style=\"margin-bottom: 0px;\" data-delay=\"200\"><h3 class=\"grve-slogan-title grve-align-left grve-h3\"><span>Mathilde Lamothe<span class=\"grve-title-line grve-bg-primary-2\" style=\"width: 75%;height: 1px;\"><\/span><\/span><\/h3>  <p class=\"\">Ethnologist. Researcher at the CIRDOC-Institut Occitan de Cultura.<\/p><\/div>[\/vc_column_inner][\/vc_row_inner][vc_row_inner css=&#8221;.vc_custom_1654850554834{padding-bottom: 55px !important;}&#8221;][vc_column_inner width=&#8221;1\/2&#8243; css=&#8221;.vc_custom_1663325292194{padding-top: 4% !important;padding-right: 4% !important;padding-bottom: 4% !important;padding-left: 4% !important;}&#8221;][vc_raw_html css=&#8221;.vc_custom_1666258730032{margin-top: 0px !important;padding-top: 0px !important;}&#8221;]JTVCRWxpdGVfdmlkZW9fcGxheWVyJTIwaWQlM0QlMjI0NSUyMiU1RA==[\/vc_raw_html][\/vc_column_inner][vc_column_inner width=&#8221;1\/2&#8243; css=&#8221;.vc_custom_1663325299729{padding-top: 4% !important;padding-right: 4% !important;padding-bottom: 4% !important;padding-left: 4% !important;}&#8221;][vc_raw_html css=&#8221;.vc_custom_1666258739368{margin-top: 0px !important;padding-top: 0px !important;}&#8221;]JTVCRWxpdGVfdmlkZW9fcGxheWVyJTIwaWQlM0QlMjI0NiUyMiU1RA==[\/vc_raw_html][\/vc_column_inner][\/vc_row_inner][vc_row_inner][vc_column_inner width=&#8221;1\/4&#8243;][\/vc_column_inner][vc_column_inner width=&#8221;1\/4&#8243; css=&#8221;.vc_custom_1657191737024{padding-right: 4% !important;padding-bottom: 2% !important;padding-left: 8% !important;}&#8221;]<div class=\"grve-element grve-image grve-animated-item grve-fadeInLeft grve-align-right\" style=\"\" data-delay=\"200\"><img loading=\"lazy\" decoding=\"async\" width=\"500\" height=\"500\" src=\"https:\/\/prometheus.museum\/wp-content\/uploads\/2022\/06\/Portrait-Marc.jpg\" class=\"grve-circle attachment-full size-full\" alt=\"Marc\" srcset=\"https:\/\/prometheus.museum\/wp-content\/uploads\/2022\/06\/Portrait-Marc.jpg 1x,https:\/\/prometheus.museum\/wp-content\/uploads\/2022\/06\/Portrait-Marc-retina.jpg 2x\" \/><\/div>[\/vc_column_inner][vc_column_inner width=&#8221;1\/4&#8243; css=&#8221;.vc_custom_1655818028510{padding-top: 5px !important;}&#8221;]<div class=\"grve-element grve-slogan grve-align-left grve-animated-item grve-fadeInDown\" style=\"margin-bottom: 0px;\" data-delay=\"200\"><h3 class=\"grve-slogan-title grve-align-left grve-h3\"><span>Marc Ballest\u00e9 Escorihuela<span class=\"grve-title-line grve-bg-primary-2\" style=\"width: 75%;height: 1px;\"><\/span><\/span><\/h3>  <p class=\"\">Postdoctoral researcher at the Chair in Education and Intangible Heritage in the Pyreneess, University of Lleida.<\/p><\/div>[\/vc_column_inner][vc_column_inner width=&#8221;1\/4&#8243; css=&#8221;.vc_custom_1654850730616{padding-top: 55px !important;}&#8221;][\/vc_column_inner][\/vc_row_inner][vc_row_inner css=&#8221;.vc_custom_1654850554834{padding-bottom: 55px !important;}&#8221;][vc_column_inner width=&#8221;1\/4&#8243; css=&#8221;.vc_custom_1654634590813{padding-left: 4% !important;}&#8221;][\/vc_column_inner][vc_column_inner width=&#8221;1\/2&#8243; css=&#8221;.vc_custom_1663325306597{padding-top: 4% !important;padding-right: 4% !important;padding-bottom: 4% !important;padding-left: 4% !important;}&#8221;][vc_raw_html css=&#8221;.vc_custom_1666258749503{margin-top: 0px !important;padding-top: 0px !important;}&#8221;]JTVCRWxpdGVfdmlkZW9fcGxheWVyJTIwaWQlM0QlMjI0NyUyMiU1RA==[\/vc_raw_html][\/vc_column_inner][vc_column_inner width=&#8221;1\/4&#8243;][\/vc_column_inner][\/vc_row_inner]<div class=\"grve-element grve-hr \" style=\"\"><span class=\"grve-title-line grve-bg-primary-5\" style=\"width: 100%;height: 1px;\"><\/span><\/div>[\/vc_column][\/vc_row][vc_row column_gap=&#8221;40&#8243; padding_top=&#8221;0&#8243; padding_bottom=&#8221;0&#8243; margin_bottom=&#8221;35&#8243;][vc_column css=&#8221;.vc_custom_1654634368803{padding-top: 45px !important;padding-right: 4% !important;padding-left: 4% !important;}&#8221;][vc_row_inner][vc_column_inner]<div class=\"grve-element grve-slogan grve-align-left grve-animated-item grve-fadeInLeft\" style=\"margin-bottom: 25px;\" data-delay=\"200\"><h3 class=\"grve-slogan-title grve-align-left grve-h3\"><span>To learn more + how the museum has been thought and its philosophy<\/span><\/h3><\/div>[\/vc_column_inner][\/vc_row_inner][vc_row_inner css=&#8221;.vc_custom_1657190714403{padding-bottom: 45px !important;}&#8221;][vc_column_inner width=&#8221;1\/3&#8243;][vc_column_text]Roig\u00e9, X.; Soulier, V.; Lamothe, M.; Ballest\u00e9, M.; Bellas, L. (2022) \u201cEl Projecte del museu virtual PROMETHEUS\u201d. F\u00e0bregas, P.; Farran, C. (eds.) <em>Actes del Simposi Internacional Festes del Foc dels Solsticis als Pirineus<\/em> Barcelona: Generalitat de Catalunya. Departament de Cultura, 222-235.[\/vc_column_text][\/vc_column_inner][vc_column_inner width=&#8221;1\/3&#8243;][vc_column_text]Roig\u00e9 Ventura, X.; Bellas, L.; Soulier, V. (2022). El Museo Virtual de las Fiestas del Fuego del Pirineo. Un museo en l\u00ednea a partir del patrimonio inmaterial. En CIMED21 &#8211; <em>I Congreso internacional de museos y estrategias digitales<\/em>. Editorial Universitat Polit\u00e8cnica de Val\u00e8ncia. 151-166. <a href=\"https:\/\/doi.org\/10.4995\/CIMED21.2021.12673\" target=\"_blank\" rel=\"noopener\">https:\/\/doi.org<\/a>[\/vc_column_text][\/vc_column_inner][vc_column_inner width=&#8221;1\/3&#8243;][vc_column_text]Soulier, V.\u00a0; Roig\u00e9, X. (2022) \u00ab Comment valoriser le patrimoine culturel immat\u00e9riel via un mus\u00e9e num\u00e9rique : Le projet Prometheus.museum \u00bb, <em>Communication &amp; langages<\/em>, 211, 87-109. [\/vc_column_text][\/vc_column_inner][\/vc_row_inner]<div class=\"grve-element grve-hr \" style=\"\"><span class=\"grve-title-line grve-bg-primary-5\" style=\"width: 100%;height: 1px;\"><\/span><\/div>[\/vc_column][\/vc_row][vc_row section_type=&#8221;fullwidth&#8221; column_gap=&#8221;40&#8243; padding_top=&#8221;0&#8243; margin_bottom=&#8221;95&#8243;][vc_column css=&#8221;.vc_custom_1655818068971{padding-top: 45px !important;padding-right: 4% !important;padding-bottom: 15px !important;padding-left: 4% !important;}&#8221;]<div class=\"grve-element grve-image grve-animated-item grve-fadeInUp grve-align-center\" style=\"\" data-delay=\"200\"><img loading=\"lazy\" decoding=\"async\" width=\"1000\" height=\"403\" src=\"https:\/\/prometheus.museum\/wp-content\/uploads\/2022\/06\/Photo-de-groupe.jpg\" class=\"attachment-full size-full\" alt=\"Commissaires scientifiques du Mus\u00e9e\" srcset=\"https:\/\/prometheus.museum\/wp-content\/uploads\/2022\/06\/Photo-de-groupe.jpg 1x,https:\/\/prometheus.museum\/wp-content\/uploads\/2022\/06\/Photo-de-groupe-retina.jpg 2x\" \/><\/div>[\/vc_column][\/vc_row][vc_row][vc_column][\/vc_column][\/vc_row]<\/p>\n","protected":false},"excerpt":{"rendered":"<p>[vc_row section_type=&#8221;fullwidth&#8221; header_feature=&#8221;yes&#8221; column_gap=&#8221;40&#8243; padding_top=&#8221;45&#8243; padding_bottom=&#8221;0&#8243; margin_bottom=&#8221;0&#8243;][vc_column css=&#8221;.vc_custom_1654634368803{padding-top: 45px !important;padding-right: 4% !important;padding-left: 4% !important;}&#8221;][vc_row_inner css=&#8221;.vc_custom_1657190714403{padding-bottom: 45px !important;}&#8221;][vc_column_inner width=&#8221;1\/2&#8243;][vc_column_text]The project to make this museum began in early 2020 within the Prometheus Interreg POCTEFA project.\u00a0 Shortly after, in full confinement and when the festivals could not be celebrated, we created a provisional museum of urgency, to replace [&hellip;]<\/p>\n","protected":false},"author":1,"featured_media":0,"parent":0,"menu_order":0,"comment_status":"closed","ping_status":"open","template":"page-templates\/template-guidee.php","meta":{"_monsterinsights_skip_tracking":false,"_monsterinsights_sitenote_active":false,"_monsterinsights_sitenote_note":"","_monsterinsights_sitenote_category":0,"_uf_show_specific_survey":0,"_uf_disable_surveys":false,"footnotes":""},"class_list":["post-23214","page","type-page","status-publish","hentry"],"_links":{"self":[{"href":"https:\/\/prometheus.museum\/en\/wp-json\/wp\/v2\/pages\/23214","targetHints":{"allow":["GET"]}}],"collection":[{"href":"https:\/\/prometheus.museum\/en\/wp-json\/wp\/v2\/pages"}],"about":[{"href":"https:\/\/prometheus.museum\/en\/wp-json\/wp\/v2\/types\/page"}],"author":[{"embeddable":true,"href":"https:\/\/prometheus.museum\/en\/wp-json\/wp\/v2\/users\/1"}],"replies":[{"embeddable":true,"href":"https:\/\/prometheus.museum\/en\/wp-json\/wp\/v2\/comments?post=23214"}],"version-history":[{"count":5,"href":"https:\/\/prometheus.museum\/en\/wp-json\/wp\/v2\/pages\/23214\/revisions"}],"predecessor-version":[{"id":23220,"href":"https:\/\/prometheus.museum\/en\/wp-json\/wp\/v2\/pages\/23214\/revisions\/23220"}],"wp:attachment":[{"href":"https:\/\/prometheus.museum\/en\/wp-json\/wp\/v2\/media?parent=23214"}],"curies":[{"name":"wp","href":"https:\/\/api.w.org\/{rel}","templated":true}]}}