{"id":23575,"date":"2022-04-29T06:03:34","date_gmt":"2022-04-29T06:03:34","guid":{"rendered":"https:\/\/prometheus.museum\/la-fete-a-la-maison\/"},"modified":"2022-11-08T15:52:26","modified_gmt":"2022-11-08T14:52:26","slug":"activities-for-the-home","status":"publish","type":"page","link":"https:\/\/prometheus.museum\/en\/a-festival-for-all\/activities-for-the-home\/","title":{"rendered":"Activities for the home"},"content":{"rendered":"<p>[vc_row section_id=&#8221;intro&#8221;][vc_column width=&#8221;1\/6&#8243; css=&#8221;.vc_custom_1652088225267{padding-right: 4% !important;padding-left: 4% !important;}&#8221;][\/vc_column][vc_column width=&#8221;2\/3&#8243;]<div class=\"grve-element grve-slogan grve-align-center grve-animated-item grve-fadeInUp\" style=\"margin-bottom: 25px;\" data-delay=\"200\">  <p class=\"grve-leader-text\">You can also find out more about the festival throughout the year at home or in clubs. Below, you will find a digital game that will help you to sharpen your eyesight, numerous books and stories from all the territories, and different activities and workshops that you can do alone or with others. <\/p><\/div>[\/vc_column][vc_column width=&#8221;1\/6&#8243;][\/vc_column][\/vc_row][vc_row section_id=&#8221;livres&#8221;][vc_column css=&#8221;.vc_custom_1652088232652{padding-right: 4% !important;padding-left: 4% !important;}&#8221;]<div class=\"grve-element grve-slogan grve-align-center\" style=\"\"><h2 class=\"grve-slogan-title grve-align-center grve-h2\"><span style=\"font-size: 120%; line-height: 1.120em;\">Books and stories<\/span><\/h2><\/div><div class=\"grve-element grve-hr \" style=\"padding-top: 15px;padding-bottom: 55px;\"><div class=\"grve-dashed-line-divider\"><\/div><\/div>[\/vc_column][\/vc_row][vc_row margin_bottom=&#8221;45&#8243;][vc_column css=&#8221;.vc_custom_1652088238453{padding-right: 4% !important;padding-left: 4% !important;}&#8221;][vc_row_inner][vc_column_inner width=&#8221;1\/2&#8243;][vc_column_text css=&#8221;.vc_custom_1667224472035{padding-bottom: 55px !important;}&#8221;]<strong>ATLAS OF THE PYRENEAN FIRE FESTIVALS<\/strong><\/p>\n<p>We recommend this book to anyone interested in finding out about the festival in all the regions. A book for <em>fallaires<\/em> and for those hoping to become one, the book is for readers of all ages.<\/p>\n<p>For a first impression, click here : <a href=\"https:\/\/www.eldimonipelut.cat\/compra?store-page=Altes-de-les-festes-del-foc-dels-Pirineus-p288072387\" target=\"_blank\" rel=\"noopener\">www.eldimonipelut.cat<\/a>[\/vc_column_text]<div class=\"grve-element grve-image grve-animated-item grve-fadeInUp grve-align-center\" style=\"margin-bottom: 25px;\" data-delay=\"200\"><a href=\"https:\/\/www.eldimonipelut.cat\/compra?store-page=Altes-de-les-festes-del-foc-dels-Pirineus-p288072387\" target=\"_blank\" class=\" \" rel=\"noopener\"><img loading=\"lazy\" decoding=\"async\" width=\"400\" height=\"430\" src=\"https:\/\/prometheus.museum\/wp-content\/uploads\/2022\/05\/livre-couverture-ATLES-DE-LES-FESTES-DEL-FOC-1.png\" class=\"attachment-full size-full\" alt=\"Altes de les festes del foc dels Pirineus\" srcset=\"https:\/\/prometheus.museum\/wp-content\/uploads\/2022\/05\/livre-couverture-ATLES-DE-LES-FESTES-DEL-FOC-1.png 1x,https:\/\/prometheus.museum\/wp-content\/uploads\/2022\/05\/livre-couverture-ATLES-DE-LES-FESTES-DEL-FOC-retina-1.png 2x\" \/><\/a><\/div>[\/vc_column_inner][vc_column_inner width=&#8221;1\/2&#8243;]\n\t\t\t<!-- START Musee enfants 04 REVOLUTION SLIDER 6.7.39 --><p class=\"rs-p-wp-fix\"><\/p>\n\t\t\t<rs-module-wrap id=\"rev_slider_61_1_wrapper\" data-source=\"gallery\" style=\"visibility:hidden;background:#000000;padding:0;margin:0px auto;margin-top:0;margin-bottom:0;\">\n\t\t\t\t<rs-module id=\"rev_slider_61_1\" style=\"\" data-version=\"6.7.39\">\n\t\t\t\t\t<rs-slides style=\"overflow: hidden; position: absolute;\">\n\t\t\t\t\t\t<rs-slide style=\"position: absolute;\" data-key=\"rs-186\" data-title=\"Slide\" data-anim=\"ms:10;\" data-in=\"o:1;\" data-out=\"a:false;\">\n\t\t\t\t\t\t\t<img decoding=\"async\" src=\"\/\/prometheus.museum\/wp-content\/plugins\/revslider\/sr6\/assets\/assets\/dummy.png\" alt=\"Slide\" title=\"Activities for the home\" class=\"rev-slidebg tp-rs-img rs-lazyload\" data-lazyload=\"\/\/prometheus.museum\/wp-content\/plugins\/revslider\/sr6\/assets\/assets\/transparent.png\" data-bg=\"p:center top;c:#000000;\" data-parallax=\"9\" data-no-retina>\n<!--\n\t\t\t\t\t\t\t--><rs-layer\n\t\t\t\t\t\t\t\tid=\"slider-61-slide-186-layer-6\" \n\t\t\t\t\t\t\t\tclass=\"rs-noevents rs-pxl-1\"\n\t\t\t\t\t\t\t\tdata-type=\"image\"\n\t\t\t\t\t\t\t\tdata-rsp_ch=\"on\"\n\t\t\t\t\t\t\t\tdata-xy=\"x:c;xo:-13px;y:c;yo:40px;\"\n\t\t\t\t\t\t\t\tdata-text=\"l:22;a:inherit;\"\n\t\t\t\t\t\t\t\tdata-dim=\"w:401px;h:820px;\"\n\t\t\t\t\t\t\t\tdata-basealign=\"slide\"\n\t\t\t\t\t\t\t\tdata-blendmode=\"overlay\"\n\t\t\t\t\t\t\t\tdata-frame_0=\"x:center;y:bottom;blu:10px;\"\n\t\t\t\t\t\t\t\tdata-frame_1=\"e:power4.out;st:300;sp:2000;sR:300;\"\n\t\t\t\t\t\t\t\tdata-frame_999=\"o:0;st:w;sR:6700;\"\n\t\t\t\t\t\t\t\tstyle=\"z-index:9;\"\n\t\t\t\t\t\t\t><img decoding=\"async\" src=\"\/\/prometheus.museum\/wp-content\/plugins\/revslider\/sr6\/assets\/assets\/dummy.png\" alt=\"feu\" class=\"tp-rs-img rs-lazyload\" width=\"489\" height=\"1000\" data-lazyload=\"\/\/prometheus.museum\/wp-content\/uploads\/2022\/05\/BG_fire1.png\" data-no-retina> \n\t\t\t\t\t\t\t<\/rs-layer><!--\n\n\t\t\t\t\t\t\t--><rs-layer\n\t\t\t\t\t\t\t\tid=\"slider-61-slide-186-layer-10\" \n\t\t\t\t\t\t\t\tclass=\"rs-noevents rs-pxl-2\"\n\t\t\t\t\t\t\t\tdata-type=\"image\"\n\t\t\t\t\t\t\t\tdata-rsp_ch=\"on\"\n\t\t\t\t\t\t\t\tdata-xy=\"x:c;xo:-34px;y:b;yo:99px;\"\n\t\t\t\t\t\t\t\tdata-text=\"l:22;a:inherit;\"\n\t\t\t\t\t\t\t\tdata-dim=\"w:384px;h:670px;\"\n\t\t\t\t\t\t\t\tdata-basealign=\"slide\"\n\t\t\t\t\t\t\t\tdata-blendmode=\"screen\"\n\t\t\t\t\t\t\t\tdata-frame_0=\"x:center;y:bottom;blu:10px;\"\n\t\t\t\t\t\t\t\tdata-frame_1=\"e:power4.out;st:300;sp:2000;sR:300;\"\n\t\t\t\t\t\t\t\tdata-frame_999=\"o:0;st:w;sR:6700;\"\n\t\t\t\t\t\t\t\tstyle=\"z-index:11;\"\n\t\t\t\t\t\t\t><img decoding=\"async\" src=\"\/\/prometheus.museum\/wp-content\/plugins\/revslider\/sr6\/assets\/assets\/dummy.png\" alt=\"\" class=\"tp-rs-img rs-lazyload\" width=\"458\" height=\"800\" data-lazyload=\"\/\/prometheus.museum\/wp-content\/uploads\/2022\/05\/Big_boy.png\" data-no-retina> \n\t\t\t\t\t\t\t<\/rs-layer><!--\n\n\t\t\t\t\t\t\t--><rs-layer\n\t\t\t\t\t\t\t\tid=\"slider-61-slide-186-layer-11\" \n\t\t\t\t\t\t\t\tclass=\"rs-noevents rs-pxl-2\"\n\t\t\t\t\t\t\t\tdata-type=\"image\"\n\t\t\t\t\t\t\t\tdata-rsp_ch=\"on\"\n\t\t\t\t\t\t\t\tdata-xy=\"x:c;xo:-34px;y:b;yo:99px;\"\n\t\t\t\t\t\t\t\tdata-text=\"l:22;a:inherit;\"\n\t\t\t\t\t\t\t\tdata-dim=\"w:383px;h:670px;\"\n\t\t\t\t\t\t\t\tdata-basealign=\"slide\"\n\t\t\t\t\t\t\t\tdata-frame_0=\"x:center;y:bottom;blu:10px;\"\n\t\t\t\t\t\t\t\tdata-frame_1=\"e:power4.out;st:300;sp:2000;sR:300;\"\n\t\t\t\t\t\t\t\tdata-frame_999=\"o:0;st:w;sR:6700;\"\n\t\t\t\t\t\t\t\tstyle=\"z-index:10;\"\n\t\t\t\t\t\t\t><img decoding=\"async\" src=\"\/\/prometheus.museum\/wp-content\/plugins\/revslider\/sr6\/assets\/assets\/dummy.png\" alt=\"\" class=\"tp-rs-img rs-lazyload\" width=\"800\" height=\"1399\" data-lazyload=\"\/\/prometheus.museum\/wp-content\/uploads\/2022\/05\/Big_boy_light.png\" data-no-retina> \n\t\t\t\t\t\t\t<\/rs-layer><!--\n\n\t\t\t\t\t\t\t--><rs-layer\n\t\t\t\t\t\t\t\tid=\"slider-61-slide-186-layer-23\" \n\t\t\t\t\t\t\t\tclass=\"rs-noevents rs-pxl-1\"\n\t\t\t\t\t\t\t\tdata-type=\"image\"\n\t\t\t\t\t\t\t\tdata-rsp_ch=\"on\"\n\t\t\t\t\t\t\t\tdata-xy=\"x:c;xo:-13px;y:c;yo:40px;\"\n\t\t\t\t\t\t\t\tdata-text=\"l:22;a:inherit;\"\n\t\t\t\t\t\t\t\tdata-dim=\"w:401px;h:820px;\"\n\t\t\t\t\t\t\t\tdata-basealign=\"slide\"\n\t\t\t\t\t\t\t\tdata-frame_0=\"x:center;y:bottom;blu:10px;\"\n\t\t\t\t\t\t\t\tdata-frame_1=\"e:power4.out;st:300;sp:2000;sR:300;\"\n\t\t\t\t\t\t\t\tdata-frame_999=\"o:0;st:w;sR:6700;\"\n\t\t\t\t\t\t\t\tdata-loop_999=\"sX:1.05;sY:1.05;o:0.8;blu:5;sp:1800;e:power1.inOut;yys:t;yyf:t;\"\n\t\t\t\t\t\t\t\tstyle=\"z-index:8;\"\n\t\t\t\t\t\t\t><img decoding=\"async\" src=\"\/\/prometheus.museum\/wp-content\/plugins\/revslider\/sr6\/assets\/assets\/dummy.png\" alt=\"feu\" class=\"tp-rs-img rs-lazyload\" width=\"489\" height=\"1000\" data-lazyload=\"\/\/prometheus.museum\/wp-content\/uploads\/2022\/05\/BG_fire1.png\" data-no-retina> \n\t\t\t\t\t\t\t<\/rs-layer><!--\n-->\t\t\t\t\t<\/rs-slide>\n\t\t\t\t\t<\/rs-slides>\n\t\t\t\t<\/rs-module>\n\t\t\t\t<script>\n\t\t\t\t\tsetREVStartSize({c: 'rev_slider_61_1',rl:[1240,1024,778,480],el:[960],gw:[600],gh:[960],type:'standard',justify:'',layout:'fullwidth',mh:\"0\"});if (window.RS_MODULES!==undefined && window.RS_MODULES.modules!==undefined && window.RS_MODULES.modules[\"revslider611\"]!==undefined) {window.RS_MODULES.modules[\"revslider611\"].once = false;window.revapi61 = undefined;if (window.RS_MODULES.checkMinimal!==undefined) window.RS_MODULES.checkMinimal()}\n\t\t\t\t<\/script>\n\t\t\t<\/rs-module-wrap>\n\t\t\t<!-- END REVOLUTION SLIDER -->\n[vc_empty_space][\/vc_column_inner][\/vc_row_inner][vc_row_inner][vc_column_inner css=&#8221;.vc_custom_1652525540375{margin-bottom: 45px !important;}&#8221;]<div class=\"grve-element grve-image grve-animated-item grve-fadeInUp grve-align-center\" style=\"\" data-delay=\"200\"><a href=\"https:\/\/www.eldimonipelut.cat\/compra?store-page=Altes-de-les-festes-del-foc-dels-Pirineus-p288072387\" target=\"_blank\" class=\" \" rel=\"noopener\"><img loading=\"lazy\" decoding=\"async\" width=\"1388\" height=\"886\" src=\"https:\/\/prometheus.museum\/wp-content\/uploads\/2022\/05\/Altes-de-les-festes-del-foc-dels-Pirineus-inner.jpg\" class=\"attachment-full size-full\" alt=\"Atlas des f\u00eates du feu dans les Pyr\u00e9n\u00e9es\" srcset=\"https:\/\/prometheus.museum\/wp-content\/uploads\/2022\/05\/Altes-de-les-festes-del-foc-dels-Pirineus-inner.jpg 1x,https:\/\/prometheus.museum\/wp-content\/uploads\/2022\/05\/Altes-de-les-festes-del-foc-dels-Pirineus-inner-retina-scaled.jpg 2x\" \/><\/a><\/div><div class=\"grve-element grve-hr \" style=\"padding-top: 25px;padding-bottom: 25px;\"><div class=\"grve-line-divider\"><\/div><\/div>[\/vc_column_inner][\/vc_row_inner][vc_row_inner][vc_column_inner width=&#8221;1\/2&#8243;][vc_column_text]<strong>ERA NET DE SANT JOAN (IT WAS SAINT JOHN\u2019S EVE)<\/strong><\/p>\n<p>Written by Susana Vidal and illustrated by Montse Espa\u00f1ol. Published by Conselh Generau d\u2019Aran.<\/p>\n<p>The Saint John\u2019s Eve festivities are well described in this story.<\/p>\n<p>Get the book here : <a href=\"https:\/\/unidisc.csuc.cat\/index.php\/s\/60SwNzlSaq10cqe\" target=\"_blank\" rel=\"noopener\">www.unidisc.csuc.cat<\/a>[\/vc_column_text]<div class=\"grve-element grve-image grve-animated-item grve-fadeInUp grve-align-center\" style=\"margin-bottom: 25px;\" data-delay=\"200\"><a href=\"https:\/\/unidisc.csuc.cat\/index.php\/s\/60SwNzlSaq10cqe\" target=\"_blank\" class=\" \" rel=\"noopener\"><img loading=\"lazy\" decoding=\"async\" width=\"430\" height=\"430\" src=\"https:\/\/prometheus.museum\/wp-content\/uploads\/2022\/05\/livre-couverture-La-nuit-de-la-Saint-Jean.png\" class=\"attachment-full size-full\" alt=\"La nuit de la Saint-Jean\" srcset=\"https:\/\/prometheus.museum\/wp-content\/uploads\/2022\/05\/livre-couverture-La-nuit-de-la-Saint-Jean.png 1x,https:\/\/prometheus.museum\/wp-content\/uploads\/2022\/05\/livre-couverture-La-nuit-de-la-Saint-Jean-retina.png 2x\" \/><\/a><\/div>[\/vc_column_inner][vc_column_inner width=&#8221;1\/2&#8243;][vc_column_text]<strong>TREASURE IN THE VALLEYS OF ANDORRA<\/strong><\/p>\n<p>Written by Assumpta Mercader and Carme Invern\u00f3n. Published by the Govern d\u2019Andorra.<\/p>\n<p>With the help of an intrepid family, this book will help you to find out about the Andorra <em>falles<\/em> and discover more about Andorra\u2019s cultural heritage.<\/p>\n<p><a href=\"https:\/\/www.altair.es\/cat\/libro\/tresor-de-les-valls-d-andorra-el-govern-d-andorra_172183\" target=\"_blank\" rel=\"noopener\">www.altair.es<\/a>[\/vc_column_text]<div class=\"grve-element grve-image grve-animated-item grve-fadeInUp grve-align-center\" style=\"margin-bottom: 25px;\" data-delay=\"200\"><a href=\"https:\/\/www.altair.es\/cat\/libro\/tresor-de-les-valls-d-andorra-el-govern-d-andorra_172183\" target=\"_blank\" class=\" \" rel=\"noopener\"><img loading=\"lazy\" decoding=\"async\" width=\"430\" height=\"430\" src=\"https:\/\/prometheus.museum\/wp-content\/uploads\/2022\/05\/livre-couverture-Le-tresor-des-vallees-Andorre.png\" class=\"attachment-full size-full\" alt=\"Le tr\u00e9sor des vall\u00e9es d\u2019Andorre\" srcset=\"https:\/\/prometheus.museum\/wp-content\/uploads\/2022\/05\/livre-couverture-Le-tresor-des-vallees-Andorre.png 1x,https:\/\/prometheus.museum\/wp-content\/uploads\/2022\/05\/livre-couverture-Le-tresor-des-vallees-Andorre-retina.png 2x\" \/><\/a><\/div>[\/vc_column_inner][\/vc_row_inner][vc_row_inner][vc_column_inner width=&#8221;1\/2&#8243;][vc_column_text]<strong>FIA-FAIA<\/strong><\/p>\n<p>Written by Xavier Pedrals and illustrated by Kap. Published by Editorial Mediterr\u00e0nia.<\/p>\n<p>This book will teach you about the falles celebrated in Bag\u00e0 and Sant Juli\u00e0 de Cerdanyola, the only ones to be held on the winter solstice.<\/p>\n<p>Get the book here : <a href=\"https:\/\/www.editorialmediterrania.com\/producte\/un-mar-dhistories-fia-faia\/\" target=\"_blank\" rel=\"noopener\">www.editorialmediterrania.com<\/a>[\/vc_column_text]<div class=\"grve-element grve-image grve-animated-item grve-fadeInUp grve-align-center\" style=\"margin-bottom: 25px;\" data-delay=\"200\"><a href=\"https:\/\/www.editorialmediterrania.com\/producte\/un-mar-dhistories-fia-faia\/\" target=\"_blank\" class=\" \" rel=\"noopener\"><img loading=\"lazy\" decoding=\"async\" width=\"430\" height=\"430\" src=\"https:\/\/prometheus.museum\/wp-content\/uploads\/2022\/05\/livre-couverture-Fia-faia.png\" class=\"attachment-full size-full\" alt=\"Fia-faia\" srcset=\"https:\/\/prometheus.museum\/wp-content\/uploads\/2022\/05\/livre-couverture-Fia-faia.png 1x,https:\/\/prometheus.museum\/wp-content\/uploads\/2022\/05\/livre-couverture-Fia-faia-retina.png 2x\" \/><\/a><\/div>[\/vc_column_inner][vc_column_inner width=&#8221;1\/2&#8243;][vc_column_text]<strong>FOC A LES MANS (FIRE IN OUR HANDS)<\/strong><\/p>\n<p>Written by Xavi Farr\u00e9 and illustrated by Patxanet. Published by Mosaics Llibres.<\/p>\n<p>Find out more about the <em>falles<\/em> in the Catalan and Aragonese Pyrenees in this story about Bonaventura and Jacinta-Brancada, two young <em>fallaires <\/em>who meet at the festival.<\/p>\n<p>Click here to read the first few pages of the book : <a href=\"https:\/\/www.mosaicsllibres.com\/portfolio_page\/foc-les-mans-conte-falles\/\" target=\"_blank\" rel=\"noopener\">www.mosaicsllibres.com<\/a>[\/vc_column_text]<div class=\"grve-element grve-image grve-animated-item grve-fadeInUp grve-align-center\" style=\"margin-bottom: 25px;\" data-delay=\"200\"><a href=\"https:\/\/www.mosaicsllibres.com\/portfolio_page\/foc-les-mans-conte-falles\/\" target=\"_blank\" class=\" \" rel=\"noopener\"><img loading=\"lazy\" decoding=\"async\" width=\"430\" height=\"400\" src=\"https:\/\/prometheus.museum\/wp-content\/uploads\/2022\/05\/livre-couverture-Foc-a-les-mans.png\" class=\"attachment-full size-full\" alt=\"Foc a les mans\" srcset=\"https:\/\/prometheus.museum\/wp-content\/uploads\/2022\/05\/livre-couverture-Foc-a-les-mans.png 1x,https:\/\/prometheus.museum\/wp-content\/uploads\/2022\/05\/livre-couverture-Foc-a-les-mans-retina.png 2x\" \/><\/a><\/div>[\/vc_column_inner][\/vc_row_inner][\/vc_column][\/vc_row][vc_row section_id=&#8221;activites&#8221; margin_bottom=&#8221;0&#8243; padding_bottom=&#8221;55&#8243;][vc_column css=&#8221;.vc_custom_1652088248239{padding-right: 4% !important;padding-left: 4% !important;}&#8221;]<div class=\"grve-element grve-hr \" style=\"padding-top: 45px;padding-bottom: 35px;\"><div class=\"grve-dashed-line-divider\"><\/div><\/div>[vc_row_inner][vc_column_inner width=&#8221;1\/6&#8243;][\/vc_column_inner][vc_column_inner width=&#8221;2\/3&#8243;]<div class=\"grve-element grve-slogan grve-align-center\" style=\"\"><h2 class=\"grve-slogan-title grve-align-center grve-h2\"><span style=\"font-size: 120%; line-height: 1.120em;\">Activities<\/span><\/h2>  <p class=\"grve-leader-text\">Find out even more about the Pyrenean fire festivals with the following activities. These tasks and games will help you to discover new words, interesting recipes, and take on scientific challenges. <\/p><\/div>[\/vc_column_inner][vc_column_inner width=&#8221;1\/6&#8243;][\/vc_column_inner][\/vc_row_inner]<div class=\"grve-element grve-hr \" style=\"padding-top: 45px;padding-bottom: 55px;\"><div class=\"grve-dashed-line-divider\"><\/div><\/div>[vc_row_inner css=&#8221;.vc_custom_1651671392949{padding-bottom: 45px !important;}&#8221;][vc_column_inner width=&#8221;1\/3&#8243;][vc_column_text]<strong><em>Activity 1<\/em><\/strong>[\/vc_column_text]<div class=\"grve-element grve-image grve-animated-item grve-fadeInUp grve-align-left\" style=\"margin-bottom: 25px;\" data-delay=\"200\"><a href=\"https:\/\/prometheus.museum\/pdf\/en\/ENG-Activity-01-Museu-del-infants.pdf\" target=\"_blank\" class=\" \"><img loading=\"lazy\" decoding=\"async\" width=\"330\" height=\"460\" src=\"https:\/\/prometheus.museum\/wp-content\/uploads\/2022\/10\/ENG-Activity-01-Museu-del-infants.png\" class=\"attachment-full size-full\" alt=\"ENG-Activity-01\" srcset=\"https:\/\/prometheus.museum\/wp-content\/uploads\/2022\/10\/ENG-Activity-01-Museu-del-infants.png 1x,https:\/\/prometheus.museum\/wp-content\/uploads\/2022\/10\/ENG-Activity-01-Museu-del-infants-retina.png 2x\" \/><\/a><\/div>[\/vc_column_inner][vc_column_inner width=&#8221;1\/3&#8243;][vc_column_text]<strong><em>Activity 2<\/em><\/strong>[\/vc_column_text]<div class=\"grve-element grve-image grve-animated-item grve-fadeInUp grve-align-left\" style=\"margin-bottom: 25px;\" data-delay=\"200\"><a href=\"https:\/\/prometheus.museum\/pdf\/en\/ENG-Activity-02-Museu-del-infants.pdf\" target=\"_blank\" class=\" \"><img loading=\"lazy\" decoding=\"async\" width=\"330\" height=\"460\" src=\"https:\/\/prometheus.museum\/wp-content\/uploads\/2022\/10\/ENG-Activity-02-Museu-del-infants.png\" class=\"attachment-full size-full\" alt=\"ENG-Activity-02\" srcset=\"https:\/\/prometheus.museum\/wp-content\/uploads\/2022\/10\/ENG-Activity-02-Museu-del-infants.png 1x,https:\/\/prometheus.museum\/wp-content\/uploads\/2022\/10\/ENG-Activity-02-Museu-del-infants-retina.png 2x\" \/><\/a><\/div>[\/vc_column_inner][vc_column_inner width=&#8221;1\/3&#8243;][vc_column_text]<strong><em>Activity 3<\/em><\/strong>[\/vc_column_text]<div class=\"grve-element grve-image grve-animated-item grve-fadeInUp grve-align-left\" style=\"margin-bottom: 25px;\" data-delay=\"200\"><a href=\"https:\/\/prometheus.museum\/pdf\/en\/ENG-Activity-03-Museu-del-infants.pdf\" target=\"_blank\" class=\" \"><img loading=\"lazy\" decoding=\"async\" width=\"330\" height=\"460\" src=\"https:\/\/prometheus.museum\/wp-content\/uploads\/2022\/10\/ENG-Activity-03-Museu-del-infants.png\" class=\"attachment-full size-full\" alt=\"ENG-Activity-03\" srcset=\"https:\/\/prometheus.museum\/wp-content\/uploads\/2022\/10\/ENG-Activity-03-Museu-del-infants.png 1x,https:\/\/prometheus.museum\/wp-content\/uploads\/2022\/10\/ENG-Activity-03-Museu-del-infants-retina.png 2x\" \/><\/a><\/div>[\/vc_column_inner][\/vc_row_inner][vc_row_inner css=&#8221;.vc_custom_1651671398284{padding-bottom: 45px !important;}&#8221;][vc_column_inner width=&#8221;1\/3&#8243;][vc_column_text]<strong><em>Activity 4<\/em><\/strong>[\/vc_column_text]<div class=\"grve-element grve-image grve-animated-item grve-fadeInUp grve-align-left\" style=\"margin-bottom: 25px;\" data-delay=\"200\"><a href=\"https:\/\/prometheus.museum\/pdf\/en\/ENG-Activity-04-Museu-del-infants.pdf\" target=\"_blank\" class=\" \"><img loading=\"lazy\" decoding=\"async\" width=\"330\" height=\"460\" src=\"https:\/\/prometheus.museum\/wp-content\/uploads\/2022\/10\/ENG-Activity-04-Museu-del-infants.png\" class=\"attachment-full size-full\" alt=\"ENG-Activity-04\" srcset=\"https:\/\/prometheus.museum\/wp-content\/uploads\/2022\/10\/ENG-Activity-04-Museu-del-infants.png 1x,https:\/\/prometheus.museum\/wp-content\/uploads\/2022\/10\/ENG-Activity-04-Museu-del-infants-retina.png 2x\" \/><\/a><\/div>[\/vc_column_inner][vc_column_inner width=&#8221;1\/3&#8243;][vc_column_text]<strong><em>Activity 5<\/em><\/strong>[\/vc_column_text]<div class=\"grve-element grve-image grve-animated-item grve-fadeInUp grve-align-left\" style=\"margin-bottom: 25px;\" data-delay=\"200\"><a href=\"https:\/\/prometheus.museum\/pdf\/en\/ENG-Activity-05-Museu-del-infants.pdf\" target=\"_blank\" class=\" \"><img loading=\"lazy\" decoding=\"async\" width=\"330\" height=\"460\" src=\"https:\/\/prometheus.museum\/wp-content\/uploads\/2022\/10\/ENG-Activity-05-Museu-del-infants.png\" class=\"attachment-full size-full\" alt=\"ENG-Activity-05\" srcset=\"https:\/\/prometheus.museum\/wp-content\/uploads\/2022\/10\/ENG-Activity-05-Museu-del-infants.png 1x,https:\/\/prometheus.museum\/wp-content\/uploads\/2022\/10\/ENG-Activity-05-Museu-del-infants-retina.png 2x\" \/><\/a><\/div>[\/vc_column_inner][vc_column_inner width=&#8221;1\/3&#8243;][vc_column_text]<strong><em>Activity 6<\/em><\/strong>[\/vc_column_text]<div class=\"grve-element grve-image grve-animated-item grve-fadeInUp grve-align-left\" style=\"margin-bottom: 25px;\" data-delay=\"200\"><a href=\"https:\/\/prometheus.museum\/pdf\/en\/ENG-Activity-06-Museu-del-infants.pdf\" target=\"_blank\" class=\" \"><img loading=\"lazy\" decoding=\"async\" width=\"330\" height=\"460\" src=\"https:\/\/prometheus.museum\/wp-content\/uploads\/2022\/10\/ENG-Activity-06-Museu-del-infants.png\" class=\"attachment-full size-full\" alt=\"ENG-Activity-06\" srcset=\"https:\/\/prometheus.museum\/wp-content\/uploads\/2022\/10\/ENG-Activity-06-Museu-del-infants.png 1x,https:\/\/prometheus.museum\/wp-content\/uploads\/2022\/10\/ENG-Activity-06-Museu-del-infants-retina.png 2x\" \/><\/a><\/div>[\/vc_column_inner][\/vc_row_inner][\/vc_column][\/vc_row]<\/p>\n","protected":false},"excerpt":{"rendered":"<p>[vc_row section_id=&#8221;intro&#8221;][vc_column width=&#8221;1\/6&#8243; css=&#8221;.vc_custom_1652088225267{padding-right: 4% !important;padding-left: 4% !important;}&#8221;][\/vc_column][vc_column width=&#8221;2\/3&#8243;][\/vc_column][vc_column width=&#8221;1\/6&#8243;][\/vc_column][\/vc_row][vc_row section_id=&#8221;livres&#8221;][vc_column css=&#8221;.vc_custom_1652088232652{padding-right: 4% !important;padding-left: 4% !important;}&#8221;][\/vc_column][\/vc_row][vc_row margin_bottom=&#8221;45&#8243;][vc_column css=&#8221;.vc_custom_1652088238453{padding-right: 4% !important;padding-left: 4% !important;}&#8221;][vc_row_inner][vc_column_inner width=&#8221;1\/2&#8243;][vc_column_text css=&#8221;.vc_custom_1667224472035{padding-bottom: 55px !important;}&#8221;]ATLAS OF THE PYRENEAN FIRE FESTIVALS We recommend this book to anyone interested in finding out about the festival in all the regions. A book for fallaires and for those [&hellip;]<\/p>\n","protected":false},"author":1,"featured_media":0,"parent":23583,"menu_order":0,"comment_status":"closed","ping_status":"open","template":"page-templates\/template-musee-enfants.php","meta":{"_monsterinsights_skip_tracking":false,"_monsterinsights_sitenote_active":false,"_monsterinsights_sitenote_note":"","_monsterinsights_sitenote_category":0,"_uf_show_specific_survey":0,"_uf_disable_surveys":false,"footnotes":""},"class_list":["post-23575","page","type-page","status-publish","hentry"],"_links":{"self":[{"href":"https:\/\/prometheus.museum\/en\/wp-json\/wp\/v2\/pages\/23575","targetHints":{"allow":["GET"]}}],"collection":[{"href":"https:\/\/prometheus.museum\/en\/wp-json\/wp\/v2\/pages"}],"about":[{"href":"https:\/\/prometheus.museum\/en\/wp-json\/wp\/v2\/types\/page"}],"author":[{"embeddable":true,"href":"https:\/\/prometheus.museum\/en\/wp-json\/wp\/v2\/users\/1"}],"replies":[{"embeddable":true,"href":"https:\/\/prometheus.museum\/en\/wp-json\/wp\/v2\/comments?post=23575"}],"version-history":[{"count":7,"href":"https:\/\/prometheus.museum\/en\/wp-json\/wp\/v2\/pages\/23575\/revisions"}],"predecessor-version":[{"id":23670,"href":"https:\/\/prometheus.museum\/en\/wp-json\/wp\/v2\/pages\/23575\/revisions\/23670"}],"up":[{"embeddable":true,"href":"https:\/\/prometheus.museum\/en\/wp-json\/wp\/v2\/pages\/23583"}],"wp:attachment":[{"href":"https:\/\/prometheus.museum\/en\/wp-json\/wp\/v2\/media?parent=23575"}],"curies":[{"name":"wp","href":"https:\/\/api.w.org\/{rel}","templated":true}]}}