{"id":22502,"date":"2022-05-17T16:22:49","date_gmt":"2022-05-17T14:22:49","guid":{"rendered":"https:\/\/prometheus.museum\/pci-unesco\/"},"modified":"2022-10-12T06:57:20","modified_gmt":"2022-10-12T04:57:20","slug":"ph-unesco","status":"publish","type":"page","link":"https:\/\/prometheus.museum\/es\/ph-unesco\/","title":{"rendered":"Patrimonio de la Humanidad"},"content":{"rendered":"<p>[vc_row footer_feature=&#8221;yes&#8221; padding_top=&#8221;0&#8243; padding_bottom=&#8221;0&#8243; margin_bottom=&#8221;0&#8243; section_id=&#8221;2015&#8243;][vc_column css=&#8221;.vc_custom_1651571015472{padding-right: 4% !important;padding-left: 4% !important;background-position: center !important;background-repeat: no-repeat !important;background-size: contain !important;}&#8221;][vc_row_inner][vc_column_inner width=&#8221;1\/6&#8243;][\/vc_column_inner][vc_column_inner width=&#8221;2\/3&#8243;]<div class=\"grve-element grve-slogan grve-align-center\" style=\"margin-bottom: 45px;\">  <p class=\"grve-leader-text\">El 1 de diciembre de 2015 la UNESCO inscribi\u00f3 &#8220;Las fiestas del fuego del solsticio de verano en los Pirineos: fallas, haros y brandones&#8221; en la Lista Representativa de Patrimonio Cultural Inmaterial de la Humanidad<\/p><\/div>[\/vc_column_inner][vc_column_inner width=&#8221;1\/6&#8243;][\/vc_column_inner][\/vc_row_inner]<div class=\"grve-element grve-hr \" style=\"padding-bottom: 75px;\"><div class=\"grve-dashed-line-divider\"><\/div><\/div>[vc_row_inner][vc_column_inner width=&#8221;1\/2&#8243;]<div class=\"grve-element grve-video\" style=\"\"><iframe loading=\"lazy\" title=\"Falles, la Festa del Foc,  Documental -Vall de Bo\u00ed\" width=\"1080\" height=\"608\" src=\"https:\/\/www.youtube.com\/embed\/GopGrlDalNE?feature=oembed\" frameborder=\"0\" allow=\"accelerometer; autoplay; clipboard-write; encrypted-media; gyroscope; picture-in-picture\" allowfullscreen><\/iframe><\/div>[\/vc_column_inner][vc_column_inner width=&#8221;1\/2&#8243;]<div class=\"grve-element grve-video\" style=\"\"><iframe loading=\"lazy\" title=\"Celebraci\u00f3 UNESCO - Falles, haros i brandons\" width=\"1080\" height=\"608\" src=\"https:\/\/www.youtube.com\/embed\/1vVGMmLZFsA?feature=oembed\" frameborder=\"0\" allow=\"accelerometer; autoplay; clipboard-write; encrypted-media; gyroscope; picture-in-picture\" allowfullscreen><\/iframe><\/div>[\/vc_column_inner][\/vc_row_inner][vc_empty_space height=&#8221;100px&#8221;][\/vc_column][\/vc_row][vc_row section_id=&#8221;work&#8221; padding_top=&#8221;65&#8243;][vc_column css=&#8221;.vc_custom_1651570997068{padding-right: 4% !important;padding-left: 4% !important;}&#8221;][vc_tta_accordion][vc_tta_section title=&#8221;\u00bfQU\u00c9 ES LA LISTA REPRESENTATIVA DEL PATRIMONIO INMATERIAL?&#8221; tab_id=&#8221;1651068617080-17355b63-fca7&#8243;][vc_column_text]El Patrimonio Cultural Inmaterial forma parte de las declaraciones de la UNESCO para la preservaci\u00f3n del patrimonio y naci\u00f3 como consecuencia de la Convenci\u00f3n para la Salvaguardia del Patrimonio Cultural Inmaterial de 2003. El Patrimonio Inmaterial se define como \u00ab los usos, representaciones, expresiones, conocemientos y t\u00e9cnicas -con los instrumentos, objectos, artefactos y espacios culturales que lis son inherentes- que las comunidades, los \u00a0grupos y en algunos casos \u00a0los individuos reconozcan como parte integrante de su patrimonio cultural\u00bb. \u00a0(Art.2)<\/p>\n<p>La Lista Representativa incluye aquellas celebraciones o elementos de patrimonio inmaterial que cumplen una serie de criterios como su car\u00e1cter de patrimonio inmaterial, el hecho de que la inscripci\u00f3n contribuya a su toma de conciencia y di\u00e1logo, que contengan medidas de salvaguarda y que su candidatura hubiera sido fruto de un proceso participativo. Pod\u00e9is conocer el contenido de las listas aqu\u00ed.[\/vc_column_text][\/vc_tta_section][vc_tta_section title=&#8221;LA APLICACI\u00d3N DE LAS FIESTAS DEL FUEGO EN LA UNESCO&#8221; tab_id=&#8221;1651068617100-63a8d0aa-f4a0&#8243;][vc_column_text]La elaboraci\u00f3n de la candidatura a la UNESCO fue liderada por el Govern d&#8217;Andorra. Fue fruto de un largo trabajo coordinado e impulsado por las comunidades fallaires, por organizaciones no gubernamentales y presentada por los estados de Andorra, Espa\u00f1a y Francia. El expediente inclu\u00eda 63 pueblos. La candidatura iba acompa\u00f1ada de diferentes documentos donde los gobiernos locales y los organismos vinculados a las fiestas recog\u00edan las diferentes denominaciones y caracter\u00edsticas de las fiestas.[\/vc_column_text][\/vc_tta_section][vc_tta_section title=&#8221;LA DESCRIPCI\u00d3N DE LA FIESTA POR LA UNESCO &#8221; tab_id=&#8221;1651068667082-921a7775-9bc8&#8243;][vc_column_text]En la regi\u00f3n pirenaica las fiestas de fuego tienen lugar todos los a\u00f1os durante la noche del solsticio de verano. Cuando cae la noche, los habitantes bajan con antorchas encendidas desde las cimas de las monta\u00f1as hacia sus pueblos y ciudades, calando fuego a toda una serie de hogueras preparadas a la manera tradicional. Para los j\u00f3venes, el descenso de la monta\u00f1a es un evento de especial importancia, ya que simboliza su paso de la adolescencia a la edad adulta.<\/p>\n<p>Se considera que las fiestas de fuego constituyen una ocasi\u00f3n para regenerar los v\u00ednculos sociales y fortalecer los sentimientos de pertenencia, identidad y continuidad de las comunidades, de ah\u00ed que su celebraci\u00f3n vaya acompa\u00f1ada de comidas colectivas y cantos y bailes folcl\u00f3ricos. A veces se asignan funciones espec\u00edficas a determinadas personas: en algunos municipios es el alcalde quien enciende la primera hoguera, y en otras es un sacerdote que la ilumina o bendece. En algunas comarcas, es el \u00faltimo vecino acabado de casar del pueblo quien enciende el fuego y encabeza la marcha de descenso desde la monta\u00f1a.<\/p>\n<p>En otros lugares, las j\u00f3venes solteras esperan la llegada de los portadores de antorchas a los pueblos para darles la bienvenida con vino y dulces. Al d\u00eda siguiente por la ma\u00f1ana, los vecinos recogen las brasas y cenizas de las hogueras y las llevan a casa y huertos para protegerlos. Estas expresiones culturales est\u00e1n profundamente arraigadas en las comunidades y se perpet\u00faan gracias a una red de asociaciones e instituciones locales. El lugar de transmisi\u00f3n m\u00e1s importante de este elemento del patrimonio cultural inmaterial es el hogar familiar, donde sus miembros lo conservan vivo en la memoria.<\/p>\n<p>Fuente : <a href=\"https:\/\/ich.unesco.org\/fr\/RL\/les-ftes-du-feu-du-solstice-d-t-dans-les-pyrnes-01073\" target=\"_blank\" rel=\"noopener\">https:\/\/ich.unesco.org<\/a><\/p>\n<p>La descripci\u00f3n de la UNESCO se refiere sobre todo a la pr\u00e1ctica que tiene lugar sobre todo en\u00a0 la vertiente sur del Pirineo. Al norte, en Commenges y Barousse, se corta un tronco de \u00e1rbol, se escolta y luego se divide en su longitud antes de que se inserten decenas de esquinas para secarlo unos meses antes del d\u00eda de San Juan. Este tronco de \u00e1rbol, llamado &#8220;brandon&#8221; o &#8220;<em>har<\/em>\/<em>halhar<\/em>&#8221; o &#8220;haro&#8221; (en Les) es alquilado poco antes de la fiesta y luego se decora con paja y un ramo de flores en la parte superior. \u00a0El haro se quema por la noche de San Juan (24 de junio) o alrededor de esta fecha: esta fiesta tambi\u00e9n es una oportunidad para reforzar la comunidad del pueblo y reconstruir los lazos sociales y familiares.[\/vc_column_text][\/vc_tta_section][\/vc_tta_accordion][\/vc_column][\/vc_row]<\/p>\n","protected":false},"excerpt":{"rendered":"<p>[vc_row footer_feature=&#8221;yes&#8221; padding_top=&#8221;0&#8243; padding_bottom=&#8221;0&#8243; margin_bottom=&#8221;0&#8243; section_id=&#8221;2015&#8243;][vc_column css=&#8221;.vc_custom_1651571015472{padding-right: 4% !important;padding-left: 4% !important;background-position: center !important;background-repeat: no-repeat !important;background-size: contain !important;}&#8221;][vc_row_inner][vc_column_inner width=&#8221;1\/6&#8243;][\/vc_column_inner][vc_column_inner width=&#8221;2\/3&#8243;][\/vc_column_inner][vc_column_inner width=&#8221;1\/6&#8243;][\/vc_column_inner][\/vc_row_inner][vc_row_inner][vc_column_inner width=&#8221;1\/2&#8243;][\/vc_column_inner][vc_column_inner width=&#8221;1\/2&#8243;][\/vc_column_inner][\/vc_row_inner][vc_empty_space height=&#8221;100px&#8221;][\/vc_column][\/vc_row][vc_row section_id=&#8221;work&#8221; padding_top=&#8221;65&#8243;][vc_column css=&#8221;.vc_custom_1651570997068{padding-right: 4% !important;padding-left: 4% !important;}&#8221;][vc_tta_accordion][vc_tta_section title=&#8221;\u00bfQU\u00c9 ES LA LISTA REPRESENTATIVA DEL PATRIMONIO INMATERIAL?&#8221; tab_id=&#8221;1651068617080-17355b63-fca7&#8243;][vc_column_text]El Patrimonio Cultural Inmaterial forma parte de las declaraciones de la UNESCO para la preservaci\u00f3n del patrimonio [&hellip;]<\/p>\n","protected":false},"author":1,"featured_media":0,"parent":0,"menu_order":0,"comment_status":"closed","ping_status":"open","template":"page-templates\/template-patrimoine.php","meta":{"_monsterinsights_skip_tracking":false,"_monsterinsights_sitenote_active":false,"_monsterinsights_sitenote_note":"","_monsterinsights_sitenote_category":0,"_uf_show_specific_survey":0,"_uf_disable_surveys":false,"footnotes":""},"class_list":["post-22502","page","type-page","status-publish","hentry"],"_links":{"self":[{"href":"https:\/\/prometheus.museum\/es\/wp-json\/wp\/v2\/pages\/22502","targetHints":{"allow":["GET"]}}],"collection":[{"href":"https:\/\/prometheus.museum\/es\/wp-json\/wp\/v2\/pages"}],"about":[{"href":"https:\/\/prometheus.museum\/es\/wp-json\/wp\/v2\/types\/page"}],"author":[{"embeddable":true,"href":"https:\/\/prometheus.museum\/es\/wp-json\/wp\/v2\/users\/1"}],"replies":[{"embeddable":true,"href":"https:\/\/prometheus.museum\/es\/wp-json\/wp\/v2\/comments?post=22502"}],"version-history":[{"count":2,"href":"https:\/\/prometheus.museum\/es\/wp-json\/wp\/v2\/pages\/22502\/revisions"}],"predecessor-version":[{"id":22504,"href":"https:\/\/prometheus.museum\/es\/wp-json\/wp\/v2\/pages\/22502\/revisions\/22504"}],"wp:attachment":[{"href":"https:\/\/prometheus.museum\/es\/wp-json\/wp\/v2\/media?parent=22502"}],"curies":[{"name":"wp","href":"https:\/\/api.w.org\/{rel}","templated":true}]}}