{"id":23215,"date":"2022-06-28T16:23:40","date_gmt":"2022-06-28T14:23:40","guid":{"rendered":"https:\/\/prometheus.museum\/creation-du-musee\/"},"modified":"2022-10-20T12:03:00","modified_gmt":"2022-10-20T10:03:00","slug":"creacion-del-museo","status":"publish","type":"page","link":"https:\/\/prometheus.museum\/es\/creacion-del-museo\/","title":{"rendered":"Creaci\u00f3n del museo"},"content":{"rendered":"<p>[vc_row section_type=&#8221;fullwidth&#8221; header_feature=&#8221;yes&#8221; column_gap=&#8221;40&#8243; padding_top=&#8221;45&#8243; padding_bottom=&#8221;0&#8243; margin_bottom=&#8221;0&#8243;][vc_column css=&#8221;.vc_custom_1654634368803{padding-top: 45px !important;padding-right: 4% !important;padding-left: 4% !important;}&#8221;][vc_row_inner css=&#8221;.vc_custom_1657190714403{padding-bottom: 45px !important;}&#8221;][vc_column_inner width=&#8221;1\/2&#8243;][vc_column_text]El proyecto de hacer este museo se inici\u00f3 a principios de2020 dentro del proyecto Prometheus Interreg POCTEFA.\u00a0 Poco despu\u00e9s, en pleno confinamiento y cuando las fiestas no se pod\u00edan celebrar, creamos un museo provisional de urgencia, para sustituir de alguna manera aquellas fiestas que no se pod\u00edan celebrar en las calles de los pueblos. As\u00ed comenz\u00f3 a caminar el Prometheus.Museum.<\/p>\n<p>El Museo ha sido el resultado de un largo proceso donde ha participado muchas personas: los socios del proyecto, las asociaciones y comunidades fallaires, los ayuntamientos de los pueblos, las personas investigadoras de las fiestas . . .[\/vc_column_text][\/vc_column_inner][vc_column_inner width=&#8221;1\/2&#8243;][vc_column_text]La realizaci\u00f3n del proyecto ha movilizado a m\u00e1s de cien personas entre expertos en antropolog\u00eda y museolog\u00eda, especialistas en did\u00e1ctica, periodistas, artistas, fot\u00f3grafos, c\u00e1maras, realizadores de v\u00eddeo, dibujantes, inform\u00e1ticos, dise\u00f1adores de p\u00e1ginas webs, traductores, &#8230; En multitud de pueblos hemos entrevistado a personas que nos han explicado sus conocimientos, sus sentimientos, sus inquietudes. \u00a1Muchas gracias a todos!<\/p>\n<p>En los siguientes v\u00eddeos los miembros del equipo nos explican su participaci\u00f3n en el proyecto y c\u00f3mo \u00e9ste se ha llevado a cabo. En las referencias bibliogr\u00e1ficas podr\u00e9is conocer m\u00e1s la filosof\u00eda y los retos de este museo virtual.[\/vc_column_text][\/vc_column_inner][\/vc_row_inner]<div class=\"grve-element grve-hr \" style=\"\"><span class=\"grve-title-line grve-bg-primary-5\" style=\"width: 100%;height: 1px;\"><\/span><\/div>[\/vc_column][\/vc_row][vc_row padding_top=&#8221;85&#8243;][vc_column css=&#8221;.vc_custom_1654634056785{padding-right: 4% !important;padding-left: 4% !important;}&#8221;]<div class=\"grve-element grve-slogan grve-align-center grve-animated-item grve-fadeInLeft\" style=\"margin-bottom: 75px;\" data-delay=\"200\"><h3 class=\"grve-slogan-title grve-align-center grve-h2\"><span style=\"font-size: 140%; line-height: 1.120em;\">Equipo de coordinaci\u00f3n del museo<span class=\"grve-title-line grve-bg-primary-1\" style=\"width: 35%;height: 1px;\"><\/span><\/span><\/h3><\/div>[vc_row_inner css=&#8221;.vc_custom_1657203054172{padding-top: 15px !important;}&#8221;][vc_column_inner width=&#8221;1\/4&#8243; css=&#8221;.vc_custom_1657191607738{padding-right: 4% !important;padding-bottom: 2% !important;padding-left: 8% !important;}&#8221;]<div class=\"grve-element grve-image grve-animated-item grve-fadeInLeft grve-align-right\" style=\"\" data-delay=\"200\"><img loading=\"lazy\" decoding=\"async\" width=\"500\" height=\"500\" src=\"https:\/\/prometheus.museum\/wp-content\/uploads\/2022\/06\/Portrait-Sofia.jpg\" class=\"grve-circle attachment-full size-full\" alt=\"Sofia\" srcset=\"https:\/\/prometheus.museum\/wp-content\/uploads\/2022\/06\/Portrait-Sofia.jpg 1x,https:\/\/prometheus.museum\/wp-content\/uploads\/2022\/06\/Portrait-Sofia-retina.jpg 2x\" \/><\/div>[\/vc_column_inner][vc_column_inner width=&#8221;1\/4&#8243; css=&#8221;.vc_custom_1657191574279{padding-top: 5px !important;}&#8221;]<div class=\"grve-element grve-slogan grve-align-left grve-animated-item grve-fadeInDown\" style=\"margin-bottom: 0px;\" data-delay=\"200\"><h3 class=\"grve-slogan-title grve-align-left grve-h3\"><span>Sofia Isus<span class=\"grve-title-line grve-bg-primary-2\" style=\"width: 75%;height: 1px;\"><\/span><\/span><\/h3>  <p class=\"\">Directora de la C\u00e1tedra en Educaci\u00f3n y Patrimonio Inmaterial en los Pirineos, Universitat de Lleida. Fallaire de Isil.<\/p><\/div>[\/vc_column_inner][vc_column_inner width=&#8221;1\/4&#8243; css=&#8221;.vc_custom_1657191490122{padding-right: 4% !important;padding-bottom: 2% !important;padding-left: 8% !important;}&#8221;]<div class=\"grve-element grve-image grve-animated-item grve-fadeInLeft grve-align-right\" style=\"\" data-delay=\"200\"><img loading=\"lazy\" decoding=\"async\" width=\"500\" height=\"500\" src=\"https:\/\/prometheus.museum\/wp-content\/uploads\/2022\/06\/Portrait-Xavier.jpg\" class=\"grve-circle attachment-full size-full\" alt=\"Xavier\" srcset=\"https:\/\/prometheus.museum\/wp-content\/uploads\/2022\/06\/Portrait-Xavier.jpg 1x,https:\/\/prometheus.museum\/wp-content\/uploads\/2022\/06\/Portrait-Xavier-retina.jpg 2x\" \/><\/div>[\/vc_column_inner][vc_column_inner width=&#8221;1\/4&#8243; css=&#8221;.vc_custom_1657191580113{padding-top: 5px !important;}&#8221;]<div class=\"grve-element grve-slogan grve-align-left grve-animated-item grve-fadeInDown\" style=\"margin-bottom: 0px;\" data-delay=\"200\"><h3 class=\"grve-slogan-title grve-align-left grve-h3\"><span>Xavier Roig\u00e9 Ventura<span class=\"grve-title-line grve-bg-primary-2\" style=\"width: 75%;height: 1px;\"><\/span><\/span><\/h3>  <p class=\"\">Antrop\u00f3logo y muse\u00f3logo. Profesor Titular de la Universitat de Barcelona.<\/p><\/div>[\/vc_column_inner][\/vc_row_inner][vc_row_inner css=&#8221;.vc_custom_1654850554834{padding-bottom: 55px !important;}&#8221;][vc_column_inner width=&#8221;1\/2&#8243; css=&#8221;.vc_custom_1663324756926{padding-top: 4% !important;padding-right: 4% !important;padding-bottom: 4% !important;padding-left: 4% !important;}&#8221;][vc_raw_html css=&#8221;.vc_custom_1666260133118{margin-top: 0px !important;padding-top: 0px !important;}&#8221;]JTVCRWxpdGVfdmlkZW9fcGxheWVyJTIwaWQlM0QlMjI0OCUyMiU1RA==[\/vc_raw_html][\/vc_column_inner][vc_column_inner width=&#8221;1\/2&#8243; css=&#8221;.vc_custom_1663324763945{padding-top: 4% !important;padding-right: 4% !important;padding-bottom: 4% !important;padding-left: 4% !important;}&#8221;][vc_raw_html css=&#8221;.vc_custom_1666260142002{margin-top: 0px !important;padding-top: 0px !important;}&#8221;]JTVCRWxpdGVfdmlkZW9fcGxheWVyJTIwaWQlM0QlMjI0OSUyMiU1RA==[\/vc_raw_html][\/vc_column_inner][\/vc_row_inner][vc_row_inner][vc_column_inner width=&#8221;1\/4&#8243; css=&#8221;.vc_custom_1657191720870{padding-right: 4% !important;padding-bottom: 2% !important;padding-left: 8% !important;}&#8221;]<div class=\"grve-element grve-image grve-animated-item grve-fadeInLeft grve-align-right\" style=\"\" data-delay=\"200\"><img loading=\"lazy\" decoding=\"async\" width=\"500\" height=\"500\" src=\"https:\/\/prometheus.museum\/wp-content\/uploads\/2022\/06\/Portrait-Virginie-1.jpg\" class=\"grve-circle attachment-full size-full\" alt=\"Virginie\" srcset=\"https:\/\/prometheus.museum\/wp-content\/uploads\/2022\/06\/Portrait-Virginie-1.jpg 1x,https:\/\/prometheus.museum\/wp-content\/uploads\/2022\/06\/Portrait-Virginie-retina-1.jpg 2x\" \/><\/div>[\/vc_column_inner][vc_column_inner width=&#8221;1\/4&#8243; css=&#8221;.vc_custom_1655394454912{padding-top: 5px !important;}&#8221;]<div class=\"grve-element grve-slogan grve-align-left grve-animated-item grve-fadeInDown\" style=\"margin-bottom: 0px;\" data-delay=\"200\"><h3 class=\"grve-slogan-title grve-align-left grve-h3\"><span>Virginie Soulier<span class=\"grve-title-line grve-bg-primary-2\" style=\"width: 75%;height: 1px;\"><\/span><\/span><\/h3>  <p class=\"\">Maitre de confer\u00e9nces en museolog\u00eda y ciencias de la informaci\u00f3n en la Universit\u00e9 de Perpignan-Via Domitia.<\/p><\/div>[\/vc_column_inner][vc_column_inner width=&#8221;1\/4&#8243; css=&#8221;.vc_custom_1657191726354{padding-right: 4% !important;padding-bottom: 2% !important;padding-left: 8% !important;}&#8221;]<div class=\"grve-element grve-image grve-animated-item grve-fadeInLeft grve-align-right\" style=\"\" data-delay=\"200\"><img loading=\"lazy\" decoding=\"async\" width=\"500\" height=\"500\" src=\"https:\/\/prometheus.museum\/wp-content\/uploads\/2022\/06\/Portrait-Mathilde.jpg\" class=\"grve-circle attachment-full size-full\" alt=\"Mathilde\" srcset=\"https:\/\/prometheus.museum\/wp-content\/uploads\/2022\/06\/Portrait-Mathilde.jpg 1x,https:\/\/prometheus.museum\/wp-content\/uploads\/2022\/06\/Portrait-Mathilde-retina.jpg 2x\" \/><\/div>[\/vc_column_inner][vc_column_inner width=&#8221;1\/4&#8243; css=&#8221;.vc_custom_1655394460331{padding-top: 5px !important;}&#8221;]<div class=\"grve-element grve-slogan grve-align-left grve-animated-item grve-fadeInDown\" style=\"margin-bottom: 0px;\" data-delay=\"200\"><h3 class=\"grve-slogan-title grve-align-left grve-h3\"><span>Mathilde Lamothe<span class=\"grve-title-line grve-bg-primary-2\" style=\"width: 75%;height: 1px;\"><\/span><\/span><\/h3>  <p class=\"\">Etn\u00f2loga. Investigadora en el CIRDOC-Institut Occitan de Cultura.<\/p><\/div>[\/vc_column_inner][\/vc_row_inner][vc_row_inner css=&#8221;.vc_custom_1654850554834{padding-bottom: 55px !important;}&#8221;][vc_column_inner width=&#8221;1\/2&#8243; css=&#8221;.vc_custom_1663325292194{padding-top: 4% !important;padding-right: 4% !important;padding-bottom: 4% !important;padding-left: 4% !important;}&#8221;][vc_raw_html css=&#8221;.vc_custom_1666260150356{margin-top: 0px !important;padding-top: 0px !important;}&#8221;]JTVCRWxpdGVfdmlkZW9fcGxheWVyJTIwaWQlM0QlMjI1MCUyMiU1RA==[\/vc_raw_html][\/vc_column_inner][vc_column_inner width=&#8221;1\/2&#8243; css=&#8221;.vc_custom_1663325299729{padding-top: 4% !important;padding-right: 4% !important;padding-bottom: 4% !important;padding-left: 4% !important;}&#8221;][vc_raw_html css=&#8221;.vc_custom_1666260162342{margin-top: 0px !important;padding-top: 0px !important;}&#8221;]JTVCRWxpdGVfdmlkZW9fcGxheWVyJTIwaWQlM0QlMjI1MSUyMiU1RA==[\/vc_raw_html][\/vc_column_inner][\/vc_row_inner][vc_row_inner][vc_column_inner width=&#8221;1\/4&#8243;][\/vc_column_inner][vc_column_inner width=&#8221;1\/4&#8243; css=&#8221;.vc_custom_1657191737024{padding-right: 4% !important;padding-bottom: 2% !important;padding-left: 8% !important;}&#8221;]<div class=\"grve-element grve-image grve-animated-item grve-fadeInLeft grve-align-right\" style=\"\" data-delay=\"200\"><img loading=\"lazy\" decoding=\"async\" width=\"500\" height=\"500\" src=\"https:\/\/prometheus.museum\/wp-content\/uploads\/2022\/06\/Portrait-Marc.jpg\" class=\"grve-circle attachment-full size-full\" alt=\"Marc\" srcset=\"https:\/\/prometheus.museum\/wp-content\/uploads\/2022\/06\/Portrait-Marc.jpg 1x,https:\/\/prometheus.museum\/wp-content\/uploads\/2022\/06\/Portrait-Marc-retina.jpg 2x\" \/><\/div>[\/vc_column_inner][vc_column_inner width=&#8221;1\/4&#8243; css=&#8221;.vc_custom_1655818028510{padding-top: 5px !important;}&#8221;]<div class=\"grve-element grve-slogan grve-align-left grve-animated-item grve-fadeInDown\" style=\"margin-bottom: 0px;\" data-delay=\"200\"><h3 class=\"grve-slogan-title grve-align-left grve-h3\"><span>Marc Ballest\u00e9 Escorihuela<span class=\"grve-title-line grve-bg-primary-2\" style=\"width: 75%;height: 1px;\"><\/span><\/span><\/h3>  <p class=\"\">Investigador postdoctoral en la C\u00e0tedra en Educaci\u00f3 i Patrimoni Immaterial als Pirineus, Universitat de Lleida.<\/p><\/div>[\/vc_column_inner][vc_column_inner width=&#8221;1\/4&#8243; css=&#8221;.vc_custom_1654850730616{padding-top: 55px !important;}&#8221;][\/vc_column_inner][\/vc_row_inner][vc_row_inner css=&#8221;.vc_custom_1654850554834{padding-bottom: 55px !important;}&#8221;][vc_column_inner width=&#8221;1\/4&#8243; css=&#8221;.vc_custom_1654634590813{padding-left: 4% !important;}&#8221;][\/vc_column_inner][vc_column_inner width=&#8221;1\/2&#8243; css=&#8221;.vc_custom_1663325306597{padding-top: 4% !important;padding-right: 4% !important;padding-bottom: 4% !important;padding-left: 4% !important;}&#8221;][vc_raw_html css=&#8221;.vc_custom_1666260173078{margin-top: 0px !important;padding-top: 0px !important;}&#8221;]JTVCRWxpdGVfdmlkZW9fcGxheWVyJTIwaWQlM0QlMjI1MiUyMiU1RA==[\/vc_raw_html][\/vc_column_inner][vc_column_inner width=&#8221;1\/4&#8243;][\/vc_column_inner][\/vc_row_inner]<div class=\"grve-element grve-hr \" style=\"\"><span class=\"grve-title-line grve-bg-primary-5\" style=\"width: 100%;height: 1px;\"><\/span><\/div>[\/vc_column][\/vc_row][vc_row column_gap=&#8221;40&#8243; padding_top=&#8221;0&#8243; padding_bottom=&#8221;0&#8243; margin_bottom=&#8221;35&#8243;][vc_column css=&#8221;.vc_custom_1654634368803{padding-top: 45px !important;padding-right: 4% !important;padding-left: 4% !important;}&#8221;][vc_row_inner][vc_column_inner]<div class=\"grve-element grve-slogan grve-align-left grve-animated-item grve-fadeInLeft\" style=\"margin-bottom: 25px;\" data-delay=\"200\"><h3 class=\"grve-slogan-title grve-align-left grve-h3\"><span>Para conocer m\u00e1s + c\u00f3mo se ha pensado el museo y su filosof\u00eda<\/span><\/h3><\/div>[\/vc_column_inner][\/vc_row_inner][vc_row_inner css=&#8221;.vc_custom_1657190714403{padding-bottom: 45px !important;}&#8221;][vc_column_inner width=&#8221;1\/3&#8243;][vc_column_text]Roig\u00e9, X.; Soulier, V.; Lamothe, M.; Ballest\u00e9, M.; Bellas, L. (2022) \u201cEl Projecte del museu virtual PROMETHEUS\u201d. F\u00e0bregas, P.; Farran, C. (eds.) <em>Actes del Simposi Internacional Festes del Foc dels Solsticis als Pirineus<\/em> Barcelona: Generalitat de Catalunya. Departament de Cultura, 222-235.[\/vc_column_text][\/vc_column_inner][vc_column_inner width=&#8221;1\/3&#8243;][vc_column_text]Roig\u00e9 Ventura, X.; Bellas, L.; Soulier, V. (2022). El Museo Virtual de las Fiestas del Fuego del Pirineo. Un museo en l\u00ednea a partir del patrimonio inmaterial. En CIMED21 &#8211; <em>I Congreso internacional de museos y estrategias digitales<\/em>. Editorial Universitat Polit\u00e8cnica de Val\u00e8ncia. 151-166. <a href=\"https:\/\/doi.org\/10.4995\/CIMED21.2021.12673\" target=\"_blank\" rel=\"noopener\">https:\/\/doi.org<\/a>[\/vc_column_text][\/vc_column_inner][vc_column_inner width=&#8221;1\/3&#8243;][vc_column_text]Soulier, V.\u00a0; Roig\u00e9, X. (2022) \u00ab Comment valoriser le patrimoine culturel immat\u00e9riel via un mus\u00e9e num\u00e9rique : Le projet Prometheus.museum \u00bb, <em>Communication &amp; langages<\/em>, 211, 87-109. [\/vc_column_text][\/vc_column_inner][\/vc_row_inner]<div class=\"grve-element grve-hr \" style=\"\"><span class=\"grve-title-line grve-bg-primary-5\" style=\"width: 100%;height: 1px;\"><\/span><\/div>[\/vc_column][\/vc_row][vc_row section_type=&#8221;fullwidth&#8221; column_gap=&#8221;40&#8243; padding_top=&#8221;0&#8243; margin_bottom=&#8221;95&#8243;][vc_column css=&#8221;.vc_custom_1655818068971{padding-top: 45px !important;padding-right: 4% !important;padding-bottom: 15px !important;padding-left: 4% !important;}&#8221;]<div class=\"grve-element grve-image grve-animated-item grve-fadeInUp grve-align-center\" style=\"\" data-delay=\"200\"><img loading=\"lazy\" decoding=\"async\" width=\"1000\" height=\"403\" src=\"https:\/\/prometheus.museum\/wp-content\/uploads\/2022\/06\/Photo-de-groupe.jpg\" class=\"attachment-full size-full\" alt=\"Commissaires scientifiques du Mus\u00e9e\" srcset=\"https:\/\/prometheus.museum\/wp-content\/uploads\/2022\/06\/Photo-de-groupe.jpg 1x,https:\/\/prometheus.museum\/wp-content\/uploads\/2022\/06\/Photo-de-groupe-retina.jpg 2x\" \/><\/div>[\/vc_column][\/vc_row][vc_row][vc_column][\/vc_column][\/vc_row]<\/p>\n","protected":false},"excerpt":{"rendered":"<p>[vc_row section_type=&#8221;fullwidth&#8221; header_feature=&#8221;yes&#8221; column_gap=&#8221;40&#8243; padding_top=&#8221;45&#8243; padding_bottom=&#8221;0&#8243; margin_bottom=&#8221;0&#8243;][vc_column css=&#8221;.vc_custom_1654634368803{padding-top: 45px !important;padding-right: 4% !important;padding-left: 4% !important;}&#8221;][vc_row_inner css=&#8221;.vc_custom_1657190714403{padding-bottom: 45px !important;}&#8221;][vc_column_inner width=&#8221;1\/2&#8243;][vc_column_text]El proyecto de hacer este museo se inici\u00f3 a principios de2020 dentro del proyecto Prometheus Interreg POCTEFA.\u00a0 Poco despu\u00e9s, en pleno confinamiento y cuando las fiestas no se pod\u00edan celebrar, creamos un museo provisional de urgencia, para sustituir [&hellip;]<\/p>\n","protected":false},"author":1,"featured_media":0,"parent":0,"menu_order":0,"comment_status":"closed","ping_status":"open","template":"page-templates\/template-guidee.php","meta":{"_monsterinsights_skip_tracking":false,"_monsterinsights_sitenote_active":false,"_monsterinsights_sitenote_note":"","_monsterinsights_sitenote_category":0,"_uf_show_specific_survey":0,"_uf_disable_surveys":false,"footnotes":""},"class_list":["post-23215","page","type-page","status-publish","hentry"],"_links":{"self":[{"href":"https:\/\/prometheus.museum\/es\/wp-json\/wp\/v2\/pages\/23215","targetHints":{"allow":["GET"]}}],"collection":[{"href":"https:\/\/prometheus.museum\/es\/wp-json\/wp\/v2\/pages"}],"about":[{"href":"https:\/\/prometheus.museum\/es\/wp-json\/wp\/v2\/types\/page"}],"author":[{"embeddable":true,"href":"https:\/\/prometheus.museum\/es\/wp-json\/wp\/v2\/users\/1"}],"replies":[{"embeddable":true,"href":"https:\/\/prometheus.museum\/es\/wp-json\/wp\/v2\/comments?post=23215"}],"version-history":[{"count":3,"href":"https:\/\/prometheus.museum\/es\/wp-json\/wp\/v2\/pages\/23215\/revisions"}],"predecessor-version":[{"id":23223,"href":"https:\/\/prometheus.museum\/es\/wp-json\/wp\/v2\/pages\/23215\/revisions\/23223"}],"wp:attachment":[{"href":"https:\/\/prometheus.museum\/es\/wp-json\/wp\/v2\/media?parent=23215"}],"curies":[{"name":"wp","href":"https:\/\/api.w.org\/{rel}","templated":true}]}}