{"id":23252,"date":"2022-05-03T08:01:06","date_gmt":"2022-05-03T08:01:06","guid":{"rendered":"https:\/\/prometheus.museum\/carte-interactive\/"},"modified":"2022-10-23T12:53:15","modified_gmt":"2022-10-23T10:53:15","slug":"mapa-interactivo","status":"publish","type":"page","link":"https:\/\/prometheus.museum\/es\/mapa-interactivo\/","title":{"rendered":"Mapa interactivo"},"content":{"rendered":"<p>[vc_row section_id=&#8221;map&#8221;][vc_column width=&#8221;1\/6&#8243;][\/vc_column][vc_column width=&#8221;2\/3&#8243; css=&#8221;.vc_custom_1657459057755{padding-bottom: 45px !important;}&#8221;]<div class=\"grve-element grve-slogan grve-align-center grve-animated-item grve-fadeInUp\" style=\"\" data-delay=\"200\"><h2 class=\"grve-slogan-title grve-align-center grve-h2\"><span style=\"font-size: 120%; line-height: 1.120em;\">Una fiesta, varios pueblos<\/span><\/h2>  <p class=\"grve-leader-text\">Une centaine de villages dont 63 sont reconnus par l\u2019UNESCO, c\u00e9l\u00e8bre la f\u00eate du feu des solstices. Chaque village a sa propre f\u00eate avec des caract\u00e9ristiques sp\u00e9cifiques. Trouvez votre f\u00eate ici.<\/p><\/div>[\/vc_column][vc_column width=&#8221;1\/6&#8243;][\/vc_column][\/vc_row][vc_row][vc_column]<div class=\"grve-element grve-hr \" style=\"padding-top: 0px;padding-bottom: 5px;\"><div class=\"grve-dashed-line-divider\"><\/div><\/div>[\/vc_column][\/vc_row][vc_row section_type=&#8221;fullwidth&#8221; section_full_height=&#8221;fullheight&#8221; footer_feature=&#8221;yes&#8221; margin_bottom=&#8221;0&#8243;][vc_column][vc_column_text]        <div id=\"store_locator\" class=\"store-locator-container-fluid store_locator modal-body \" >            <div class=\"store-locator-row\">                        <div id=\"store_locator_sidebar\" class=\"store_locator_sidebar store-locator-col-12 store-locator-col-sm-12 store-locator-col-md-3 store-locator-order-first\">            <div id=\"store_locator_sidebar_content\" class=\"store_locator_sidebar_content store-locator-row\">                    <div id=\"store_locator_search_box\" class=\"store_locator_search_box store-locator-col-12 store-locator-col-sm-12 \">            <div class=\"store-locator-row\">            <div class=\"store-locator-col-12 store-locator-col-sm-12 store-locator-col-md-12 wordpress-store-locator-block-search_title\">        <h2 class=\"store_modal_title\">Encuentra tu pueblo m\u00e1s cercano<\/h2>                <span id=\"store_locator_filter_active_filter_box\" class=\"store_locator_filter_active_filter_box\">           <small>Filtro activo:<\/small> <span id=\"store_locator_filter_active_filter\"><\/span>        <\/span>        <\/div><div class=\"store-locator-col-12 store-locator-col-sm-12 store-locator-col-md-12 wordpress-store-locator-block-address_field\">        <div class=\"wordpress-store-locator-address-container\">            <div class=\"store-locator-row\">                <div class=\"store-locator-col-12 store-locator-col-sm-12\">                                        <h5 class=\"wordpress-store-locator-address-title\">Direcci\u00f3n<\/h5>                                        <input id=\"store_locator_address_field\" class=\"store_locator_address_field\" type=\"text\" name=\"location\" placeholder=\"Introduce tu direcci\u00f3n\" value=\"\">                            <a href=\"#\" id=\"store_locator_get_my_position\" class=\"store_locator_text_actions\"><i class=\"fa fa-crosshairs\"><\/i> Obtener mi ubicaci\u00f3n<\/a>                <a href=\"#\" id=\"store_locator_reset_filters\" class=\"store_locator_text_actions\"><i class=\"fa fa-eraser\"><\/i> R\u00e9initialiser les filtres  <\/a>                 <a href=\"#\" id=\"store_locator_get_all_stores\" class=\"store_locator_text_actions\"><i class=\"fa fa-globe\"><\/i> Mostrar todos los pueblos<\/a>                        <\/div>            <\/div>        <\/div>        <\/div><div class=\"store-locator-col-12 store-locator-col-sm-12 store-locator-col-md-12 wordpress-store-locator-block-search_button\">        <div class=\"wordpress-store-locator-search-container\">            <div class=\"store-locator-row\">                <div class=\"store-locator-col-12 store-locator-col-sm-12\">                    <button id=\"store_locator_find_stores_button\" type=\"button\" class=\"store_locator_find_stores_button btn button et_pb_button btn-primary btn-lg\">                        Encuentra una ciudad                    <\/button>                <\/div>            <\/div>        <\/div>        <\/div><div class=\"store-locator-col-12 store-locator-col-sm-12 store-locator-col-md-12 wordpress-store-locator-block-filter\">        <div class=\"wordpress-store-locator-filter-container\">            <div class=\"store-locator-row\">                <div id=\"store_locator_filter\" class=\"store_locator_filter\">                    <div id=\"store_locator_filter_open_close\" class=\"store_locator_filter_open_close store-locator-col-12 store-locator-col-sm-12\">                        <h3 class=\"store_locator_filter_title\">Filtrar<\/h3> <i class=\"fas fa-chevron-down text-right\"><\/i>                    <\/div>                    <div id=\"store_locator_filter_content\" class=\"store_locator_filter_content\" style=\"display: none;\">                        <div class=\"store-locator-row\">                                                        <div class=\"store-locator-col-12 store-locator-col-sm-12 store-locator-col-md-12 wordpress-store-locator-block-radius_filter\">        <div class=\"store-locator-col-12 store-locator-col-sm-12 single_filter store-locator-radius-filter\">                                                <select name=\"radius\" id=\"store_locator_filter_radius\" class=\"select store_locator_filter_radius\">            <option value=\"25\" >25 km<\/option><option value=\"50\" >50 km<\/option><option value=\"100\" >100 km<\/option><option value=\"200\" >200 km<\/option><option value=\"300\" selected=\"selected\">300 km<\/option><option value=\"500\" >500 km<\/option><option value=\"1000\" >1000 km<\/option>            <\/select>        <\/div>        <\/div><div class=\"store-locator-col-12 store-locator-col-sm-12 store-locator-col-md-12 wordpress-store-locator-block-store_filter\">        <div class=\"store-locator-col-12 store-locator-col-sm-12  store-locator-filters\">        <div class=\"store-locator-row\">                    <\/div>        <\/div>        <\/div><div class=\"store-locator-col-12 store-locator-col-sm-12 store-locator-col-md-12 wordpress-store-locator-block-store_categories\">        <div class=\"store-locator-col-12 store-locator-col-sm-12 single_filter store-locator-categories\">                                                            <select name=\"categories\" id=\"store_locator_filter_categories\" class=\"select store_locator_filter_categories\">                    <option value=\"105\"  data-icon=\"\">Espa\u00f1a<\/option>                <\/select>                                    <\/div>     <\/div>                        <\/div>                    <\/div>                <\/div>            <\/div>        <\/div>        <\/div>            <\/div>        <\/div>                <div id=\"store_locator_result_list_box\" class=\"store_locator_result_list_box store-locator-col-12 store-locator-col-sm-12\">            <hr class=\"grey\">                        <div id=\"store_locator_result_list\" class=\"store-locator-row\" style=\"display: block;\">                            <\/div>        <\/div>                    <\/div>        <\/div>                <div id=\"store_locator_main\" class=\"store_locator_main  store-locator-col-12 store-locator-col-sm-12 store-locator-col-md-9\">            <div id=\"store_locator_map\" style=\"height: 100%;\"><\/div>            <div id=\"store_locator_dragged_button\" class=\"btn button et_pb_button button-primary theme-button store_locator_dragged_button\">                Buscar en esta \u00e1rea            <\/div>        <\/div>                    <\/div>            <button type=\"button\" id=\"store_modal_close\" class=\"store_modal_close\" data-dismiss=\"modal\" aria-label=\"Close\"><span aria-hidden=\"true\">&times;<\/span><\/button>            <div id=\"store_locator_loading\" class=\"store_locator_loading store_locator_hidden\"><i class=\"fas fa-spinner fa-spin fa-3x\"><\/i><\/div>        <\/div>    [\/vc_column_text][\/vc_column][\/vc_row]<\/p>\n","protected":false},"excerpt":{"rendered":"<p>[vc_row section_id=&#8221;map&#8221;][vc_column width=&#8221;1\/6&#8243;][\/vc_column][vc_column width=&#8221;2\/3&#8243; css=&#8221;.vc_custom_1657459057755{padding-bottom: 45px !important;}&#8221;][\/vc_column][vc_column width=&#8221;1\/6&#8243;][\/vc_column][\/vc_row][vc_row][vc_column][\/vc_column][\/vc_row][vc_row section_type=&#8221;fullwidth&#8221; section_full_height=&#8221;fullheight&#8221; footer_feature=&#8221;yes&#8221; margin_bottom=&#8221;0&#8243;][vc_column][vc_column_text][\/vc_column_text][\/vc_column][\/vc_row]<\/p>\n","protected":false},"author":1,"featured_media":0,"parent":0,"menu_order":0,"comment_status":"closed","ping_status":"open","template":"page-templates\/template-patrimoine.php","meta":{"_monsterinsights_skip_tracking":false,"_monsterinsights_sitenote_active":false,"_monsterinsights_sitenote_note":"","_monsterinsights_sitenote_category":0,"_uf_show_specific_survey":0,"_uf_disable_surveys":false,"footnotes":""},"class_list":["post-23252","page","type-page","status-publish","hentry"],"_links":{"self":[{"href":"https:\/\/prometheus.museum\/es\/wp-json\/wp\/v2\/pages\/23252","targetHints":{"allow":["GET"]}}],"collection":[{"href":"https:\/\/prometheus.museum\/es\/wp-json\/wp\/v2\/pages"}],"about":[{"href":"https:\/\/prometheus.museum\/es\/wp-json\/wp\/v2\/types\/page"}],"author":[{"embeddable":true,"href":"https:\/\/prometheus.museum\/es\/wp-json\/wp\/v2\/users\/1"}],"replies":[{"embeddable":true,"href":"https:\/\/prometheus.museum\/es\/wp-json\/wp\/v2\/comments?post=23252"}],"version-history":[{"count":3,"href":"https:\/\/prometheus.museum\/es\/wp-json\/wp\/v2\/pages\/23252\/revisions"}],"predecessor-version":[{"id":23472,"href":"https:\/\/prometheus.museum\/es\/wp-json\/wp\/v2\/pages\/23252\/revisions\/23472"}],"wp:attachment":[{"href":"https:\/\/prometheus.museum\/es\/wp-json\/wp\/v2\/media?parent=23252"}],"curies":[{"name":"wp","href":"https:\/\/api.w.org\/{rel}","templated":true}]}}