{"id":23399,"date":"2022-04-29T07:40:12","date_gmt":"2022-04-29T07:40:12","guid":{"rendered":"https:\/\/prometheus.museum\/partager\/savoir-faire\/"},"modified":"2022-11-09T09:53:28","modified_gmt":"2022-11-09T08:53:28","slug":"saber-hacer","status":"publish","type":"page","link":"https:\/\/prometheus.museum\/es\/compartir\/saber-hacer\/","title":{"rendered":"Saber hacer"},"content":{"rendered":"<p>[vc_row][vc_column][vc_row_inner css=&#8221;.vc_custom_1654861065146{margin-bottom: 55px !important;}&#8221;][vc_column_inner width=&#8221;1\/6&#8243; css=&#8221;.vc_custom_1654861078966{padding-right: 4% !important;padding-left: 4% !important;}&#8221;][\/vc_column_inner][vc_column_inner width=&#8221;2\/3&#8243;]<div class=\"grve-element grve-slogan grve-align-center\" style=\"\">  <p class=\"grve-leader-text\">Hay dos tutoriales disponibles para que aprendas a hacer un brandon\/eth har o eth halhar (en occitano-gasc\u00f3n):<\/p><\/div>[\/vc_column_inner][vc_column_inner width=&#8221;1\/6&#8243;][\/vc_column_inner][\/vc_row_inner][vc_row_inner css=&#8221;.vc_custom_1654861065146{margin-bottom: 55px !important;}&#8221;][vc_column_inner css=&#8221;.vc_custom_1654861078966{padding-right: 4% !important;padding-left: 4% !important;}&#8221;][vc_column_text]<\/p>\n<ul>\n<li>Una versi\u00f3n corta (en franc\u00e9s con subt\u00edtulos en occitano) est\u00e1 dirigida al p\u00fablico en general para descubrir los conocimientos relacionados con la fabricaci\u00f3n de brandon.<\/li>\n<li>Una versi\u00f3n larga (en franc\u00e9s subtitulada en occitano) est\u00e1 dirigida a un p\u00fablico informado, con el fin de conocer las t\u00e9cnicas y materiales utilizados.<\/li>\n<\/ul>\n<p>El brandon elaborado en R\u00e9gades es un ejemplo que no tiene valor normativo: hay otros brandons que tienen su propia particularidad (con o sin paja, menos esquinas, diferente sistema de encendido, etc.). Se trata sobre todo de dar indicaciones a quienes han perdido el saber hacer de la fabricaci\u00f3n o simplemente quieren descubrirlo, para seguir transmitiendo la tradici\u00f3n del brandon de la <em>Saint-Jean \/ eth halhar de Sent Joan<\/em>.[\/vc_column_text][\/vc_column_inner][\/vc_row_inner][vc_row_inner][vc_column_inner width=&#8221;1\/6&#8243;][\/vc_column_inner][vc_column_inner width=&#8221;2\/3&#8243;][vc_column_text]<em>Video corto<\/em>[\/vc_column_text][vc_raw_html]JTVCRWxpdGVfdmlkZW9fcGxheWVyJTIwaWQlM0QlMjIxNyUyMiU1RA==[\/vc_raw_html][\/vc_column_inner][vc_column_inner width=&#8221;1\/6&#8243;][\/vc_column_inner][\/vc_row_inner][vc_row_inner][vc_column_inner width=&#8221;1\/6&#8243;][\/vc_column_inner][vc_column_inner width=&#8221;2\/3&#8243;][vc_column_text]<em>video largo<\/em>[\/vc_column_text][vc_raw_html]JTVCRWxpdGVfdmlkZW9fcGxheWVyJTIwaWQlM0QlMjIxOCUyMiU1RA==[\/vc_raw_html][\/vc_column_inner][vc_column_inner width=&#8221;1\/6&#8243;][\/vc_column_inner][\/vc_row_inner][\/vc_column][\/vc_row]<\/p>\n","protected":false},"excerpt":{"rendered":"<p>[vc_row][vc_column][vc_row_inner css=&#8221;.vc_custom_1654861065146{margin-bottom: 55px !important;}&#8221;][vc_column_inner width=&#8221;1\/6&#8243; css=&#8221;.vc_custom_1654861078966{padding-right: 4% !important;padding-left: 4% !important;}&#8221;][\/vc_column_inner][vc_column_inner width=&#8221;2\/3&#8243;][\/vc_column_inner][vc_column_inner width=&#8221;1\/6&#8243;][\/vc_column_inner][\/vc_row_inner][vc_row_inner css=&#8221;.vc_custom_1654861065146{margin-bottom: 55px !important;}&#8221;][vc_column_inner css=&#8221;.vc_custom_1654861078966{padding-right: 4% !important;padding-left: 4% !important;}&#8221;][vc_column_text] Una versi\u00f3n corta (en franc\u00e9s con subt\u00edtulos en occitano) est\u00e1 dirigida al p\u00fablico en general para descubrir los conocimientos relacionados con la fabricaci\u00f3n de brandon. Una versi\u00f3n larga (en franc\u00e9s subtitulada en occitano) est\u00e1 dirigida [&hellip;]<\/p>\n","protected":false},"author":1,"featured_media":0,"parent":23387,"menu_order":0,"comment_status":"closed","ping_status":"open","template":"page-templates\/template-partager.php","meta":{"_monsterinsights_skip_tracking":false,"_monsterinsights_sitenote_active":false,"_monsterinsights_sitenote_note":"","_monsterinsights_sitenote_category":0,"_uf_show_specific_survey":0,"_uf_disable_surveys":false,"footnotes":""},"class_list":["post-23399","page","type-page","status-publish","hentry"],"_links":{"self":[{"href":"https:\/\/prometheus.museum\/es\/wp-json\/wp\/v2\/pages\/23399","targetHints":{"allow":["GET"]}}],"collection":[{"href":"https:\/\/prometheus.museum\/es\/wp-json\/wp\/v2\/pages"}],"about":[{"href":"https:\/\/prometheus.museum\/es\/wp-json\/wp\/v2\/types\/page"}],"author":[{"embeddable":true,"href":"https:\/\/prometheus.museum\/es\/wp-json\/wp\/v2\/users\/1"}],"replies":[{"embeddable":true,"href":"https:\/\/prometheus.museum\/es\/wp-json\/wp\/v2\/comments?post=23399"}],"version-history":[{"count":2,"href":"https:\/\/prometheus.museum\/es\/wp-json\/wp\/v2\/pages\/23399\/revisions"}],"predecessor-version":[{"id":24183,"href":"https:\/\/prometheus.museum\/es\/wp-json\/wp\/v2\/pages\/23399\/revisions\/24183"}],"up":[{"embeddable":true,"href":"https:\/\/prometheus.museum\/es\/wp-json\/wp\/v2\/pages\/23387"}],"wp:attachment":[{"href":"https:\/\/prometheus.museum\/es\/wp-json\/wp\/v2\/media?parent=23399"}],"curies":[{"name":"wp","href":"https:\/\/api.w.org\/{rel}","templated":true}]}}