{"id":23401,"date":"2022-01-27T11:41:08","date_gmt":"2022-01-27T11:41:08","guid":{"rendered":"https:\/\/prometheus.museum\/gestion-des-cookies\/"},"modified":"2023-04-25T17:42:08","modified_gmt":"2023-04-25T15:42:08","slug":"politica-de-cookies","status":"publish","type":"page","link":"https:\/\/prometheus.museum\/es\/politica-de-cookies\/","title":{"rendered":"Pol\u00edtica de cookies"},"content":{"rendered":"<p>[vc_row][vc_column]<div class=\"grve-element grve-hr \" style=\"padding-bottom: 45px;\"><div class=\"grve-dashed-line-divider\"><\/div><\/div>[vc_row_inner][vc_column_inner][vc_column_text]<\/p>\n<h3>Politique de gestion des cookies<\/h3>\n<p>Lors de la consultation du site prometheus.museum, des cookies sont d\u00e9pos\u00e9s sur votre ordinateur, votre mobile ou votre tablette.<br \/>\nCette page vous permet de mieux comprendre comment fonctionnent les cookies et comment utiliser les outils actuels afin de les param\u00e9trer.<\/p>\n<p><strong>1 \u2013 Qu\u2019est-ce qu\u2019un cookie ?<\/strong><br \/>\n<strong>2 \u2013 Quels sont les diff\u00e9rents types de cookies utilis\u00e9s sur ce site ?<\/strong><br \/>\n<strong>3 \u2013 Comment accepter ou refuser les cookies ?<\/strong><\/p>\n<h4>1 \u2013 Qu\u2019est-ce qu\u2019un cookie ?<\/h4>\n<p>Un cookie est un petit fichier au format alphanum\u00e9rique d\u00e9pos\u00e9 sur le disque dur de l\u2019internaute par le serveur du site visit\u00e9 ou par un serveur tiers (r\u00e9gie publicitaire, service de web analytique, etc.).<br \/>\nLe terme de cookie est \u00e0 prendre au sens large et couvre l\u2019ensemble des traceurs (pixel tags, bugs, web storage\u2026) d\u00e9pos\u00e9s et\/ou lus, par exemple, lors de la consultation d\u2019un site internet ou d\u2019une application mobile ou lors de la consultation d\u2019une publicit\u00e9.<\/p>\n<p>Il contient plusieurs donn\u00e9es :<\/p>\n<ul>\n<li>le nom du serveur qui l\u2019a d\u00e9pos\u00e9<\/li>\n<li>un identifiant sous forme de num\u00e9ro unique<\/li>\n<li>\u00e9ventuellement une date d\u2019expiration<\/li>\n<\/ul>\n<p>Ces informations sont parfois stock\u00e9es sur votre ordinateur ou smartphone dans un simple fichier texte auquel un serveur acc\u00e8de pour lire et enregistrer des informations.<br \/>\nLes cookies ont notamment pour but de collecter des informations relatives \u00e0 votre navigation sur ce site.<br \/>\nDans votre ordinateur les cookies sont g\u00e9r\u00e9s par votre navigateur internet (Internet Explorer, Firefox, Safari ou encore Google Chrome).<br \/>\nIls peuvent \u00eatre d\u00e9pos\u00e9s \u00e0 l\u2019occasion de la navigation sur ce site.<\/p>\n<h4>2 \u2013 Quels sont les diff\u00e9rents types de cookies utilis\u00e9s sur ce site ?<\/h4>\n<p>Diff\u00e9rents types de cookies sont utilis\u00e9s sur ce site, ils ont des finalit\u00e9s diff\u00e9rentes. Certains sont n\u00e9cessaires \u00e0 votre utilisation de ce site.<br \/>\n<strong>Les cookies strictement n\u00e9cessaires<\/strong><br \/>\nIl s\u2019agit des cookies n\u00e9cessaires au fonctionnement de ce site. Ils vous permettent d\u2019utiliser les principales fonctionnalit\u00e9s de ce site.<br \/>\n<strong>Les cookies analytiques<\/strong><br \/>\nIl s\u2019agit des cookies qui permettent de conna\u00eetre l\u2019utilisation et les performances de ce site et d\u2019en am\u00e9liorer le fonctionnement (par exemple, les pages le plus souvent consult\u00e9es\u2026).<\/p>\n<h4>3 \u2013 Comment accepter ou refuser les cookies ?<\/h4>\n<p>La plupart des navigateurs vous permettent de g\u00e9rer vos cookies pr\u00e9f\u00e9r\u00e9s. Vous pouvez r\u00e9gler votre navigateur pour refuser ou effacer certains cookies. G\u00e9n\u00e9ralement, vous pouvez \u00e9galement g\u00e9rer les technologies similaires de la m\u00eame fa\u00e7on, en utilisant vos navigateurs pr\u00e9f\u00e9r\u00e9s.<\/p>\n<p>Les liens suivants vous montrent comment r\u00e9gler les cookies en fonction des navigateurs :<\/p>\n<ul>\n<li>Si vous utilisez le navigateur Internet Explorer : <a href=\"http:\/\/windows.microsoft.com\/fr-FR\/windows-vista\/Block-or-allow-cookies\" target=\"_blank\" rel=\"noopener noreferrer\">www.windows.microsoft.com\/fr-FR\/windows-vista\/Block-or-allow-cookies<\/a><\/li>\n<li>Pour le navigateur Firefox <a href=\"http:\/\/support.mozilla.org\/fr\/kb\/activer-desactiver-cookies\" target=\"_blank\" rel=\"noopener noreferrer\">www.support.mozilla.org\/fr\/kb\/activer-desactiver-cookies<\/a><\/li>\n<li>Si vous utilisez le navigateur Google Chrome : <a href=\"https:\/\/support.google.com\/chrome\/answer\/95647?hl=fr\" target=\"_blank\" rel=\"noopener noreferrer\">www.support.google.com\/chrome\/answer\/95647?hl=fr<\/a><\/li>\n<\/ul>\n<p>Pour toute information, je vous invite \u00e0 consulter le site de la CNIL \u00e0 l\u2019adresse suivante :<br \/>\n<a href=\"https:\/\/www.cnil.fr\/fr\/cookies-les-outils-pour-les-maitriser\" target=\"_blank\" rel=\"noopener noreferrer\">www.cnil.fr\/fr\/cookies-les-outils-pour-les-maitriser<\/a><\/p>\n<p>[\/vc_column_text][\/vc_column_inner][\/vc_row_inner][\/vc_column][\/vc_row]<\/p>\n","protected":false},"excerpt":{"rendered":"<p>[vc_row][vc_column][vc_row_inner][vc_column_inner][vc_column_text] Politique de gestion des cookies Lors de la consultation du site prometheus.museum, des cookies sont d\u00e9pos\u00e9s sur votre ordinateur, votre mobile ou votre tablette. Cette page vous permet de mieux comprendre comment fonctionnent les cookies et comment utiliser les outils actuels afin de les param\u00e9trer. 1 \u2013 Qu\u2019est-ce qu\u2019un cookie ? 2 \u2013 Quels [&hellip;]<\/p>\n","protected":false},"author":1,"featured_media":0,"parent":0,"menu_order":0,"comment_status":"closed","ping_status":"open","template":"page-templates\/template-intro.php","meta":{"_monsterinsights_skip_tracking":false,"_monsterinsights_sitenote_active":false,"_monsterinsights_sitenote_note":"","_monsterinsights_sitenote_category":0,"_uf_show_specific_survey":0,"_uf_disable_surveys":false,"footnotes":""},"class_list":["post-23401","page","type-page","status-publish","hentry"],"_links":{"self":[{"href":"https:\/\/prometheus.museum\/es\/wp-json\/wp\/v2\/pages\/23401","targetHints":{"allow":["GET"]}}],"collection":[{"href":"https:\/\/prometheus.museum\/es\/wp-json\/wp\/v2\/pages"}],"about":[{"href":"https:\/\/prometheus.museum\/es\/wp-json\/wp\/v2\/types\/page"}],"author":[{"embeddable":true,"href":"https:\/\/prometheus.museum\/es\/wp-json\/wp\/v2\/users\/1"}],"replies":[{"embeddable":true,"href":"https:\/\/prometheus.museum\/es\/wp-json\/wp\/v2\/comments?post=23401"}],"version-history":[{"count":3,"href":"https:\/\/prometheus.museum\/es\/wp-json\/wp\/v2\/pages\/23401\/revisions"}],"predecessor-version":[{"id":24385,"href":"https:\/\/prometheus.museum\/es\/wp-json\/wp\/v2\/pages\/23401\/revisions\/24385"}],"wp:attachment":[{"href":"https:\/\/prometheus.museum\/es\/wp-json\/wp\/v2\/media?parent=23401"}],"curies":[{"name":"wp","href":"https:\/\/api.w.org\/{rel}","templated":true}]}}