{"id":23574,"date":"2022-04-29T06:03:06","date_gmt":"2022-04-29T06:03:06","guid":{"rendered":"https:\/\/prometheus.museum\/la-fete-a-lecole\/"},"modified":"2022-10-31T16:23:56","modified_gmt":"2022-10-31T15:23:56","slug":"la-fiesta-en-la-escuela","status":"publish","type":"page","link":"https:\/\/prometheus.museum\/es\/una-fiesta-para-todos\/la-fiesta-en-la-escuela\/","title":{"rendered":"La fiesta en la escuela"},"content":{"rendered":"<p>[vc_row section_id=&#8221;intro&#8221;][vc_column width=&#8221;1\/6&#8243; css=&#8221;.vc_custom_1652088176987{padding-right: 4% !important;padding-left: 4% !important;}&#8221;][\/vc_column][vc_column width=&#8221;2\/3&#8243;]<div class=\"grve-element grve-slogan grve-align-center\" style=\"\">  <p class=\"grve-leader-text\">Actualmente, las escuelas del territorio fallaire tienen a su alcance materiales did\u00e1cticos para trabajar las fiestas del fuego. Disponen de la Maleta Fallaire, una propuesta que acerca la tradici\u00f3n a las aulas de los Pirineos y permite conocer las fallas o &#8220;halhes&#8221; de todos los territorios, trabajando diferentes \u00e1mbitos de conocimiento.<\/p><\/div>[\/vc_column][vc_column width=&#8221;1\/6&#8243;][\/vc_column][\/vc_row][vc_row section_id=&#8221;intro&#8221; padding_top=&#8221;45&#8243;][vc_column css=&#8221;.vc_custom_1652088176987{padding-right: 4% !important;padding-left: 4% !important;}&#8221;]<div class=\"grve-element grve-hr \" style=\"padding-top: 15px;padding-bottom: 55px;\"><div class=\"grve-dashed-line-divider\"><\/div><\/div>[\/vc_column][\/vc_row][vc_row section_id=&#8221;valise&#8221;][vc_column width=&#8221;1\/2&#8243; css=&#8221;.vc_custom_1652088184622{padding-right: 4% !important;padding-left: 4% !important;}&#8221;]<div class=\"grve-element grve-slogan grve-align-left\" style=\"\"><h2 class=\"grve-slogan-title grve-align-left grve-h2\"><span style=\"font-size: 120%; line-height: 1.120em;\">La Maleta Fallaire<span class=\"grve-title-line grve-bg-primary-1\" style=\"width: 50%;height: 1px;\"><\/span><\/span><\/h2><\/div>[vc_column_text css=&#8221;.vc_custom_1667229806282{padding-bottom: 25px !important;}&#8221;]La Maleta Fallaire es un conjunto de seis actividades que facilita el descubrimiento de las fiestas del fuego de los solsticios en los Pirineos. Estas actividades tienen forma de juego, son manipulables y tratan diferentes aspectos de la tradici\u00f3n: la naturaleza, la sostenibilidad, las lenguas, el territorio, la historia, las m\u00fasicas y las danzas.<\/p>\n<p>Los maestros y las maestras pueden usarla como proyecto de aula o estableciendo las fiestas como centro de inter\u00e9s. Hay una maleta en cada centro de recursos pedag\u00f3gicos del territorio fallaire, pero pod\u00e9is descubrir las fichas de cada actividad al siguiente sitio web:[\/vc_column_text][vc_column_text]<iframe loading=\"lazy\" title=\"YouTube video player\" src=\"https:\/\/www.youtube.com\/embed\/2PkXiRIWLL0\" width=\"560\" height=\"315\" frameborder=\"0\" allowfullscreen=\"allowfullscreen\"><\/iframe>[\/vc_column_text][\/vc_column][vc_column width=&#8221;1\/2&#8243; css=&#8221;.vc_custom_1652088191273{padding-right: 4% !important;padding-left: 4% !important;}&#8221;]<div class=\"grve-element grve-slogan grve-align-left\" style=\"\"><h2 class=\"grve-slogan-title grve-align-left grve-h2\"><span style=\"font-size: 120%; line-height: 1.120em;\">Comunidad de Aprendizaje Virtual<span class=\"grve-title-line grve-bg-primary-1\" style=\"width: 50%;height: 1px;\"><\/span><\/span><\/h2><\/div>[vc_column_text css=&#8221;.vc_custom_1667229831372{padding-bottom: 45px !important;}&#8221;]Como un complemento a la Maleta Fallaire, todas las personas de la comunidad educativa interesadas con las fiestas del fuego y la educaci\u00f3n patrimonial tienen a su alcance una plataforma en l\u00ednea. Se denomina \u201cDebat a bat\u201d y facilita recursos, buenas pr\u00e1cticas, noticias y como indica su nombre, un espacio para el debate. Os animamos a descubrirla: <a href=\"https:\/\/www.debatabat.eu\/\" target=\"_blank\" rel=\"noopener\">www.debatabat.eu<\/a>[\/vc_column_text]<div class=\"grve-element grve-image grve-animated-item grve-fadeInUp grve-align-center\" style=\"\" data-delay=\"200\"><a href=\"https:\/\/www.debatabat.eu\/\" target=\"_blank\" class=\" \" rel=\"noopener\"><img loading=\"lazy\" decoding=\"async\" width=\"450\" height=\"450\" src=\"https:\/\/prometheus.museum\/wp-content\/uploads\/2022\/05\/Screen-Monitor-www.debatabat.eu-fr.png\" class=\"attachment-full size-full\" alt=\"www.debatabat.eu\" srcset=\"https:\/\/prometheus.museum\/wp-content\/uploads\/2022\/05\/Screen-Monitor-www.debatabat.eu-fr.png 1x,https:\/\/prometheus.museum\/wp-content\/uploads\/2022\/05\/Screen-Monitor-www.debatabat.eu-fr-retina.png 2x\" \/><\/a><\/div>[\/vc_column][\/vc_row]<\/p>\n","protected":false},"excerpt":{"rendered":"<p>[vc_row section_id=&#8221;intro&#8221;][vc_column width=&#8221;1\/6&#8243; css=&#8221;.vc_custom_1652088176987{padding-right: 4% !important;padding-left: 4% !important;}&#8221;][\/vc_column][vc_column width=&#8221;2\/3&#8243;][\/vc_column][vc_column width=&#8221;1\/6&#8243;][\/vc_column][\/vc_row][vc_row section_id=&#8221;intro&#8221; padding_top=&#8221;45&#8243;][vc_column css=&#8221;.vc_custom_1652088176987{padding-right: 4% !important;padding-left: 4% !important;}&#8221;][\/vc_column][\/vc_row][vc_row section_id=&#8221;valise&#8221;][vc_column width=&#8221;1\/2&#8243; css=&#8221;.vc_custom_1652088184622{padding-right: 4% !important;padding-left: 4% !important;}&#8221;][vc_column_text css=&#8221;.vc_custom_1667229806282{padding-bottom: 25px !important;}&#8221;]La Maleta Fallaire es un conjunto de seis actividades que facilita el descubrimiento de las fiestas del fuego de los solsticios en los Pirineos. Estas actividades tienen forma de [&hellip;]<\/p>\n","protected":false},"author":1,"featured_media":0,"parent":23584,"menu_order":0,"comment_status":"closed","ping_status":"open","template":"page-templates\/template-musee-enfants.php","meta":{"_monsterinsights_skip_tracking":false,"_monsterinsights_sitenote_active":false,"_monsterinsights_sitenote_note":"","_monsterinsights_sitenote_category":0,"_uf_show_specific_survey":0,"_uf_disable_surveys":false,"footnotes":""},"class_list":["post-23574","page","type-page","status-publish","hentry"],"_links":{"self":[{"href":"https:\/\/prometheus.museum\/es\/wp-json\/wp\/v2\/pages\/23574","targetHints":{"allow":["GET"]}}],"collection":[{"href":"https:\/\/prometheus.museum\/es\/wp-json\/wp\/v2\/pages"}],"about":[{"href":"https:\/\/prometheus.museum\/es\/wp-json\/wp\/v2\/types\/page"}],"author":[{"embeddable":true,"href":"https:\/\/prometheus.museum\/es\/wp-json\/wp\/v2\/users\/1"}],"replies":[{"embeddable":true,"href":"https:\/\/prometheus.museum\/es\/wp-json\/wp\/v2\/comments?post=23574"}],"version-history":[{"count":3,"href":"https:\/\/prometheus.museum\/es\/wp-json\/wp\/v2\/pages\/23574\/revisions"}],"predecessor-version":[{"id":23685,"href":"https:\/\/prometheus.museum\/es\/wp-json\/wp\/v2\/pages\/23574\/revisions\/23685"}],"up":[{"embeddable":true,"href":"https:\/\/prometheus.museum\/es\/wp-json\/wp\/v2\/pages\/23584"}],"wp:attachment":[{"href":"https:\/\/prometheus.museum\/es\/wp-json\/wp\/v2\/media?parent=23574"}],"curies":[{"name":"wp","href":"https:\/\/api.w.org\/{rel}","templated":true}]}}