{"id":23576,"date":"2022-04-29T06:03:34","date_gmt":"2022-04-29T06:03:34","guid":{"rendered":"https:\/\/prometheus.museum\/la-fete-a-la-maison\/"},"modified":"2022-10-31T16:48:48","modified_gmt":"2022-10-31T15:48:48","slug":"la-fiesta-en-casa","status":"publish","type":"page","link":"https:\/\/prometheus.museum\/es\/una-fiesta-para-todos\/la-fiesta-en-casa\/","title":{"rendered":"La fiesta en casa"},"content":{"rendered":"<p>[vc_row section_id=&#8221;intro&#8221;][vc_column width=&#8221;1\/6&#8243; css=&#8221;.vc_custom_1652088225267{padding-right: 4% !important;padding-left: 4% !important;}&#8221;][\/vc_column][vc_column width=&#8221;2\/3&#8243;]<div class=\"grve-element grve-slogan grve-align-center grve-animated-item grve-fadeInUp\" style=\"margin-bottom: 25px;\" data-delay=\"200\">  <p class=\"grve-leader-text\">Desde vuestras casas o asociaciones fallaires pod\u00e9is disfrutar de la fiesta todo el a\u00f1o de una manera did\u00e1ctica. A continuaci\u00f3n, encontrar\u00e9is un juego digital que os har\u00e1 agudizar la vista, numerosos libros y cuentos de todos los territorios y diferentes actividades o talleres que pod\u00e9is hacer solos o acompa\u00f1ados.<\/p><\/div>[\/vc_column][vc_column width=&#8221;1\/6&#8243;][\/vc_column][\/vc_row][vc_row section_id=&#8221;livres&#8221;][vc_column css=&#8221;.vc_custom_1652088232652{padding-right: 4% !important;padding-left: 4% !important;}&#8221;]<div class=\"grve-element grve-slogan grve-align-center\" style=\"\"><h2 class=\"grve-slogan-title grve-align-center grve-h2\"><span style=\"font-size: 120%; line-height: 1.120em;\">Libros y cuentos<\/span><\/h2><\/div><div class=\"grve-element grve-hr \" style=\"padding-top: 15px;padding-bottom: 55px;\"><div class=\"grve-dashed-line-divider\"><\/div><\/div>[\/vc_column][\/vc_row][vc_row margin_bottom=&#8221;45&#8243;][vc_column css=&#8221;.vc_custom_1652088238453{padding-right: 4% !important;padding-left: 4% !important;}&#8221;][vc_row_inner][vc_column_inner width=&#8221;1\/2&#8243;][vc_column_text css=&#8221;.vc_custom_1667230639267{padding-bottom: 55px !important;}&#8221;]<strong>ATLES DE LES FESTES DEL FOC DELS PIRINEUS<\/strong><\/p>\n<p>Escrito e ilustrado por Jordi Alsina y Llu\u00eds R\u00e0fols. Editado por \u201cEl Dimoni Pelut\u201d.<\/p>\n<p>Si quer\u00e9is conocer la fiesta de todas las regiones, os recomendamos este libro. Un libro para grandes y futuros fallaires, pensado por el goce de los lectores de todas las edades.<\/p>\n<p>En este enlace pod\u00e9is ver un pedacito : <a href=\"https:\/\/www.eldimonipelut.cat\/compra?store-page=Altes-de-les-festes-del-foc-dels-Pirineus-p288072387\" target=\"_blank\" rel=\"noopener\">www.eldimonipelut.cat<\/a>[\/vc_column_text]<div class=\"grve-element grve-image grve-animated-item grve-fadeInUp grve-align-center\" style=\"margin-bottom: 25px;\" data-delay=\"200\"><a href=\"https:\/\/www.eldimonipelut.cat\/compra?store-page=Altes-de-les-festes-del-foc-dels-Pirineus-p288072387\" target=\"_blank\" class=\" \" rel=\"noopener\"><img loading=\"lazy\" decoding=\"async\" width=\"400\" height=\"430\" src=\"https:\/\/prometheus.museum\/wp-content\/uploads\/2022\/05\/livre-couverture-ATLES-DE-LES-FESTES-DEL-FOC-1.png\" class=\"attachment-full size-full\" alt=\"Altes de les festes del foc dels Pirineus\" srcset=\"https:\/\/prometheus.museum\/wp-content\/uploads\/2022\/05\/livre-couverture-ATLES-DE-LES-FESTES-DEL-FOC-1.png 1x,https:\/\/prometheus.museum\/wp-content\/uploads\/2022\/05\/livre-couverture-ATLES-DE-LES-FESTES-DEL-FOC-retina-1.png 2x\" \/><\/a><\/div>[\/vc_column_inner][vc_column_inner width=&#8221;1\/2&#8243;]\n\t\t\t<!-- START Musee enfants 04 REVOLUTION SLIDER 6.7.39 --><p class=\"rs-p-wp-fix\"><\/p>\n\t\t\t<rs-module-wrap id=\"rev_slider_61_1_wrapper\" data-source=\"gallery\" style=\"visibility:hidden;background:#000000;padding:0;margin:0px auto;margin-top:0;margin-bottom:0;\">\n\t\t\t\t<rs-module id=\"rev_slider_61_1\" style=\"\" data-version=\"6.7.39\">\n\t\t\t\t\t<rs-slides style=\"overflow: hidden; position: absolute;\">\n\t\t\t\t\t\t<rs-slide style=\"position: absolute;\" data-key=\"rs-186\" data-title=\"Slide\" data-anim=\"ms:10;\" data-in=\"o:1;\" data-out=\"a:false;\">\n\t\t\t\t\t\t\t<img decoding=\"async\" src=\"\/\/prometheus.museum\/wp-content\/plugins\/revslider\/sr6\/assets\/assets\/dummy.png\" alt=\"Slide\" title=\"La fiesta en casa\" class=\"rev-slidebg tp-rs-img rs-lazyload\" data-lazyload=\"\/\/prometheus.museum\/wp-content\/plugins\/revslider\/sr6\/assets\/assets\/transparent.png\" data-bg=\"p:center top;c:#000000;\" data-parallax=\"9\" data-no-retina>\n<!--\n\t\t\t\t\t\t\t--><rs-layer\n\t\t\t\t\t\t\t\tid=\"slider-61-slide-186-layer-6\" \n\t\t\t\t\t\t\t\tclass=\"rs-noevents rs-pxl-1\"\n\t\t\t\t\t\t\t\tdata-type=\"image\"\n\t\t\t\t\t\t\t\tdata-rsp_ch=\"on\"\n\t\t\t\t\t\t\t\tdata-xy=\"x:c;xo:-13px;y:c;yo:40px;\"\n\t\t\t\t\t\t\t\tdata-text=\"l:22;a:inherit;\"\n\t\t\t\t\t\t\t\tdata-dim=\"w:401px;h:820px;\"\n\t\t\t\t\t\t\t\tdata-basealign=\"slide\"\n\t\t\t\t\t\t\t\tdata-blendmode=\"overlay\"\n\t\t\t\t\t\t\t\tdata-frame_0=\"x:center;y:bottom;blu:10px;\"\n\t\t\t\t\t\t\t\tdata-frame_1=\"e:power4.out;st:300;sp:2000;sR:300;\"\n\t\t\t\t\t\t\t\tdata-frame_999=\"o:0;st:w;sR:6700;\"\n\t\t\t\t\t\t\t\tstyle=\"z-index:9;\"\n\t\t\t\t\t\t\t><img decoding=\"async\" src=\"\/\/prometheus.museum\/wp-content\/plugins\/revslider\/sr6\/assets\/assets\/dummy.png\" alt=\"feu\" class=\"tp-rs-img rs-lazyload\" width=\"489\" height=\"1000\" data-lazyload=\"\/\/prometheus.museum\/wp-content\/uploads\/2022\/05\/BG_fire1.png\" data-no-retina> \n\t\t\t\t\t\t\t<\/rs-layer><!--\n\n\t\t\t\t\t\t\t--><rs-layer\n\t\t\t\t\t\t\t\tid=\"slider-61-slide-186-layer-10\" \n\t\t\t\t\t\t\t\tclass=\"rs-noevents rs-pxl-2\"\n\t\t\t\t\t\t\t\tdata-type=\"image\"\n\t\t\t\t\t\t\t\tdata-rsp_ch=\"on\"\n\t\t\t\t\t\t\t\tdata-xy=\"x:c;xo:-34px;y:b;yo:99px;\"\n\t\t\t\t\t\t\t\tdata-text=\"l:22;a:inherit;\"\n\t\t\t\t\t\t\t\tdata-dim=\"w:384px;h:670px;\"\n\t\t\t\t\t\t\t\tdata-basealign=\"slide\"\n\t\t\t\t\t\t\t\tdata-blendmode=\"screen\"\n\t\t\t\t\t\t\t\tdata-frame_0=\"x:center;y:bottom;blu:10px;\"\n\t\t\t\t\t\t\t\tdata-frame_1=\"e:power4.out;st:300;sp:2000;sR:300;\"\n\t\t\t\t\t\t\t\tdata-frame_999=\"o:0;st:w;sR:6700;\"\n\t\t\t\t\t\t\t\tstyle=\"z-index:11;\"\n\t\t\t\t\t\t\t><img decoding=\"async\" src=\"\/\/prometheus.museum\/wp-content\/plugins\/revslider\/sr6\/assets\/assets\/dummy.png\" alt=\"\" class=\"tp-rs-img rs-lazyload\" width=\"458\" height=\"800\" data-lazyload=\"\/\/prometheus.museum\/wp-content\/uploads\/2022\/05\/Big_boy.png\" data-no-retina> \n\t\t\t\t\t\t\t<\/rs-layer><!--\n\n\t\t\t\t\t\t\t--><rs-layer\n\t\t\t\t\t\t\t\tid=\"slider-61-slide-186-layer-11\" \n\t\t\t\t\t\t\t\tclass=\"rs-noevents rs-pxl-2\"\n\t\t\t\t\t\t\t\tdata-type=\"image\"\n\t\t\t\t\t\t\t\tdata-rsp_ch=\"on\"\n\t\t\t\t\t\t\t\tdata-xy=\"x:c;xo:-34px;y:b;yo:99px;\"\n\t\t\t\t\t\t\t\tdata-text=\"l:22;a:inherit;\"\n\t\t\t\t\t\t\t\tdata-dim=\"w:383px;h:670px;\"\n\t\t\t\t\t\t\t\tdata-basealign=\"slide\"\n\t\t\t\t\t\t\t\tdata-frame_0=\"x:center;y:bottom;blu:10px;\"\n\t\t\t\t\t\t\t\tdata-frame_1=\"e:power4.out;st:300;sp:2000;sR:300;\"\n\t\t\t\t\t\t\t\tdata-frame_999=\"o:0;st:w;sR:6700;\"\n\t\t\t\t\t\t\t\tstyle=\"z-index:10;\"\n\t\t\t\t\t\t\t><img decoding=\"async\" src=\"\/\/prometheus.museum\/wp-content\/plugins\/revslider\/sr6\/assets\/assets\/dummy.png\" alt=\"\" class=\"tp-rs-img rs-lazyload\" width=\"800\" height=\"1399\" data-lazyload=\"\/\/prometheus.museum\/wp-content\/uploads\/2022\/05\/Big_boy_light.png\" data-no-retina> \n\t\t\t\t\t\t\t<\/rs-layer><!--\n\n\t\t\t\t\t\t\t--><rs-layer\n\t\t\t\t\t\t\t\tid=\"slider-61-slide-186-layer-23\" \n\t\t\t\t\t\t\t\tclass=\"rs-noevents rs-pxl-1\"\n\t\t\t\t\t\t\t\tdata-type=\"image\"\n\t\t\t\t\t\t\t\tdata-rsp_ch=\"on\"\n\t\t\t\t\t\t\t\tdata-xy=\"x:c;xo:-13px;y:c;yo:40px;\"\n\t\t\t\t\t\t\t\tdata-text=\"l:22;a:inherit;\"\n\t\t\t\t\t\t\t\tdata-dim=\"w:401px;h:820px;\"\n\t\t\t\t\t\t\t\tdata-basealign=\"slide\"\n\t\t\t\t\t\t\t\tdata-frame_0=\"x:center;y:bottom;blu:10px;\"\n\t\t\t\t\t\t\t\tdata-frame_1=\"e:power4.out;st:300;sp:2000;sR:300;\"\n\t\t\t\t\t\t\t\tdata-frame_999=\"o:0;st:w;sR:6700;\"\n\t\t\t\t\t\t\t\tdata-loop_999=\"sX:1.05;sY:1.05;o:0.8;blu:5;sp:1800;e:power1.inOut;yys:t;yyf:t;\"\n\t\t\t\t\t\t\t\tstyle=\"z-index:8;\"\n\t\t\t\t\t\t\t><img decoding=\"async\" src=\"\/\/prometheus.museum\/wp-content\/plugins\/revslider\/sr6\/assets\/assets\/dummy.png\" alt=\"feu\" class=\"tp-rs-img rs-lazyload\" width=\"489\" height=\"1000\" data-lazyload=\"\/\/prometheus.museum\/wp-content\/uploads\/2022\/05\/BG_fire1.png\" data-no-retina> \n\t\t\t\t\t\t\t<\/rs-layer><!--\n-->\t\t\t\t\t<\/rs-slide>\n\t\t\t\t\t<\/rs-slides>\n\t\t\t\t<\/rs-module>\n\t\t\t\t<script>\n\t\t\t\t\tsetREVStartSize({c: 'rev_slider_61_1',rl:[1240,1024,778,480],el:[960],gw:[600],gh:[960],type:'standard',justify:'',layout:'fullwidth',mh:\"0\"});if (window.RS_MODULES!==undefined && window.RS_MODULES.modules!==undefined && window.RS_MODULES.modules[\"revslider611\"]!==undefined) {window.RS_MODULES.modules[\"revslider611\"].once = false;window.revapi61 = undefined;if (window.RS_MODULES.checkMinimal!==undefined) window.RS_MODULES.checkMinimal()}\n\t\t\t\t<\/script>\n\t\t\t<\/rs-module-wrap>\n\t\t\t<!-- END REVOLUTION SLIDER -->\n[vc_empty_space][\/vc_column_inner][\/vc_row_inner][vc_row_inner][vc_column_inner css=&#8221;.vc_custom_1652525540375{margin-bottom: 45px !important;}&#8221;]<div class=\"grve-element grve-image grve-animated-item grve-fadeInUp grve-align-center\" style=\"\" data-delay=\"200\"><a href=\"https:\/\/www.eldimonipelut.cat\/compra?store-page=Altes-de-les-festes-del-foc-dels-Pirineus-p288072387\" target=\"_blank\" class=\" \" rel=\"noopener\"><img loading=\"lazy\" decoding=\"async\" width=\"1388\" height=\"886\" src=\"https:\/\/prometheus.museum\/wp-content\/uploads\/2022\/05\/Altes-de-les-festes-del-foc-dels-Pirineus-inner.jpg\" class=\"attachment-full size-full\" alt=\"Atlas des f\u00eates du feu dans les Pyr\u00e9n\u00e9es\" srcset=\"https:\/\/prometheus.museum\/wp-content\/uploads\/2022\/05\/Altes-de-les-festes-del-foc-dels-Pirineus-inner.jpg 1x,https:\/\/prometheus.museum\/wp-content\/uploads\/2022\/05\/Altes-de-les-festes-del-foc-dels-Pirineus-inner-retina-scaled.jpg 2x\" \/><\/a><\/div><div class=\"grve-element grve-hr \" style=\"padding-top: 25px;padding-bottom: 25px;\"><div class=\"grve-line-divider\"><\/div><\/div>[\/vc_column_inner][\/vc_row_inner][vc_row_inner][vc_column_inner width=&#8221;1\/2&#8243;][vc_column_text]<strong>ERA NET DE SAN JUAN<\/strong><\/p>\n<p>Escrito por Susana Vidal e ilustrado por Montse Espa\u00f1ol. Editado por el Conselh Generau de Ar\u00e1n.<\/p>\n<p>La fiesta de San Juan en el Valle ha quedado bien descrita en este cuento.<\/p>\n<p>Pod\u00e9is obtener el libro aqu\u00ed: <a href=\"https:\/\/unidisc.csuc.cat\/index.php\/s\/60SwNzlSaq10cqe\" target=\"_blank\" rel=\"noopener\">www.unidisc.csuc.cat<\/a>[\/vc_column_text]<div class=\"grve-element grve-image grve-animated-item grve-fadeInUp grve-align-center\" style=\"margin-bottom: 25px;\" data-delay=\"200\"><a href=\"https:\/\/unidisc.csuc.cat\/index.php\/s\/60SwNzlSaq10cqe\" target=\"_blank\" class=\" \" rel=\"noopener\"><img loading=\"lazy\" decoding=\"async\" width=\"430\" height=\"430\" src=\"https:\/\/prometheus.museum\/wp-content\/uploads\/2022\/05\/livre-couverture-La-nuit-de-la-Saint-Jean.png\" class=\"attachment-full size-full\" alt=\"La nuit de la Saint-Jean\" srcset=\"https:\/\/prometheus.museum\/wp-content\/uploads\/2022\/05\/livre-couverture-La-nuit-de-la-Saint-Jean.png 1x,https:\/\/prometheus.museum\/wp-content\/uploads\/2022\/05\/livre-couverture-La-nuit-de-la-Saint-Jean-retina.png 2x\" \/><\/a><\/div>[\/vc_column_inner][vc_column_inner width=&#8221;1\/2&#8243;][vc_column_text]<strong>EL TRESOR DE LES VALLS D\u2019ANDORRA<\/strong><\/p>\n<p>Escrito por Assumpta Mercader y Carme Invern\u00f3n. Editado por el Gobierno de Andorra.<\/p>\n<p>Pod\u00e9is acercaros a las fallas de Andorra, descubriendo a la vez todo el patrimonio cultural del pa\u00eds, a trav\u00e9s de las aventuras de una intr\u00e9pida familia.<\/p>\n<p><a href=\"https:\/\/www.altair.es\/cat\/libro\/tresor-de-les-valls-d-andorra-el-govern-d-andorra_172183\" target=\"_blank\" rel=\"noopener\">www.altair.es<\/a>[\/vc_column_text]<div class=\"grve-element grve-image grve-animated-item grve-fadeInUp grve-align-center\" style=\"margin-bottom: 25px;\" data-delay=\"200\"><a href=\"https:\/\/www.altair.es\/cat\/libro\/tresor-de-les-valls-d-andorra-el-govern-d-andorra_172183\" target=\"_blank\" class=\" \" rel=\"noopener\"><img loading=\"lazy\" decoding=\"async\" width=\"430\" height=\"430\" src=\"https:\/\/prometheus.museum\/wp-content\/uploads\/2022\/05\/livre-couverture-Le-tresor-des-vallees-Andorre.png\" class=\"attachment-full size-full\" alt=\"Le tr\u00e9sor des vall\u00e9es d\u2019Andorre\" srcset=\"https:\/\/prometheus.museum\/wp-content\/uploads\/2022\/05\/livre-couverture-Le-tresor-des-vallees-Andorre.png 1x,https:\/\/prometheus.museum\/wp-content\/uploads\/2022\/05\/livre-couverture-Le-tresor-des-vallees-Andorre-retina.png 2x\" \/><\/a><\/div>[\/vc_column_inner][\/vc_row_inner][vc_row_inner][vc_column_inner width=&#8221;1\/2&#8243;][vc_column_text]<strong>FIA-FAIA<\/strong><\/p>\n<p>Escrito por Xavier Pedrals e ilustrado por Kap. Editado por Editorial Mediterr\u00e1neo.<\/p>\n<p>Este libro os acercar\u00e1 a la \u00fanica fiesta de fallas que se celebra en el solsticio de invierno, la Fia-faia de Bag\u00e0 y Sant Juli\u00e0 de Cerdanyola.<\/p>\n<p>Pod\u00e9is obtener el libro aqu\u00ed : <a style=\"font-family: inherit; font-size: inherit; font-style: inherit; font-variant-ligatures: inherit; font-variant-caps: inherit; font-weight: inherit;\" href=\"https:\/\/www.editorialmediterrania.com\/producte\/un-mar-dhistories-fia-faia\/\" target=\"_blank\" rel=\"noopener\">www.editorialmediterrania.com<\/a>[\/vc_column_text]<div class=\"grve-element grve-image grve-animated-item grve-fadeInUp grve-align-center\" style=\"margin-bottom: 25px;\" data-delay=\"200\"><a href=\"https:\/\/www.editorialmediterrania.com\/producte\/un-mar-dhistories-fia-faia\/\" target=\"_blank\" class=\" \" rel=\"noopener\"><img loading=\"lazy\" decoding=\"async\" width=\"430\" height=\"430\" src=\"https:\/\/prometheus.museum\/wp-content\/uploads\/2022\/05\/livre-couverture-Fia-faia.png\" class=\"attachment-full size-full\" alt=\"Fia-faia\" srcset=\"https:\/\/prometheus.museum\/wp-content\/uploads\/2022\/05\/livre-couverture-Fia-faia.png 1x,https:\/\/prometheus.museum\/wp-content\/uploads\/2022\/05\/livre-couverture-Fia-faia-retina.png 2x\" \/><\/a><\/div>[\/vc_column_inner][vc_column_inner width=&#8221;1\/2&#8243;][vc_column_text]<strong>FOC A LES MANS<\/strong><\/p>\n<p>Escrito por Xavi Farr\u00e9 e ilustrado por Patxanet. Editado por \u201cMosaics Llibre\u201d.<\/p>\n<p>Si quer\u00e9is conocer todav\u00eda m\u00e1s de las fallas de los Pirineos catalanes y aragoneses, os animamos a adentraros en la historia de Bonaventura y Jacinta-Brancada, dos fallaires peque\u00f1os que se encuentran gracias a la fiesta.<\/p>\n<p>En el siguiente enlace pod\u00e9is descubrir las primeras p\u00e1ginas del cuento: <a href=\"https:\/\/www.mosaicsllibres.com\/portfolio_page\/foc-les-mans-conte-falles\/\" target=\"_blank\" rel=\"noopener\">www.mosaicsllibres.com<\/a>[\/vc_column_text]<div class=\"grve-element grve-image grve-animated-item grve-fadeInUp grve-align-center\" style=\"margin-bottom: 25px;\" data-delay=\"200\"><a href=\"https:\/\/www.mosaicsllibres.com\/portfolio_page\/foc-les-mans-conte-falles\/\" target=\"_blank\" class=\" \" rel=\"noopener\"><img loading=\"lazy\" decoding=\"async\" width=\"430\" height=\"400\" src=\"https:\/\/prometheus.museum\/wp-content\/uploads\/2022\/05\/livre-couverture-Foc-a-les-mans.png\" class=\"attachment-full size-full\" alt=\"Foc a les mans\" srcset=\"https:\/\/prometheus.museum\/wp-content\/uploads\/2022\/05\/livre-couverture-Foc-a-les-mans.png 1x,https:\/\/prometheus.museum\/wp-content\/uploads\/2022\/05\/livre-couverture-Foc-a-les-mans-retina.png 2x\" \/><\/a><\/div>[\/vc_column_inner][\/vc_row_inner][\/vc_column][\/vc_row][vc_row section_id=&#8221;activites&#8221; margin_bottom=&#8221;0&#8243; padding_bottom=&#8221;55&#8243;][vc_column css=&#8221;.vc_custom_1652088248239{padding-right: 4% !important;padding-left: 4% !important;}&#8221;]<div class=\"grve-element grve-hr \" style=\"padding-top: 45px;padding-bottom: 35px;\"><div class=\"grve-dashed-line-divider\"><\/div><\/div>[vc_row_inner][vc_column_inner width=&#8221;1\/6&#8243;][\/vc_column_inner][vc_column_inner width=&#8221;2\/3&#8243;]<div class=\"grve-element grve-slogan grve-align-center\" style=\"\"><h2 class=\"grve-slogan-title grve-align-center grve-h2\"><span style=\"font-size: 120%; line-height: 1.120em;\">Actividades<\/span><\/h2>  <p class=\"grve-leader-text\">Pod\u00e9is aprender todav\u00eda m\u00e1s aspectos sobre las Fiestas del Fuego de los Solsticios en los Pirineos con las siguientes actividades. Descubrir\u00e9is palabras nuevas, recetas interesantes y retos cient\u00edficos, trabajando y jugando.<\/p><\/div>[\/vc_column_inner][vc_column_inner width=&#8221;1\/6&#8243;][\/vc_column_inner][\/vc_row_inner]<div class=\"grve-element grve-hr \" style=\"padding-top: 45px;padding-bottom: 55px;\"><div class=\"grve-dashed-line-divider\"><\/div><\/div>[vc_row_inner css=&#8221;.vc_custom_1651671392949{padding-bottom: 45px !important;}&#8221;][vc_column_inner width=&#8221;1\/3&#8243;][vc_column_text]<strong><em>Actividad 1<\/em><\/strong>[\/vc_column_text]<div class=\"grve-element grve-image grve-animated-item grve-fadeInUp grve-align-left\" style=\"margin-bottom: 25px;\" data-delay=\"200\"><a href=\"https:\/\/prometheus.museum\/pdf\/es\/CAST-Actividad-01-Museo-Infantil.pdf\" target=\"_blank\" class=\" \"><img loading=\"lazy\" decoding=\"async\" width=\"330\" height=\"460\" src=\"https:\/\/prometheus.museum\/wp-content\/uploads\/2022\/10\/CAST-Actividad-01-Museo-Infantil.png\" class=\"attachment-full size-full\" alt=\"Actividad-01\" srcset=\"https:\/\/prometheus.museum\/wp-content\/uploads\/2022\/10\/CAST-Actividad-01-Museo-Infantil.png 1x,https:\/\/prometheus.museum\/wp-content\/uploads\/2022\/10\/CAST-Actividad-01-Museo-Infantil-retina.png 2x\" \/><\/a><\/div>[\/vc_column_inner][vc_column_inner width=&#8221;1\/3&#8243;][vc_column_text]<strong><em>Actividad 2<\/em><\/strong>[\/vc_column_text]<div class=\"grve-element grve-image grve-animated-item grve-fadeInUp grve-align-left\" style=\"margin-bottom: 25px;\" data-delay=\"200\"><a href=\"https:\/\/prometheus.museum\/pdf\/es\/CAST-Actividad-02-Museo-Infantil.pdf\" target=\"_blank\" class=\" \"><img loading=\"lazy\" decoding=\"async\" width=\"330\" height=\"460\" src=\"https:\/\/prometheus.museum\/wp-content\/uploads\/2022\/10\/CAST-Actividad-02-Museo-Infantil.png\" class=\"attachment-full size-full\" alt=\"Actividad-02\" srcset=\"https:\/\/prometheus.museum\/wp-content\/uploads\/2022\/10\/CAST-Actividad-02-Museo-Infantil.png 1x,https:\/\/prometheus.museum\/wp-content\/uploads\/2022\/10\/CAST-Actividad-02-Museo-Infantil-retina.png 2x\" \/><\/a><\/div>[\/vc_column_inner][vc_column_inner width=&#8221;1\/3&#8243;][vc_column_text]<strong><em>Actividad 3<\/em><\/strong>[\/vc_column_text]<div class=\"grve-element grve-image grve-animated-item grve-fadeInUp grve-align-left\" style=\"margin-bottom: 25px;\" data-delay=\"200\"><a href=\"https:\/\/prometheus.museum\/pdf\/es\/CAST-Actividad-03-Museo-Infantil.pdf\" target=\"_blank\" class=\" \"><img loading=\"lazy\" decoding=\"async\" width=\"330\" height=\"460\" src=\"https:\/\/prometheus.museum\/wp-content\/uploads\/2022\/10\/CAST-Actividad-03-Museo-Infantil.png\" class=\"attachment-full size-full\" alt=\"Actividad-03\" srcset=\"https:\/\/prometheus.museum\/wp-content\/uploads\/2022\/10\/CAST-Actividad-03-Museo-Infantil.png 1x,https:\/\/prometheus.museum\/wp-content\/uploads\/2022\/10\/CAST-Actividad-03-Museo-Infantil-retina.png 2x\" \/><\/a><\/div>[\/vc_column_inner][\/vc_row_inner][vc_row_inner css=&#8221;.vc_custom_1651671398284{padding-bottom: 45px !important;}&#8221;][vc_column_inner width=&#8221;1\/3&#8243;][vc_column_text]<strong><em>Actividad 4<\/em><\/strong>[\/vc_column_text]<div class=\"grve-element grve-image grve-animated-item grve-fadeInUp grve-align-left\" style=\"margin-bottom: 25px;\" data-delay=\"200\"><a href=\"https:\/\/prometheus.museum\/pdf\/es\/CAST-Actividad-04-Museo-Infantil.pdf\" target=\"_blank\" class=\" \"><img loading=\"lazy\" decoding=\"async\" width=\"330\" height=\"460\" src=\"https:\/\/prometheus.museum\/wp-content\/uploads\/2022\/10\/CAST-Actividad-04-Museo-Infantil.png\" class=\"attachment-full size-full\" alt=\"Actividad-04\" srcset=\"https:\/\/prometheus.museum\/wp-content\/uploads\/2022\/10\/CAST-Actividad-04-Museo-Infantil.png 1x,https:\/\/prometheus.museum\/wp-content\/uploads\/2022\/10\/CAST-Actividad-04-Museo-Infantil-retina.png 2x\" \/><\/a><\/div>[\/vc_column_inner][vc_column_inner width=&#8221;1\/3&#8243;][vc_column_text]<strong><em>Actividad 5<\/em><\/strong>[\/vc_column_text]<div class=\"grve-element grve-image grve-animated-item grve-fadeInUp grve-align-left\" style=\"margin-bottom: 25px;\" data-delay=\"200\"><a href=\"https:\/\/prometheus.museum\/pdf\/es\/CAST-Actividad-05-Museo-Infantil.pdf\" target=\"_blank\" class=\" \"><img loading=\"lazy\" decoding=\"async\" width=\"330\" height=\"460\" src=\"https:\/\/prometheus.museum\/wp-content\/uploads\/2022\/10\/CAST-Actividad-05-Museo-Infantil.png\" class=\"attachment-full size-full\" alt=\"Actividad-05\" srcset=\"https:\/\/prometheus.museum\/wp-content\/uploads\/2022\/10\/CAST-Actividad-05-Museo-Infantil.png 1x,https:\/\/prometheus.museum\/wp-content\/uploads\/2022\/10\/CAST-Actividad-05-Museo-Infantil-retina.png 2x\" \/><\/a><\/div>[\/vc_column_inner][vc_column_inner width=&#8221;1\/3&#8243;][vc_column_text]<strong><em>Actividad 6<\/em><\/strong>[\/vc_column_text]<div class=\"grve-element grve-image grve-animated-item grve-fadeInUp grve-align-left\" style=\"margin-bottom: 25px;\" data-delay=\"200\"><a href=\"https:\/\/prometheus.museum\/pdf\/es\/CAST-Actividad-06-Museo-Infantil.pdf\" target=\"_blank\" class=\" \"><img loading=\"lazy\" decoding=\"async\" width=\"330\" height=\"460\" src=\"https:\/\/prometheus.museum\/wp-content\/uploads\/2022\/10\/CAST-Actividad-06-Museo-Infantil.png\" class=\"attachment-full size-full\" alt=\"Actividad-06\" srcset=\"https:\/\/prometheus.museum\/wp-content\/uploads\/2022\/10\/CAST-Actividad-06-Museo-Infantil.png 1x,https:\/\/prometheus.museum\/wp-content\/uploads\/2022\/10\/CAST-Actividad-06-Museo-Infantil-retina.png 2x\" \/><\/a><\/div>[\/vc_column_inner][\/vc_row_inner][\/vc_column][\/vc_row]<\/p>\n","protected":false},"excerpt":{"rendered":"<p>[vc_row section_id=&#8221;intro&#8221;][vc_column width=&#8221;1\/6&#8243; css=&#8221;.vc_custom_1652088225267{padding-right: 4% !important;padding-left: 4% !important;}&#8221;][\/vc_column][vc_column width=&#8221;2\/3&#8243;][\/vc_column][vc_column width=&#8221;1\/6&#8243;][\/vc_column][\/vc_row][vc_row section_id=&#8221;livres&#8221;][vc_column css=&#8221;.vc_custom_1652088232652{padding-right: 4% !important;padding-left: 4% !important;}&#8221;][\/vc_column][\/vc_row][vc_row margin_bottom=&#8221;45&#8243;][vc_column css=&#8221;.vc_custom_1652088238453{padding-right: 4% !important;padding-left: 4% !important;}&#8221;][vc_row_inner][vc_column_inner width=&#8221;1\/2&#8243;][vc_column_text css=&#8221;.vc_custom_1667230639267{padding-bottom: 55px !important;}&#8221;]ATLES DE LES FESTES DEL FOC DELS PIRINEUS Escrito e ilustrado por Jordi Alsina y Llu\u00eds R\u00e0fols. Editado por \u201cEl Dimoni Pelut\u201d. Si quer\u00e9is conocer la fiesta de todas las [&hellip;]<\/p>\n","protected":false},"author":1,"featured_media":0,"parent":23584,"menu_order":0,"comment_status":"closed","ping_status":"open","template":"page-templates\/template-musee-enfants.php","meta":{"_monsterinsights_skip_tracking":false,"_monsterinsights_sitenote_active":false,"_monsterinsights_sitenote_note":"","_monsterinsights_sitenote_category":0,"_uf_show_specific_survey":0,"_uf_disable_surveys":false,"footnotes":""},"class_list":["post-23576","page","type-page","status-publish","hentry"],"_links":{"self":[{"href":"https:\/\/prometheus.museum\/es\/wp-json\/wp\/v2\/pages\/23576","targetHints":{"allow":["GET"]}}],"collection":[{"href":"https:\/\/prometheus.museum\/es\/wp-json\/wp\/v2\/pages"}],"about":[{"href":"https:\/\/prometheus.museum\/es\/wp-json\/wp\/v2\/types\/page"}],"author":[{"embeddable":true,"href":"https:\/\/prometheus.museum\/es\/wp-json\/wp\/v2\/users\/1"}],"replies":[{"embeddable":true,"href":"https:\/\/prometheus.museum\/es\/wp-json\/wp\/v2\/comments?post=23576"}],"version-history":[{"count":5,"href":"https:\/\/prometheus.museum\/es\/wp-json\/wp\/v2\/pages\/23576\/revisions"}],"predecessor-version":[{"id":23750,"href":"https:\/\/prometheus.museum\/es\/wp-json\/wp\/v2\/pages\/23576\/revisions\/23750"}],"up":[{"embeddable":true,"href":"https:\/\/prometheus.museum\/es\/wp-json\/wp\/v2\/pages\/23584"}],"wp:attachment":[{"href":"https:\/\/prometheus.museum\/es\/wp-json\/wp\/v2\/media?parent=23576"}],"curies":[{"name":"wp","href":"https:\/\/api.w.org\/{rel}","templated":true}]}}