{"id":24254,"date":"2022-04-29T07:41:44","date_gmt":"2022-04-29T07:41:44","guid":{"rendered":"https:\/\/prometheus.museum\/exposition-reference\/"},"modified":"2023-04-17T16:15:12","modified_gmt":"2023-04-17T14:15:12","slug":"exposition-reference","status":"publish","type":"page","link":"https:\/\/prometheus.museum\/oc\/exposition-reference\/","title":{"rendered":"Foc i festes als Pirineus"},"content":{"rendered":"<p>[vc_row section_type=&#8221;fullwidth&#8221; header_feature=&#8221;yes&#8221;][vc_column]\n\t\t\t<!-- START Feux et f\u00eates FR REVOLUTION SLIDER 6.7.39 --><p class=\"rs-p-wp-fix\"><\/p>\n\t\t\t<rs-module-wrap id=\"sermon_wrapper\" data-source=\"gallery\" style=\"visibility:hidden;background:#000000;padding:0;margin:0px auto;margin-top:0;margin-bottom:0;\">\n\t\t\t\t<rs-module id=\"sermon\" style=\"\" data-version=\"6.7.39\">\n\t\t\t\t\t<rs-slides style=\"overflow: hidden; position: absolute;\">\n\t\t\t\t\t\t<rs-slide style=\"position: absolute;\" data-key=\"rs-199\" data-title=\"Slide\" data-anim=\"adpr:false;\" data-in=\"o:0;\" data-out=\"a:false;\" data-rsparticles='{\"responsive\":false,\"fback\":false,\"particles\":{\"number\":40,\"size\":4},\"styles\":{\"particle\":{\"ocolor\":false,\"color\":\"#f8e489\",\"opacity\":90,\"opacityMin\":25,\"opacityRandom\":true}},\"pulse\":{\"size\":{\"enable\":true,\"speed\":2},\"opacity\":{\"enable\":true,\"speed\":1,\"min\":1}},\"enable\":true}'>\n\t\t\t\t\t\t\t<img decoding=\"async\" src=\"\/\/prometheus.museum\/wp-content\/plugins\/revslider\/sr6\/assets\/assets\/dummy.png\" alt=\"Slide\" title=\"Foc i festes als Pirineus\" class=\"rev-slidebg tp-rs-img rs-lazyload\" data-lazyload=\"\/\/prometheus.museum\/wp-content\/plugins\/revslider\/sr6\/assets\/assets\/transparent.png\" data-bg=\"c:#000000;\" data-parallax=\"3\" data-no-retina>\n<!--\n\t\t\t\t\t\t\t--><rs-layer\n\t\t\t\t\t\t\t\tid=\"slider-73-slide-199-layer-0\" \n\t\t\t\t\t\t\t\tclass=\"rs-pxl-13\"\n\t\t\t\t\t\t\t\tdata-type=\"image\"\n\t\t\t\t\t\t\t\tdata-rsp_ch=\"on\"\n\t\t\t\t\t\t\t\tdata-xy=\"x:c;xo:10px,10px,10px,3px;y:m;yo:46px,46px,46px,17px;\"\n\t\t\t\t\t\t\t\tdata-text=\"w:normal;\"\n\t\t\t\t\t\t\t\tdata-dim=\"w:2600px,2600px,2600px,1300px;h:1128px,1128px,1128px,564px;\"\n\t\t\t\t\t\t\t\tdata-frame_999=\"o:0;st:w;sR:8700;\"\n\t\t\t\t\t\t\t\tstyle=\"z-index:9;\"\n\t\t\t\t\t\t\t><img decoding=\"async\" src=\"\/\/prometheus.museum\/wp-content\/plugins\/revslider\/sr6\/assets\/assets\/dummy.png\" alt=\"mountains\" class=\"tp-rs-img rs-lazyload\" width=\"800\" height=\"347\" data-lazyload=\"\/\/prometheus.museum\/wp-content\/uploads\/revslider\/Bertren-Visible-FR\/mountains-1.png\" data-no-retina> \n\t\t\t\t\t\t\t<\/rs-layer><!--\n\n\t\t\t\t\t\t\t--><rs-layer\n\t\t\t\t\t\t\t\tid=\"slider-73-slide-199-layer-1\" \n\t\t\t\t\t\t\t\tclass=\"rs-pxl-3\"\n\t\t\t\t\t\t\t\tdata-type=\"image\"\n\t\t\t\t\t\t\t\tdata-rsp_ch=\"on\"\n\t\t\t\t\t\t\t\tdata-xy=\"x:r;xo:140px,140px,140px,-46px;y:b;yo:88px,88px,88px,9px;\"\n\t\t\t\t\t\t\t\tdata-text=\"w:normal;\"\n\t\t\t\t\t\t\t\tdata-dim=\"w:700px,700px,700px,450px;h:746px,746px,746px,480px;\"\n\t\t\t\t\t\t\t\tdata-frame_999=\"o:0;st:w;sR:8700;\"\n\t\t\t\t\t\t\t\tstyle=\"z-index:16;\"\n\t\t\t\t\t\t\t><img decoding=\"async\" src=\"\/\/prometheus.museum\/wp-content\/plugins\/revslider\/sr6\/assets\/assets\/dummy.png\" alt=\"\" class=\"tp-rs-img rs-lazyload\" width=\"516\" height=\"550\" data-lazyload=\"\/\/prometheus.museum\/wp-content\/uploads\/revslider\/Immersive-Taull\/normal-opt.png\" data-no-retina> \n\t\t\t\t\t\t\t<\/rs-layer><!--\n\n\t\t\t\t\t\t\t--><rs-layer\n\t\t\t\t\t\t\t\tid=\"slider-73-slide-199-layer-4\" \n\t\t\t\t\t\t\t\tclass=\"rs-pxl-15\"\n\t\t\t\t\t\t\t\tdata-type=\"image\"\n\t\t\t\t\t\t\t\tdata-rsp_ch=\"on\"\n\t\t\t\t\t\t\t\tdata-xy=\"x:c;\"\n\t\t\t\t\t\t\t\tdata-text=\"w:normal;\"\n\t\t\t\t\t\t\t\tdata-dim=\"w:2600px,2600px,2600px,1006px;h:1356px,1356px,1356px,524px;\"\n\t\t\t\t\t\t\t\tdata-frame_999=\"o:0;st:w;sR:8700;\"\n\t\t\t\t\t\t\t\tstyle=\"z-index:8;\"\n\t\t\t\t\t\t\t><img decoding=\"async\" src=\"\/\/prometheus.museum\/wp-content\/plugins\/revslider\/sr6\/assets\/assets\/dummy.png\" alt=\"\" class=\"tp-rs-img rs-lazyload\" width=\"1900\" height=\"991\" data-lazyload=\"\/\/prometheus.museum\/wp-content\/uploads\/revslider\/Immersive-Taull\/night-bg.jpg\" data-no-retina> \n\t\t\t\t\t\t\t<\/rs-layer><!--\n\n\t\t\t\t\t\t\t--><rs-layer\n\t\t\t\t\t\t\t\tid=\"slider-73-slide-199-layer-11\" \n\t\t\t\t\t\t\t\tclass=\"rs-pxl-10\"\n\t\t\t\t\t\t\t\tdata-type=\"image\"\n\t\t\t\t\t\t\t\tdata-rsp_ch=\"on\"\n\t\t\t\t\t\t\t\tdata-xy=\"xo:-660px,-660px,-660px,-309px;y:m;yo:94px,94px,94px,146px;\"\n\t\t\t\t\t\t\t\tdata-text=\"w:normal;\"\n\t\t\t\t\t\t\t\tdata-dim=\"w:1500px,1500px,1500px,900px;h:1059px,1059px,1059px,635px;\"\n\t\t\t\t\t\t\t\tdata-frame_999=\"o:0;st:w;sR:8700;\"\n\t\t\t\t\t\t\t\tstyle=\"z-index:11;\"\n\t\t\t\t\t\t\t><img decoding=\"async\" src=\"\/\/prometheus.museum\/wp-content\/plugins\/revslider\/sr6\/assets\/assets\/dummy.png\" alt=\"\" class=\"tp-rs-img rs-lazyload\" width=\"612\" height=\"432\" data-lazyload=\"\/\/prometheus.museum\/wp-content\/uploads\/revslider\/Immersive-Taull\/trees-left.png\" data-no-retina> \n\t\t\t\t\t\t\t<\/rs-layer><!--\n\n\t\t\t\t\t\t\t--><rs-layer\n\t\t\t\t\t\t\t\tid=\"slider-73-slide-199-layer-12\" \n\t\t\t\t\t\t\t\tclass=\"rs-pxl-5\"\n\t\t\t\t\t\t\t\tdata-type=\"image\"\n\t\t\t\t\t\t\t\tdata-rsp_ch=\"on\"\n\t\t\t\t\t\t\t\tdata-xy=\"x:r;xo:-395px,-395px,-395px,-156px;y:b;yo:180px,180px,180px,67px;\"\n\t\t\t\t\t\t\t\tdata-text=\"w:normal;\"\n\t\t\t\t\t\t\t\tdata-dim=\"w:1256px,1256px,1256px,484px;h:1600px,1600px,1600px,800px;\"\n\t\t\t\t\t\t\t\tdata-frame_999=\"o:0;st:w;sR:8700;\"\n\t\t\t\t\t\t\t\tstyle=\"z-index:13;\"\n\t\t\t\t\t\t\t><img decoding=\"async\" src=\"\/\/prometheus.museum\/wp-content\/plugins\/revslider\/sr6\/assets\/assets\/dummy.png\" alt=\"\" class=\"tp-rs-img rs-lazyload\" width=\"559\" height=\"712\" data-lazyload=\"\/\/prometheus.museum\/wp-content\/uploads\/revslider\/Immersive-Taull\/tree-right-1.png\" data-no-retina> \n\t\t\t\t\t\t\t<\/rs-layer><!--\n\n\t\t\t\t\t\t\t--><rs-layer\n\t\t\t\t\t\t\t\tid=\"slider-73-slide-199-layer-13\" \n\t\t\t\t\t\t\t\tclass=\"rs-pxl-3\"\n\t\t\t\t\t\t\t\tdata-type=\"image\"\n\t\t\t\t\t\t\t\tdata-rsp_ch=\"on\"\n\t\t\t\t\t\t\t\tdata-xy=\"x:r;xo:139px,139px,139px,-47px;y:b;yo:88px,88px,88px,9px;\"\n\t\t\t\t\t\t\t\tdata-text=\"w:normal;\"\n\t\t\t\t\t\t\t\tdata-dim=\"w:700px,700px,700px,450px;h:746px,746px,746px,480px;\"\n\t\t\t\t\t\t\t\tdata-frame_999=\"o:0;st:w;sR:8700;\"\n\t\t\t\t\t\t\t\tstyle=\"z-index:15;\"\n\t\t\t\t\t\t\t><img decoding=\"async\" src=\"\/\/prometheus.museum\/wp-content\/plugins\/revslider\/sr6\/assets\/assets\/dummy.png\" alt=\"\" class=\"tp-rs-img rs-lazyload\" width=\"516\" height=\"550\" data-lazyload=\"\/\/prometheus.museum\/wp-content\/uploads\/revslider\/Immersive-Taull\/mouseover-opt.png\" data-no-retina> \n\t\t\t\t\t\t\t<\/rs-layer><!--\n\n\t\t\t\t\t\t\t--><rs-layer\n\t\t\t\t\t\t\t\tid=\"slider-73-slide-199-layer-17\" \n\t\t\t\t\t\t\t\tclass=\"rs-pxl-12\"\n\t\t\t\t\t\t\t\tdata-type=\"image\"\n\t\t\t\t\t\t\t\tdata-rsp_ch=\"on\"\n\t\t\t\t\t\t\t\tdata-xy=\"x:c;xo:34px,34px,34px,12px;y:m;yo:263px,263px,263px,101px;\"\n\t\t\t\t\t\t\t\tdata-text=\"w:normal;\"\n\t\t\t\t\t\t\t\tdata-dim=\"w:4000px,4000px,4000px,1547px;h:800px,800px,800px,309px;\"\n\t\t\t\t\t\t\t\tdata-blendmode=\"screen\"\n\t\t\t\t\t\t\t\tdata-frame_1=\"e:power4.inOut;sp:990;\"\n\t\t\t\t\t\t\t\tdata-frame_999=\"o:0;st:w;sR:8010;\"\n\t\t\t\t\t\t\t\tdata-loop_0=\"x:300px;\"\n\t\t\t\t\t\t\t\tdata-loop_999=\"x:-600px;sp:50000;\"\n\t\t\t\t\t\t\t\tstyle=\"z-index:10;\"\n\t\t\t\t\t\t\t><img decoding=\"async\" src=\"\/\/prometheus.museum\/wp-content\/plugins\/revslider\/sr6\/assets\/assets\/dummy.png\" alt=\"\" class=\"tp-rs-img rs-lazyload\" width=\"2000\" height=\"550\" data-lazyload=\"\/\/prometheus.museum\/wp-content\/uploads\/revslider\/Immersive-Taull\/Mist_behind_city@3102x-width.png\" data-no-retina> \n\t\t\t\t\t\t\t<\/rs-layer><!--\n\n\t\t\t\t\t\t\t--><rs-layer\n\t\t\t\t\t\t\t\tid=\"slider-73-slide-199-layer-23\" \n\t\t\t\t\t\t\t\tclass=\"rs-pxl-3\"\n\t\t\t\t\t\t\t\tdata-type=\"image\"\n\t\t\t\t\t\t\t\tdata-rsp_ch=\"on\"\n\t\t\t\t\t\t\t\tdata-xy=\"x:r;xo:680px,680px,680px,285px;y:b;yo:652px,652px,652px,373px;\"\n\t\t\t\t\t\t\t\tdata-text=\"w:normal;\"\n\t\t\t\t\t\t\t\tdata-dim=\"w:160px,160px,160px,100px;h:244px,244px,244px,153px;\"\n\t\t\t\t\t\t\t\tdata-blendmode=\"screen\"\n\t\t\t\t\t\t\t\tdata-frame_999=\"o:0;st:w;sR:8700;\"\n\t\t\t\t\t\t\t\tdata-loop_999=\"sX:1.05;sY:1.04;o:0.6;sp:2300;e:power0.inOut;yys:t;yyf:t;\"\n\t\t\t\t\t\t\t\tstyle=\"z-index:20;\"\n\t\t\t\t\t\t\t><img decoding=\"async\" src=\"\/\/prometheus.museum\/wp-content\/plugins\/revslider\/sr6\/assets\/assets\/dummy.png\" alt=\"\" class=\"tp-rs-img rs-lazyload\" width=\"300\" height=\"458\" data-lazyload=\"\/\/prometheus.museum\/wp-content\/uploads\/revslider\/Immersive-Taull\/FR1-1.png\" data-no-retina> \n\t\t\t\t\t\t\t<\/rs-layer><!--\n\n\t\t\t\t\t\t\t--><rs-layer\n\t\t\t\t\t\t\t\tid=\"slider-73-slide-199-layer-24\" \n\t\t\t\t\t\t\t\tclass=\"rs-pxl-4\"\n\t\t\t\t\t\t\t\tdata-type=\"image\"\n\t\t\t\t\t\t\t\tdata-rsp_ch=\"on\"\n\t\t\t\t\t\t\t\tdata-xy=\"x:r;xo:-653px,-653px,-653px,-261px;y:b;yo:25px,25px,25px,-9px;\"\n\t\t\t\t\t\t\t\tdata-text=\"w:normal;\"\n\t\t\t\t\t\t\t\tdata-dim=\"w:1800px,1800px,1800px,616px;h:500px,500px,500px,200px;\"\n\t\t\t\t\t\t\t\tdata-frame_999=\"o:0;st:w;sR:8700;\"\n\t\t\t\t\t\t\t\tstyle=\"z-index:14;\"\n\t\t\t\t\t\t\t><img decoding=\"async\" src=\"\/\/prometheus.museum\/wp-content\/plugins\/revslider\/sr6\/assets\/assets\/dummy.png\" alt=\"\" class=\"tp-rs-img rs-lazyload\" width=\"732\" height=\"217\" data-lazyload=\"\/\/prometheus.museum\/wp-content\/uploads\/revslider\/Immersive-Taull\/ground-right.png\" data-no-retina> \n\t\t\t\t\t\t\t<\/rs-layer><!--\n\n\t\t\t\t\t\t\t--><rs-layer\n\t\t\t\t\t\t\t\tid=\"slider-73-slide-199-layer-25\" \n\t\t\t\t\t\t\t\tclass=\"rs-pxl-8\"\n\t\t\t\t\t\t\t\tdata-type=\"image\"\n\t\t\t\t\t\t\t\tdata-rsp_ch=\"on\"\n\t\t\t\t\t\t\t\tdata-xy=\"x:c;xo:103px,103px,103px,84px;y:m;yo:367px,367px,367px,216px;\"\n\t\t\t\t\t\t\t\tdata-text=\"w:normal;\"\n\t\t\t\t\t\t\t\tdata-dim=\"w:4000px,4000px,4000px,1800px;h:1127px,1127px,1127px,435px;\"\n\t\t\t\t\t\t\t\tdata-blendmode=\"screen\"\n\t\t\t\t\t\t\t\tdata-frame_1=\"e:power4.inOut;sp:990;\"\n\t\t\t\t\t\t\t\tdata-frame_999=\"o:0;st:w;sR:8010;\"\n\t\t\t\t\t\t\t\tdata-loop_0=\"x:-600px;\"\n\t\t\t\t\t\t\t\tdata-loop_999=\"x:600px;sp:30000;st:250;\"\n\t\t\t\t\t\t\t\tstyle=\"z-index:12;\"\n\t\t\t\t\t\t\t><img decoding=\"async\" src=\"\/\/prometheus.museum\/wp-content\/plugins\/revslider\/sr6\/assets\/assets\/dummy.png\" alt=\"\" class=\"tp-rs-img rs-lazyload\" width=\"1200\" height=\"338\" data-lazyload=\"\/\/prometheus.museum\/wp-content\/uploads\/revslider\/Immersive-Taull\/put-on-FG2-with-color-dodge-gives-a-subtle-moving-glow-effect-to-the-fire-here.png\" data-no-retina> \n\t\t\t\t\t\t\t<\/rs-layer><!--\n\n\t\t\t\t\t\t\t--><rs-layer\n\t\t\t\t\t\t\t\tid=\"slider-73-slide-199-layer-26\" \n\t\t\t\t\t\t\t\tclass=\"rs-nolc rs-pxl-3 rs-layer-video intrinsic-ignore\"\n\t\t\t\t\t\t\t\tdata-type=\"video\"\n\t\t\t\t\t\t\t\tdata-rsp_ch=\"on\"\n\t\t\t\t\t\t\t\tdata-xy=\"x:r;xo:547px,547px,547px,238px;y:b;yo:684px,684px,684px,367px;\"\n\t\t\t\t\t\t\t\tdata-text=\"w:normal;\"\n\t\t\t\t\t\t\t\tdata-dim=\"w:550px,550px,550px,212px;h:309px,309px,309px,119px;\"\n\t\t\t\t\t\t\t\tdata-blendmode=\"screen\"\n\t\t\t\t\t\t\t\tdata-video=\"vfc:true;vd:100;l:true;ptimer:false;nse:f;sav:f;afs:f;\"\n\t\t\t\t\t\t\t\tdata-poster=\"\/\/prometheus.museum\/wp-content\/uploads\/revslider\/Immersive-Taull\/Torch_Windy_01-1_675_layer.jpeg\"\n\t\t\t\t\t\t\t\tdata-mp4=\"\/\/prometheus.museum\/wp-content\/uploads\/revslider\/Bertren-Collapsible-FR\/Torch_Windy_01-1.mp4\"\n\t\t\t\t\t\t\t\tdata-frame_999=\"o:0;st:w;sR:8700;\"\n\t\t\t\t\t\t\t\tstyle=\"z-index:18;\"\n\t\t\t\t\t\t\t>\n\t\t\t\t\t\t\t<\/rs-layer><!--\n\n\t\t\t\t\t\t\t--><rs-layer\n\t\t\t\t\t\t\t\tid=\"slider-73-slide-199-layer-27\" \n\t\t\t\t\t\t\t\tclass=\"rs-nolc rs-pxl-3 rs-layer-video intrinsic-ignore\"\n\t\t\t\t\t\t\t\tdata-type=\"video\"\n\t\t\t\t\t\t\t\tdata-rsp_ch=\"on\"\n\t\t\t\t\t\t\t\tdata-xy=\"x:r;xo:551px,551px,551px,234px;y:b;yo:659px,659px,659px,387px;\"\n\t\t\t\t\t\t\t\tdata-text=\"w:normal;\"\n\t\t\t\t\t\t\t\tdata-dim=\"w:500px,500px,500px,193px;h:281px,281px,281px,108px;\"\n\t\t\t\t\t\t\t\tdata-blendmode=\"screen\"\n\t\t\t\t\t\t\t\tdata-video=\"vfc:true;vd:100;l:true;ptimer:false;nse:f;sav:f;afs:f;\"\n\t\t\t\t\t\t\t\tdata-poster=\"\/\/prometheus.museum\/wp-content\/uploads\/revslider\/Immersive-Taull\/Torch_Windy_02-1_675_layer.jpeg\"\n\t\t\t\t\t\t\t\tdata-mp4=\"\/\/prometheus.museum\/wp-content\/uploads\/revslider\/Bertren-Collapsible-FR\/Torch_Windy_02-1.mp4\"\n\t\t\t\t\t\t\t\tdata-frame_999=\"o:0;st:w;sR:8700;\"\n\t\t\t\t\t\t\t\tstyle=\"z-index:19;\"\n\t\t\t\t\t\t\t>\n\t\t\t\t\t\t\t<\/rs-layer><!--\n\n\t\t\t\t\t\t\t--><rs-layer\n\t\t\t\t\t\t\t\tid=\"slider-73-slide-199-layer-28\" \n\t\t\t\t\t\t\t\tclass=\"rs-nolc rs-pxl-3 rs-layer-video intrinsic-ignore\"\n\t\t\t\t\t\t\t\tdata-type=\"video\"\n\t\t\t\t\t\t\t\tdata-rsp_ch=\"on\"\n\t\t\t\t\t\t\t\tdata-xy=\"x:r;xo:551px,551px,551px,195px;y:b;yo:645px,645px,645px,360px;\"\n\t\t\t\t\t\t\t\tdata-text=\"w:normal;\"\n\t\t\t\t\t\t\t\tdata-dim=\"w:450px,450px,450px,173px;h:253px,253px,253px,97px;\"\n\t\t\t\t\t\t\t\tdata-blendmode=\"screen\"\n\t\t\t\t\t\t\t\tdata-video=\"vfc:true;vd:100;l:true;ptimer:false;nse:f;sav:f;afs:f;\"\n\t\t\t\t\t\t\t\tdata-poster=\"\/\/prometheus.museum\/wp-content\/uploads\/revslider\/Immersive-Taull\/Torch_Turbulent_02-1_675_layer.jpeg\"\n\t\t\t\t\t\t\t\tdata-mp4=\"\/\/prometheus.museum\/wp-content\/uploads\/revslider\/Bertren-Collapsible-FR\/Torch_Turbulent_02-1.mp4\"\n\t\t\t\t\t\t\t\tdata-frame_999=\"o:0;st:w;sR:8700;\"\n\t\t\t\t\t\t\t\tstyle=\"z-index:17;\"\n\t\t\t\t\t\t\t>\n\t\t\t\t\t\t\t<\/rs-layer><!--\n\n\t\t\t\t\t\t\t--><rs-layer\n\t\t\t\t\t\t\t\tid=\"slider-73-slide-199-layer-29\" \n\t\t\t\t\t\t\t\tdata-type=\"shape\"\n\t\t\t\t\t\t\t\tdata-rsp_ch=\"on\"\n\t\t\t\t\t\t\t\tdata-xy=\"x:c;y:b;yo:-15px,-15px,-15px,-26px;\"\n\t\t\t\t\t\t\t\tdata-text=\"w:normal;\"\n\t\t\t\t\t\t\t\tdata-dim=\"w:100%;h:180px,180px,180px,69px;\"\n\t\t\t\t\t\t\t\tdata-basealign=\"slide\"\n\t\t\t\t\t\t\t\tdata-frame_999=\"o:0;st:w;\"\n\t\t\t\t\t\t\t\tstyle=\"z-index:21;background:linear-gradient(rgba(74,74,74,0) 0%, rgba(0,0,0,1) 100%);\"\n\t\t\t\t\t\t\t> \n\t\t\t\t\t\t\t<\/rs-layer><!--\n-->\t\t\t\t\t<\/rs-slide>\n\t\t\t\t\t<\/rs-slides>\n\t\t\t\t<\/rs-module>\n\t\t\t\t<script>\n\t\t\t\t\tsetREVStartSize({c: 'sermon',rl:[1240,1240,1240,480],el:[1200,1200,1200,800],gw:[1240,1240,1240,480],gh:[1200,1200,1200,800],type:'standard',justify:'',layout:'fullwidth',mh:\"0\"});if (window.RS_MODULES!==undefined && window.RS_MODULES.modules!==undefined && window.RS_MODULES.modules[\"sermon\"]!==undefined) {window.RS_MODULES.modules[\"sermon\"].once = false;window.revapi73 = undefined;if (window.RS_MODULES.checkMinimal!==undefined) window.RS_MODULES.checkMinimal()}\n\t\t\t\t<\/script>\n\t\t\t<\/rs-module-wrap>\n\t\t\t<!-- END REVOLUTION SLIDER -->\n[\/vc_column][\/vc_row][vc_row bg_type=&#8221;color&#8221; tablet_sm_visibility=&#8221;hide&#8221; mobile_visibility=&#8221;hide&#8221; bg_color=&#8221;#000000&#8243; margin_bottom=&#8221;0&#8243; padding_bottom=&#8221;45&#8243; padding_top=&#8221;65&#8243;][vc_column width=&#8221;1\/2&#8243; css=&#8221;.vc_custom_1657206461179{padding-left: 2% !important;}&#8221;][vc_column_text]<\/p>\n<p style=\"text-align: right;\">Aquesta exposici\u00f3 presenta en 15 seq\u00fc\u00e8ncies la import\u00e0ncia del foc a totes les societats (el foc com s\u00edmbol de la vida, per\u00f2 tamb\u00e9 com un element perill\u00f3s i que cal controlar) i sobre tot a les llars i pobles pirinencs. Navegueu per les diferents p\u00e0gines i descobrireu com es celebra la festa del foc als Pirineus, com \u00e9s organitzada i viscuda.<\/p>\n<p>[\/vc_column_text][\/vc_column][vc_column width=&#8221;1\/2&#8243; css=&#8221;.vc_custom_1657206468097{padding-right: 2% !important;}&#8221;][vc_column_text]Coneixereu com es prepara la festa, \u00a0els diferents tipus de falles, haros i brandons, i les m\u00fasiques i danses que es ballen. Acompanyeu-nos per explorar tamb\u00e9 la hist\u00f2ria de la festa i els seus reptes de futur.[\/vc_column_text][\/vc_column][\/vc_row][vc_row bg_type=&#8221;color&#8221; desktop_visibility=&#8221;hide&#8221; tablet_visibility=&#8221;hide&#8221; bg_color=&#8221;#000000&#8243; margin_bottom=&#8221;0&#8243; padding_bottom=&#8221;45&#8243; padding_top=&#8221;65&#8243;][vc_column css=&#8221;.vc_custom_1652087811216{padding-right: 4% !important;padding-left: 4% !important;}&#8221;][vc_column_text]<\/p>\n<p style=\"text-align: center;\">Aquesta exposici\u00f3 presenta en 15 seq\u00fc\u00e8ncies la import\u00e0ncia del foc a totes les societats (el foc com s\u00edmbol de la vida, per\u00f2 tamb\u00e9 com un element perill\u00f3s i que cal controlar) i sobre tot a les llars i pobles pirinencs. Navegueu per les diferents p\u00e0gines i descobrireu com es celebra la festa del foc als Pirineus, com \u00e9s organitzada i viscuda.<\/p>\n<p>[\/vc_column_text][vc_column_text]Coneixereu com es prepara la festa, \u00a0els diferents tipus de falles, haros i brandons, i les m\u00fasiques i danses que es ballen. Acompanyeu-nos per explorar tamb\u00e9 la hist\u00f2ria de la festa i els seus reptes de futur.[\/vc_column_text][\/vc_column][\/vc_row][vc_row bg_type=&#8221;color&#8221; footer_feature=&#8221;yes&#8221; bg_color=&#8221;#000000&#8243; margin_bottom=&#8221;0&#8243; padding_bottom=&#8221;35&#8243; padding_top=&#8221;0&#8243;][vc_column css=&#8221;.vc_custom_1652717343516{margin-bottom: 0px !important;padding-bottom: 0px !important;}&#8221;]<div class=\"grve-element grve-image grve-align-center\" style=\"margin-bottom: 5px;\"><a href=\"https:\/\/prometheus.museum\/oc\/exposition-reference\/3-1\/\" target=\"_self\" class=\" \"><img loading=\"lazy\" decoding=\"async\" width=\"75\" height=\"75\" src=\"https:\/\/prometheus.museum\/wp-content\/uploads\/2022\/06\/arrow-right.png\" class=\"attachment-full size-full\" alt=\"arrow right\" srcset=\"https:\/\/prometheus.museum\/wp-content\/uploads\/2022\/06\/arrow-right.png 1x,https:\/\/prometheus.museum\/wp-content\/uploads\/2022\/06\/arrow-right-retina.png 2x\" \/><\/a><\/div><div class=\"grve-element grve-slogan grve-align-center\" style=\"margin-bottom: 55px;\">  <p class=\"grve-leader-text\">contunhar <\/p><\/div>[\/vc_column][\/vc_row]<\/p>\n","protected":false},"excerpt":{"rendered":"<p>[vc_row section_type=&#8221;fullwidth&#8221; header_feature=&#8221;yes&#8221;][vc_column][\/vc_column][\/vc_row][vc_row bg_type=&#8221;color&#8221; tablet_sm_visibility=&#8221;hide&#8221; mobile_visibility=&#8221;hide&#8221; bg_color=&#8221;#000000&#8243; margin_bottom=&#8221;0&#8243; padding_bottom=&#8221;45&#8243; padding_top=&#8221;65&#8243;][vc_column width=&#8221;1\/2&#8243; css=&#8221;.vc_custom_1657206461179{padding-left: 2% !important;}&#8221;][vc_column_text] Aquesta exposici\u00f3 presenta en 15 seq\u00fc\u00e8ncies la import\u00e0ncia del foc a totes les societats (el foc com s\u00edmbol de la vida, per\u00f2 tamb\u00e9 com un element perill\u00f3s i que cal controlar) i sobre tot a les llars i pobles pirinencs. Navegueu [&hellip;]<\/p>\n","protected":false},"author":1,"featured_media":0,"parent":0,"menu_order":0,"comment_status":"closed","ping_status":"open","template":"page-templates\/template-expositions.php","meta":{"_monsterinsights_skip_tracking":false,"_monsterinsights_sitenote_active":false,"_monsterinsights_sitenote_note":"","_monsterinsights_sitenote_category":0,"_uf_show_specific_survey":0,"_uf_disable_surveys":false,"footnotes":""},"class_list":["post-24254","page","type-page","status-publish","hentry"],"_links":{"self":[{"href":"https:\/\/prometheus.museum\/oc\/wp-json\/wp\/v2\/pages\/24254","targetHints":{"allow":["GET"]}}],"collection":[{"href":"https:\/\/prometheus.museum\/oc\/wp-json\/wp\/v2\/pages"}],"about":[{"href":"https:\/\/prometheus.museum\/oc\/wp-json\/wp\/v2\/types\/page"}],"author":[{"embeddable":true,"href":"https:\/\/prometheus.museum\/oc\/wp-json\/wp\/v2\/users\/1"}],"replies":[{"embeddable":true,"href":"https:\/\/prometheus.museum\/oc\/wp-json\/wp\/v2\/comments?post=24254"}],"version-history":[{"count":4,"href":"https:\/\/prometheus.museum\/oc\/wp-json\/wp\/v2\/pages\/24254\/revisions"}],"predecessor-version":[{"id":24258,"href":"https:\/\/prometheus.museum\/oc\/wp-json\/wp\/v2\/pages\/24254\/revisions\/24258"}],"wp:attachment":[{"href":"https:\/\/prometheus.museum\/oc\/wp-json\/wp\/v2\/media?parent=24254"}],"curies":[{"name":"wp","href":"https:\/\/api.w.org\/{rel}","templated":true}]}}