{"id":24350,"date":"2022-05-03T15:42:42","date_gmt":"2022-05-03T13:42:42","guid":{"rendered":"https:\/\/prometheus.museum\/partager\/merci-davoir-depose-un-temoignage\/"},"modified":"2022-05-03T15:42:42","modified_gmt":"2022-05-03T13:42:42","slug":"merci-davoir-depose-un-temoignage","status":"publish","type":"page","link":"https:\/\/prometheus.museum\/oc\/partager\/merci-davoir-depose-un-temoignage\/","title":{"rendered":"Merci d&#8217;avoir d\u00e9pos\u00e9 un t\u00e9moignage"},"content":{"rendered":"<p>[vc_row][vc_column css=&#8221;.vc_custom_1651586026765{padding-right: 4% !important;padding-left: 4% !important;}&#8221;]<div class=\"grve-element grve-slogan grve-align-left\" style=\"\"><h2 class=\"grve-slogan-title grve-align-left grve-h1\"><span>Merci<\/span><\/h2>  <p class=\"\">Nous vous contacterons d\u00e8s que possible pour confirmer tous<\/p><\/div><div class=\"grve-element grve-hr \" style=\"padding-top: 15px;padding-bottom: 55px;\"><div class=\"grve-dashed-line-divider\"><\/div><\/div>[\/vc_column][\/vc_row]<\/p>\n","protected":false},"excerpt":{"rendered":"<p>[vc_row][vc_column css=&#8221;.vc_custom_1651586026765{padding-right: 4% !important;padding-left: 4% !important;}&#8221;][\/vc_column][\/vc_row]<\/p>\n","protected":false},"author":1,"featured_media":0,"parent":24349,"menu_order":0,"comment_status":"closed","ping_status":"open","template":"page-templates\/template-partager.php","meta":{"_monsterinsights_skip_tracking":false,"_monsterinsights_sitenote_active":false,"_monsterinsights_sitenote_note":"","_monsterinsights_sitenote_category":0,"_uf_show_specific_survey":0,"_uf_disable_surveys":false,"footnotes":""},"class_list":["post-24350","page","type-page","status-publish","hentry"],"_links":{"self":[{"href":"https:\/\/prometheus.museum\/oc\/wp-json\/wp\/v2\/pages\/24350","targetHints":{"allow":["GET"]}}],"collection":[{"href":"https:\/\/prometheus.museum\/oc\/wp-json\/wp\/v2\/pages"}],"about":[{"href":"https:\/\/prometheus.museum\/oc\/wp-json\/wp\/v2\/types\/page"}],"author":[{"embeddable":true,"href":"https:\/\/prometheus.museum\/oc\/wp-json\/wp\/v2\/users\/1"}],"replies":[{"embeddable":true,"href":"https:\/\/prometheus.museum\/oc\/wp-json\/wp\/v2\/comments?post=24350"}],"version-history":[{"count":0,"href":"https:\/\/prometheus.museum\/oc\/wp-json\/wp\/v2\/pages\/24350\/revisions"}],"up":[{"embeddable":true,"href":"https:\/\/prometheus.museum\/oc\/wp-json\/wp\/v2\/pages\/24349"}],"wp:attachment":[{"href":"https:\/\/prometheus.museum\/oc\/wp-json\/wp\/v2\/media?parent=24350"}],"curies":[{"name":"wp","href":"https:\/\/api.w.org\/{rel}","templated":true}]}}