{"id":24352,"date":"2022-04-29T07:40:12","date_gmt":"2022-04-29T07:40:12","guid":{"rendered":"https:\/\/prometheus.museum\/partager\/savoir-faire\/"},"modified":"2023-04-30T15:00:08","modified_gmt":"2023-04-30T13:00:08","slug":"savoir-faire","status":"publish","type":"page","link":"https:\/\/prometheus.museum\/oc\/partager\/savoir-faire\/","title":{"rendered":"Saber fer"},"content":{"rendered":"<p>[vc_row][vc_column][vc_row_inner css=&#8221;.vc_custom_1654861065146{margin-bottom: 55px !important;}&#8221;][vc_column_inner width=&#8221;1\/6&#8243; css=&#8221;.vc_custom_1654861078966{padding-right: 4% !important;padding-left: 4% !important;}&#8221;][\/vc_column_inner][vc_column_inner width=&#8221;2\/3&#8243;]<div class=\"grve-element grve-slogan grve-align-center\" style=\"\">  <p class=\"grve-leader-text\">Dus tutoriaus que vos son proposats ent\u00e0 apr\u00e9nguer a fabricar eth har o eth halhar :<\/p><\/div>[\/vc_column_inner][vc_column_inner width=&#8221;1\/6&#8243;][\/vc_column_inner][\/vc_row_inner][vc_row_inner css=&#8221;.vc_custom_1654861065146{margin-bottom: 55px !important;}&#8221;][vc_column_inner css=&#8221;.vc_custom_1654861078966{padding-right: 4% !important;padding-left: 4% !important;}&#8221;][vc_column_text]<\/p>\n<ul>\n<li>ua version longa (en franc\u00e9s jos-titolat en occitan) ent\u00e0 un public avertit, ent\u00e0 con\u00e9guer eras tecnicas e eths materiaus emplegats ;<\/li>\n<li>ua version corta (en franc\u00e9s jos-titolat en occitan) entath gran public, ent\u00e0 descobrir eth saber-h\u00e8r ligat ara fabricacion deth har.Eth har que h\u00e8n a Regadas qu\u2019ei un exemple que non a ua valor normativa\u00a0: qu\u2019exista d\u2019autis hars qu\u2019an eras suas particularitats pr\u00f2pias (dab o sense palha, pas tant de cunhs, sist\u00e8ma d\u2019alugatge diferent, etc.). Que cau sustot balhar indicacions aths qu\u2019an perdut eth saber-h\u00e8r dera fabricacion o que\u2019u v\u00f2len simplament descobrir, ent\u00e0 contunhar a transm\u00e9ter era tradicion deth har dera Sent Joan.<\/li>\n<\/ul>\n<p>[\/vc_column_text][\/vc_column_inner][\/vc_row_inner][vc_row_inner][vc_column_inner width=&#8221;1\/6&#8243;][\/vc_column_inner][vc_column_inner width=&#8221;2\/3&#8243;][vc_column_text]<em>Version corta <\/em>[\/vc_column_text][vc_raw_html]JTVCRWxpdGVfdmlkZW9fcGxheWVyJTIwaWQlM0QlMjIxNyUyMiU1RA==[\/vc_raw_html][\/vc_column_inner][vc_column_inner width=&#8221;1\/6&#8243;][\/vc_column_inner][\/vc_row_inner][vc_row_inner][vc_column_inner width=&#8221;1\/6&#8243;][\/vc_column_inner][vc_column_inner width=&#8221;2\/3&#8243;][vc_column_text]<em>Version longa <\/em>[\/vc_column_text][vc_raw_html]JTVCRWxpdGVfdmlkZW9fcGxheWVyJTIwaWQlM0QlMjIxOCUyMiU1RA==[\/vc_raw_html][\/vc_column_inner][vc_column_inner width=&#8221;1\/6&#8243;][\/vc_column_inner][\/vc_row_inner][\/vc_column][\/vc_row]<\/p>\n","protected":false},"excerpt":{"rendered":"<p>[vc_row][vc_column][vc_row_inner css=&#8221;.vc_custom_1654861065146{margin-bottom: 55px !important;}&#8221;][vc_column_inner width=&#8221;1\/6&#8243; css=&#8221;.vc_custom_1654861078966{padding-right: 4% !important;padding-left: 4% !important;}&#8221;][\/vc_column_inner][vc_column_inner width=&#8221;2\/3&#8243;][\/vc_column_inner][vc_column_inner width=&#8221;1\/6&#8243;][\/vc_column_inner][\/vc_row_inner][vc_row_inner css=&#8221;.vc_custom_1654861065146{margin-bottom: 55px !important;}&#8221;][vc_column_inner css=&#8221;.vc_custom_1654861078966{padding-right: 4% !important;padding-left: 4% !important;}&#8221;][vc_column_text] ua version longa (en franc\u00e9s jos-titolat en occitan) ent\u00e0 un public avertit, ent\u00e0 con\u00e9guer eras tecnicas e eths materiaus emplegats ; ua version corta (en franc\u00e9s jos-titolat en occitan) entath gran public, ent\u00e0 descobrir eth [&hellip;]<\/p>\n","protected":false},"author":1,"featured_media":0,"parent":24349,"menu_order":0,"comment_status":"closed","ping_status":"open","template":"page-templates\/template-partager.php","meta":{"_monsterinsights_skip_tracking":false,"_monsterinsights_sitenote_active":false,"_monsterinsights_sitenote_note":"","_monsterinsights_sitenote_category":0,"_uf_show_specific_survey":0,"_uf_disable_surveys":false,"footnotes":""},"class_list":["post-24352","page","type-page","status-publish","hentry"],"_links":{"self":[{"href":"https:\/\/prometheus.museum\/oc\/wp-json\/wp\/v2\/pages\/24352","targetHints":{"allow":["GET"]}}],"collection":[{"href":"https:\/\/prometheus.museum\/oc\/wp-json\/wp\/v2\/pages"}],"about":[{"href":"https:\/\/prometheus.museum\/oc\/wp-json\/wp\/v2\/types\/page"}],"author":[{"embeddable":true,"href":"https:\/\/prometheus.museum\/oc\/wp-json\/wp\/v2\/users\/1"}],"replies":[{"embeddable":true,"href":"https:\/\/prometheus.museum\/oc\/wp-json\/wp\/v2\/comments?post=24352"}],"version-history":[{"count":3,"href":"https:\/\/prometheus.museum\/oc\/wp-json\/wp\/v2\/pages\/24352\/revisions"}],"predecessor-version":[{"id":24722,"href":"https:\/\/prometheus.museum\/oc\/wp-json\/wp\/v2\/pages\/24352\/revisions\/24722"}],"up":[{"embeddable":true,"href":"https:\/\/prometheus.museum\/oc\/wp-json\/wp\/v2\/pages\/24349"}],"wp:attachment":[{"href":"https:\/\/prometheus.museum\/oc\/wp-json\/wp\/v2\/media?parent=24352"}],"curies":[{"name":"wp","href":"https:\/\/api.w.org\/{rel}","templated":true}]}}