{"id":24367,"date":"2022-04-29T06:03:34","date_gmt":"2022-04-29T06:03:34","guid":{"rendered":"https:\/\/prometheus.museum\/musee-des-enfants\/la-fete-a-la-maison\/"},"modified":"2023-04-24T12:25:12","modified_gmt":"2023-04-24T10:25:12","slug":"era-hesta-a-casa","status":"publish","type":"page","link":"https:\/\/prometheus.museum\/oc\/eth-museu-deths-mainatges\/era-hesta-a-casa\/","title":{"rendered":"Era h\u00e8sta a casa"},"content":{"rendered":"<p>[vc_row section_id=&#8221;intro&#8221;][vc_column width=&#8221;1\/6&#8243; css=&#8221;.vc_custom_1652088225267{padding-right: 4% !important;padding-left: 4% !important;}&#8221;][\/vc_column][vc_column width=&#8221;2\/3&#8243;]<div class=\"grve-element grve-slogan grve-align-center grve-animated-item grve-fadeInUp\" style=\"margin-bottom: 25px;\" data-delay=\"200\">  <p class=\"grve-leader-text\">Demp\u00fas casa v\u00f2sta o eras v\u00f2stas associacions de fallaires\/halhaires, que podetz profitar dera h\u00e8sta tota eth an, de fai\u00e7on didactica. Que trobaratz aquiu-devath un j\u00f2c numeric, nombrosis libes e ist\u00f2rias de totis eths territ\u00f2ris e diferentas activitats o talh\u00e8rs que poiratz practicar tot sol o en grope.<\/p><\/div>[\/vc_column][vc_column width=&#8221;1\/6&#8243;][\/vc_column][\/vc_row][vc_row section_id=&#8221;livres&#8221;][vc_column css=&#8221;.vc_custom_1652088232652{padding-right: 4% !important;padding-left: 4% !important;}&#8221;]<div class=\"grve-element grve-slogan grve-align-center\" style=\"\"><h2 class=\"grve-slogan-title grve-align-center grve-h2\"><span style=\"font-size: 120%; line-height: 1.120em;\">Libes e ist\u00f2rias<\/span><\/h2><\/div><div class=\"grve-element grve-hr \" style=\"padding-top: 15px;padding-bottom: 55px;\"><div class=\"grve-dashed-line-divider\"><\/div><\/div>[\/vc_column][\/vc_row][vc_row margin_bottom=&#8221;45&#8243;][vc_column css=&#8221;.vc_custom_1652088238453{padding-right: 4% !important;padding-left: 4% !important;}&#8221;][vc_row_inner][vc_column_inner width=&#8221;1\/2&#8243;][vc_column_text css=&#8221;.vc_custom_1682331460533{padding-bottom: 55px !important;}&#8221;]<strong><em>ATLES DE LES FESTES DEL FOC DELS PIRINEUS <\/em><\/strong><strong>(Atl\u00e0s deras h\u00e8stas deth huec deths Piren\u00e8us)<\/strong><\/p>\n<p class=\"Standard\" style=\"text-align: justify; text-justify: inter-ideograph;\"><span lang=\"FR\" style=\"color: black;\">Escriut e illustrat per Jordi Alsina e Llu\u00eds R\u00e0fols, publicat per Dimoni Pelut.<\/span><\/p>\n<p class=\"Standard\" style=\"text-align: justify; text-justify: inter-ideograph;\"><span lang=\"FR\" style=\"color: black;\">Se voletz con\u00e9guer eras h\u00e8stas deth huec de totis eths par\u00e7ans, que vos conselham aqueth libe. Un libe entaths adultes e entaths futurs halhaires, m\u00e8s tanben concebut entath plaser deths legeires de totas eras generacions. Gr\u00e0cia ad aqueth liader, que&#8217;n poiratz v\u00e9der un trocet :<\/span> <a style=\"font-family: inherit; font-size: inherit; font-style: inherit; font-variant-ligatures: inherit; font-variant-caps: inherit; font-weight: inherit;\" href=\"https:\/\/www.eldimonipelut.cat\/compra?store-page=Altes-de-les-festes-del-foc-dels-Pirineus-p288072387\" target=\"_blank\" rel=\"noopener\">www.eldimonipelut.cat<\/a><\/p>\n<p>[\/vc_column_text]<div class=\"grve-element grve-image grve-animated-item grve-fadeInUp grve-align-center\" style=\"margin-bottom: 25px;\" data-delay=\"200\"><a href=\"https:\/\/www.eldimonipelut.cat\/compra?store-page=Altes-de-les-festes-del-foc-dels-Pirineus-p288072387\" target=\"_blank\" class=\" \" rel=\"noopener\"><img loading=\"lazy\" decoding=\"async\" width=\"400\" height=\"430\" src=\"https:\/\/prometheus.museum\/wp-content\/uploads\/2022\/05\/livre-couverture-ATLES-DE-LES-FESTES-DEL-FOC-1.png\" class=\"attachment-full size-full\" alt=\"Altes de les festes del foc dels Pirineus\" srcset=\"https:\/\/prometheus.museum\/wp-content\/uploads\/2022\/05\/livre-couverture-ATLES-DE-LES-FESTES-DEL-FOC-1.png 1x,https:\/\/prometheus.museum\/wp-content\/uploads\/2022\/05\/livre-couverture-ATLES-DE-LES-FESTES-DEL-FOC-retina-1.png 2x\" \/><\/a><\/div>[\/vc_column_inner][vc_column_inner width=&#8221;1\/2&#8243;]\n\t\t\t<!-- START Musee enfants 04 REVOLUTION SLIDER 6.7.39 --><p class=\"rs-p-wp-fix\"><\/p>\n\t\t\t<rs-module-wrap id=\"rev_slider_61_1_wrapper\" data-source=\"gallery\" style=\"visibility:hidden;background:#000000;padding:0;margin:0px auto;margin-top:0;margin-bottom:0;\">\n\t\t\t\t<rs-module id=\"rev_slider_61_1\" style=\"\" data-version=\"6.7.39\">\n\t\t\t\t\t<rs-slides style=\"overflow: hidden; position: absolute;\">\n\t\t\t\t\t\t<rs-slide style=\"position: absolute;\" data-key=\"rs-186\" data-title=\"Slide\" data-anim=\"ms:10;\" data-in=\"o:1;\" data-out=\"a:false;\">\n\t\t\t\t\t\t\t<img decoding=\"async\" src=\"\/\/prometheus.museum\/wp-content\/plugins\/revslider\/sr6\/assets\/assets\/dummy.png\" alt=\"Slide\" title=\"Era h\u00e8sta a casa\" class=\"rev-slidebg tp-rs-img rs-lazyload\" data-lazyload=\"\/\/prometheus.museum\/wp-content\/plugins\/revslider\/sr6\/assets\/assets\/transparent.png\" data-bg=\"p:center top;c:#000000;\" data-parallax=\"9\" data-no-retina>\n<!--\n\t\t\t\t\t\t\t--><rs-layer\n\t\t\t\t\t\t\t\tid=\"slider-61-slide-186-layer-6\" \n\t\t\t\t\t\t\t\tclass=\"rs-noevents rs-pxl-1\"\n\t\t\t\t\t\t\t\tdata-type=\"image\"\n\t\t\t\t\t\t\t\tdata-rsp_ch=\"on\"\n\t\t\t\t\t\t\t\tdata-xy=\"x:c;xo:-13px;y:c;yo:40px;\"\n\t\t\t\t\t\t\t\tdata-text=\"l:22;a:inherit;\"\n\t\t\t\t\t\t\t\tdata-dim=\"w:401px;h:820px;\"\n\t\t\t\t\t\t\t\tdata-basealign=\"slide\"\n\t\t\t\t\t\t\t\tdata-blendmode=\"overlay\"\n\t\t\t\t\t\t\t\tdata-frame_0=\"x:center;y:bottom;blu:10px;\"\n\t\t\t\t\t\t\t\tdata-frame_1=\"e:power4.out;st:300;sp:2000;sR:300;\"\n\t\t\t\t\t\t\t\tdata-frame_999=\"o:0;st:w;sR:6700;\"\n\t\t\t\t\t\t\t\tstyle=\"z-index:9;\"\n\t\t\t\t\t\t\t><img decoding=\"async\" src=\"\/\/prometheus.museum\/wp-content\/plugins\/revslider\/sr6\/assets\/assets\/dummy.png\" alt=\"feu\" class=\"tp-rs-img rs-lazyload\" width=\"489\" height=\"1000\" data-lazyload=\"\/\/prometheus.museum\/wp-content\/uploads\/2022\/05\/BG_fire1.png\" data-no-retina> \n\t\t\t\t\t\t\t<\/rs-layer><!--\n\n\t\t\t\t\t\t\t--><rs-layer\n\t\t\t\t\t\t\t\tid=\"slider-61-slide-186-layer-10\" \n\t\t\t\t\t\t\t\tclass=\"rs-noevents rs-pxl-2\"\n\t\t\t\t\t\t\t\tdata-type=\"image\"\n\t\t\t\t\t\t\t\tdata-rsp_ch=\"on\"\n\t\t\t\t\t\t\t\tdata-xy=\"x:c;xo:-34px;y:b;yo:99px;\"\n\t\t\t\t\t\t\t\tdata-text=\"l:22;a:inherit;\"\n\t\t\t\t\t\t\t\tdata-dim=\"w:384px;h:670px;\"\n\t\t\t\t\t\t\t\tdata-basealign=\"slide\"\n\t\t\t\t\t\t\t\tdata-blendmode=\"screen\"\n\t\t\t\t\t\t\t\tdata-frame_0=\"x:center;y:bottom;blu:10px;\"\n\t\t\t\t\t\t\t\tdata-frame_1=\"e:power4.out;st:300;sp:2000;sR:300;\"\n\t\t\t\t\t\t\t\tdata-frame_999=\"o:0;st:w;sR:6700;\"\n\t\t\t\t\t\t\t\tstyle=\"z-index:11;\"\n\t\t\t\t\t\t\t><img decoding=\"async\" src=\"\/\/prometheus.museum\/wp-content\/plugins\/revslider\/sr6\/assets\/assets\/dummy.png\" alt=\"\" class=\"tp-rs-img rs-lazyload\" width=\"458\" height=\"800\" data-lazyload=\"\/\/prometheus.museum\/wp-content\/uploads\/2022\/05\/Big_boy.png\" data-no-retina> \n\t\t\t\t\t\t\t<\/rs-layer><!--\n\n\t\t\t\t\t\t\t--><rs-layer\n\t\t\t\t\t\t\t\tid=\"slider-61-slide-186-layer-11\" \n\t\t\t\t\t\t\t\tclass=\"rs-noevents rs-pxl-2\"\n\t\t\t\t\t\t\t\tdata-type=\"image\"\n\t\t\t\t\t\t\t\tdata-rsp_ch=\"on\"\n\t\t\t\t\t\t\t\tdata-xy=\"x:c;xo:-34px;y:b;yo:99px;\"\n\t\t\t\t\t\t\t\tdata-text=\"l:22;a:inherit;\"\n\t\t\t\t\t\t\t\tdata-dim=\"w:383px;h:670px;\"\n\t\t\t\t\t\t\t\tdata-basealign=\"slide\"\n\t\t\t\t\t\t\t\tdata-frame_0=\"x:center;y:bottom;blu:10px;\"\n\t\t\t\t\t\t\t\tdata-frame_1=\"e:power4.out;st:300;sp:2000;sR:300;\"\n\t\t\t\t\t\t\t\tdata-frame_999=\"o:0;st:w;sR:6700;\"\n\t\t\t\t\t\t\t\tstyle=\"z-index:10;\"\n\t\t\t\t\t\t\t><img decoding=\"async\" src=\"\/\/prometheus.museum\/wp-content\/plugins\/revslider\/sr6\/assets\/assets\/dummy.png\" alt=\"\" class=\"tp-rs-img rs-lazyload\" width=\"800\" height=\"1399\" data-lazyload=\"\/\/prometheus.museum\/wp-content\/uploads\/2022\/05\/Big_boy_light.png\" data-no-retina> \n\t\t\t\t\t\t\t<\/rs-layer><!--\n\n\t\t\t\t\t\t\t--><rs-layer\n\t\t\t\t\t\t\t\tid=\"slider-61-slide-186-layer-23\" \n\t\t\t\t\t\t\t\tclass=\"rs-noevents rs-pxl-1\"\n\t\t\t\t\t\t\t\tdata-type=\"image\"\n\t\t\t\t\t\t\t\tdata-rsp_ch=\"on\"\n\t\t\t\t\t\t\t\tdata-xy=\"x:c;xo:-13px;y:c;yo:40px;\"\n\t\t\t\t\t\t\t\tdata-text=\"l:22;a:inherit;\"\n\t\t\t\t\t\t\t\tdata-dim=\"w:401px;h:820px;\"\n\t\t\t\t\t\t\t\tdata-basealign=\"slide\"\n\t\t\t\t\t\t\t\tdata-frame_0=\"x:center;y:bottom;blu:10px;\"\n\t\t\t\t\t\t\t\tdata-frame_1=\"e:power4.out;st:300;sp:2000;sR:300;\"\n\t\t\t\t\t\t\t\tdata-frame_999=\"o:0;st:w;sR:6700;\"\n\t\t\t\t\t\t\t\tdata-loop_999=\"sX:1.05;sY:1.05;o:0.8;blu:5;sp:1800;e:power1.inOut;yys:t;yyf:t;\"\n\t\t\t\t\t\t\t\tstyle=\"z-index:8;\"\n\t\t\t\t\t\t\t><img decoding=\"async\" src=\"\/\/prometheus.museum\/wp-content\/plugins\/revslider\/sr6\/assets\/assets\/dummy.png\" alt=\"feu\" class=\"tp-rs-img rs-lazyload\" width=\"489\" height=\"1000\" data-lazyload=\"\/\/prometheus.museum\/wp-content\/uploads\/2022\/05\/BG_fire1.png\" data-no-retina> \n\t\t\t\t\t\t\t<\/rs-layer><!--\n-->\t\t\t\t\t<\/rs-slide>\n\t\t\t\t\t<\/rs-slides>\n\t\t\t\t<\/rs-module>\n\t\t\t\t<script>\n\t\t\t\t\tsetREVStartSize({c: 'rev_slider_61_1',rl:[1240,1024,778,480],el:[960],gw:[600],gh:[960],type:'standard',justify:'',layout:'fullwidth',mh:\"0\"});if (window.RS_MODULES!==undefined && window.RS_MODULES.modules!==undefined && window.RS_MODULES.modules[\"revslider611\"]!==undefined) {window.RS_MODULES.modules[\"revslider611\"].once = false;window.revapi61 = undefined;if (window.RS_MODULES.checkMinimal!==undefined) window.RS_MODULES.checkMinimal()}\n\t\t\t\t<\/script>\n\t\t\t<\/rs-module-wrap>\n\t\t\t<!-- END REVOLUTION SLIDER -->\n[vc_empty_space][\/vc_column_inner][\/vc_row_inner][vc_row_inner][vc_column_inner css=&#8221;.vc_custom_1652525540375{margin-bottom: 45px !important;}&#8221;]<div class=\"grve-element grve-image grve-animated-item grve-fadeInUp grve-align-center\" style=\"\" data-delay=\"200\"><a href=\"https:\/\/www.eldimonipelut.cat\/compra?store-page=Altes-de-les-festes-del-foc-dels-Pirineus-p288072387\" target=\"_blank\" class=\" \" rel=\"noopener\"><img loading=\"lazy\" decoding=\"async\" width=\"1388\" height=\"886\" src=\"https:\/\/prometheus.museum\/wp-content\/uploads\/2022\/05\/Altes-de-les-festes-del-foc-dels-Pirineus-inner.jpg\" class=\"attachment-full size-full\" alt=\"Atlas des f\u00eates du feu dans les Pyr\u00e9n\u00e9es\" srcset=\"https:\/\/prometheus.museum\/wp-content\/uploads\/2022\/05\/Altes-de-les-festes-del-foc-dels-Pirineus-inner.jpg 1x,https:\/\/prometheus.museum\/wp-content\/uploads\/2022\/05\/Altes-de-les-festes-del-foc-dels-Pirineus-inner-retina-scaled.jpg 2x\" \/><\/a><\/div><div class=\"grve-element grve-hr \" style=\"padding-top: 25px;padding-bottom: 25px;\"><div class=\"grve-line-divider\"><\/div><\/div>[\/vc_column_inner][\/vc_row_inner][vc_row_inner][vc_column_inner width=&#8221;1\/2&#8243;][vc_column_text]<strong>ERA NET DE SANT JOAN<\/strong><\/p>\n<p class=\"Standard\" style=\"text-align: justify; text-justify: inter-ideograph;\"><span lang=\"FR\" style=\"color: black;\">Escriut per Susana Vidal e illustrat per Montse Espa\u00f1ol, publicat peth Conselh Generau d\u2019Aran. Era h\u00e8sta de Sent Joan ena vath aquesta qu&#8217;ei plan descriuta en aquera ist\u00f2ria. Que podetz trobar aqueth libe aciu <\/span><span style=\"font-family: inherit; font-size: inherit; font-style: inherit; font-variant-ligatures: inherit; font-variant-caps: inherit; font-weight: inherit;\">: <\/span><a style=\"font-family: inherit; font-size: inherit; font-style: inherit; font-variant-ligatures: inherit; font-variant-caps: inherit; font-weight: inherit;\" href=\"https:\/\/unidisc.csuc.cat\/index.php\/s\/60SwNzlSaq10cqe\" target=\"_blank\" rel=\"noopener\">www.unidisc.csuc.cat<\/a><\/p>\n<p>[\/vc_column_text]<div class=\"grve-element grve-image grve-animated-item grve-fadeInUp grve-align-center\" style=\"margin-bottom: 25px;\" data-delay=\"200\"><a href=\"https:\/\/unidisc.csuc.cat\/index.php\/s\/60SwNzlSaq10cqe\" target=\"_blank\" class=\" \" rel=\"noopener\"><img loading=\"lazy\" decoding=\"async\" width=\"430\" height=\"430\" src=\"https:\/\/prometheus.museum\/wp-content\/uploads\/2022\/05\/livre-couverture-La-nuit-de-la-Saint-Jean.png\" class=\"attachment-full size-full\" alt=\"La nuit de la Saint-Jean\" srcset=\"https:\/\/prometheus.museum\/wp-content\/uploads\/2022\/05\/livre-couverture-La-nuit-de-la-Saint-Jean.png 1x,https:\/\/prometheus.museum\/wp-content\/uploads\/2022\/05\/livre-couverture-La-nuit-de-la-Saint-Jean-retina.png 2x\" \/><\/a><\/div>[\/vc_column_inner][vc_column_inner width=&#8221;1\/2&#8243;][vc_column_text]<strong><em>EL TRESOR DE LES VALLS D\u2019ANDORRA<\/em><\/strong><strong> (Eth tres\u00f2r deras vaths d\u2019And\u00f2rra)<\/strong><\/p>\n<p class=\"Standard\" style=\"text-align: justify; text-justify: inter-ideograph;\"><span lang=\"FR\" style=\"color: black;\">Escriut per Assumpta Mercader e Carme Invern\u00f3n, publicat peth governament d\u2019And\u00f2rra. Que poiratz apr\u00e9nguer a con\u00e9guer eras <i>falles<\/i> d\u2019And\u00f2rra, en tot descobrir ath madeish temps, tot eth patrim\u00f2ni culturau deth pa\u00eds, a trav\u00e8rs eras aventuras de ua familha atrevida.<\/span><\/p>\n<p><a href=\"https:\/\/www.altair.es\/cat\/libro\/tresor-de-les-valls-d-andorra-el-govern-d-andorra_172183\" target=\"_blank\" rel=\"noopener\">www.altair.es<\/a>[\/vc_column_text]<div class=\"grve-element grve-image grve-animated-item grve-fadeInUp grve-align-center\" style=\"margin-bottom: 25px;\" data-delay=\"200\"><a href=\"https:\/\/www.altair.es\/cat\/libro\/tresor-de-les-valls-d-andorra-el-govern-d-andorra_172183\" target=\"_blank\" class=\" \" rel=\"noopener\"><img loading=\"lazy\" decoding=\"async\" width=\"430\" height=\"430\" src=\"https:\/\/prometheus.museum\/wp-content\/uploads\/2022\/05\/livre-couverture-Le-tresor-des-vallees-Andorre.png\" class=\"attachment-full size-full\" alt=\"Le tr\u00e9sor des vall\u00e9es d\u2019Andorre\" srcset=\"https:\/\/prometheus.museum\/wp-content\/uploads\/2022\/05\/livre-couverture-Le-tresor-des-vallees-Andorre.png 1x,https:\/\/prometheus.museum\/wp-content\/uploads\/2022\/05\/livre-couverture-Le-tresor-des-vallees-Andorre-retina.png 2x\" \/><\/a><\/div>[\/vc_column_inner][\/vc_row_inner][vc_row_inner][vc_column_inner width=&#8221;1\/2&#8243;][vc_column_text]<strong>FIA-FAIA<\/strong><\/p>\n<p>Escriut per Xavier Pedrals e illustrat per Kap, publicat per Editorial Mediterr\u00e0nia.<br \/>\nAqueth libe que vos har\u00e0 entrar ena sola h\u00e8sta de <em>falles<\/em> celebrada ath solstici d&#8217;iv\u00e8rn, era Fia-faia de Bag\u00e0 e de Sant-Juli\u00e0-de-Cerdanyola.<\/p>\n<p>Aquiu que podetz trobar aqueth libe <span style=\"font-family: inherit; font-size: inherit; font-style: inherit; font-variant-ligatures: inherit; font-variant-caps: inherit; font-weight: inherit;\">: <\/span><a style=\"font-family: inherit; font-size: inherit; font-style: inherit; font-variant-ligatures: inherit; font-variant-caps: inherit; font-weight: inherit;\" href=\"https:\/\/www.editorialmediterrania.com\/producte\/un-mar-dhistories-fia-faia\/\" target=\"_blank\" rel=\"noopener\">www.editorialmediterrania.com<\/a>[\/vc_column_text]<div class=\"grve-element grve-image grve-animated-item grve-fadeInUp grve-align-center\" style=\"margin-bottom: 25px;\" data-delay=\"200\"><a href=\"https:\/\/www.editorialmediterrania.com\/producte\/un-mar-dhistories-fia-faia\/\" target=\"_blank\" class=\" \" rel=\"noopener\"><img loading=\"lazy\" decoding=\"async\" width=\"430\" height=\"430\" src=\"https:\/\/prometheus.museum\/wp-content\/uploads\/2022\/05\/livre-couverture-Fia-faia.png\" class=\"attachment-full size-full\" alt=\"Fia-faia\" srcset=\"https:\/\/prometheus.museum\/wp-content\/uploads\/2022\/05\/livre-couverture-Fia-faia.png 1x,https:\/\/prometheus.museum\/wp-content\/uploads\/2022\/05\/livre-couverture-Fia-faia-retina.png 2x\" \/><\/a><\/div>[\/vc_column_inner][vc_column_inner width=&#8221;1\/2&#8243;][vc_column_text]<strong>FOC A LES MANS (Huec enas mans)<\/strong><\/p>\n<p>Escriut per Xavi Farr\u00e9 e illustrat per Patxanet, publicat per Mosaics Llibres.<\/p>\n<p>Se&#8217;n voltez saber encara m\u00e8s sus eras <em>falles<\/em> deths Piren\u00e8us catalans e aragonesis, que vos encoratjam a cabussar ena ist\u00f2ria de Bonaventura e de Jacinta-Brancada, dus petitis <em>fallaires<\/em> que&#8217;s van trobar gr\u00e0cias ara h\u00e8sta.<\/p>\n<p><span style=\"font-family: inherit; font-size: inherit; font-style: inherit; font-variant-ligatures: inherit; font-variant-caps: inherit; font-weight: inherit;\">En liader que segueish, que podetz descobrir eras prum\u00e8ras pajas dera ist\u00f2ria : <\/span><a style=\"font-family: inherit; font-size: inherit; font-style: inherit; font-variant-ligatures: inherit; font-variant-caps: inherit; font-weight: inherit;\" href=\"https:\/\/www.mosaicsllibres.com\/portfolio_page\/foc-les-mans-conte-falles\/\" target=\"_blank\" rel=\"noopener\">www.mosaicsllibres.com<\/a>[\/vc_column_text]<div class=\"grve-element grve-image grve-animated-item grve-fadeInUp grve-align-center\" style=\"margin-bottom: 25px;\" data-delay=\"200\"><a href=\"https:\/\/www.mosaicsllibres.com\/portfolio_page\/foc-les-mans-conte-falles\/\" target=\"_blank\" class=\" \" rel=\"noopener\"><img loading=\"lazy\" decoding=\"async\" width=\"430\" height=\"400\" src=\"https:\/\/prometheus.museum\/wp-content\/uploads\/2022\/05\/livre-couverture-Foc-a-les-mans.png\" class=\"attachment-full size-full\" alt=\"Foc a les mans\" srcset=\"https:\/\/prometheus.museum\/wp-content\/uploads\/2022\/05\/livre-couverture-Foc-a-les-mans.png 1x,https:\/\/prometheus.museum\/wp-content\/uploads\/2022\/05\/livre-couverture-Foc-a-les-mans-retina.png 2x\" \/><\/a><\/div>[\/vc_column_inner][\/vc_row_inner][\/vc_column][\/vc_row][vc_row section_id=&#8221;activites&#8221; margin_bottom=&#8221;0&#8243; padding_bottom=&#8221;55&#8243;][vc_column css=&#8221;.vc_custom_1652088248239{padding-right: 4% !important;padding-left: 4% !important;}&#8221;]<div class=\"grve-element grve-hr \" style=\"padding-top: 45px;padding-bottom: 35px;\"><div class=\"grve-dashed-line-divider\"><\/div><\/div>[vc_row_inner][vc_column_inner width=&#8221;1\/6&#8243;][\/vc_column_inner][vc_column_inner width=&#8221;2\/3&#8243;]<div class=\"grve-element grve-slogan grve-align-center\" style=\"\"><h2 class=\"grve-slogan-title grve-align-center grve-h2\"><span style=\"font-size: 120%; line-height: 1.120em;\">Activitats<\/span><\/h2>  <p class=\"grve-leader-text\">Que&#8217;n podetz apr\u00e9nguer encara m\u00e8s sus eras H\u00e8stas deth Huec deths Solsticis en eths Piren\u00e8us dab eras activitats que segueishen. Que descobriratz mots nav\u00e8ris, arrec\u00e8ptas interessentas e escomesas scientificas, en tot trabalhar o en tot jogar.<\/p><\/div>[\/vc_column_inner][vc_column_inner width=&#8221;1\/6&#8243;][\/vc_column_inner][\/vc_row_inner]<div class=\"grve-element grve-hr \" style=\"padding-top: 45px;padding-bottom: 55px;\"><div class=\"grve-dashed-line-divider\"><\/div><\/div>[vc_row_inner css=&#8221;.vc_custom_1651671392949{padding-bottom: 45px !important;}&#8221;][vc_column_inner width=&#8221;1\/3&#8243;][vc_column_text]<strong><em>Activit\u00e9 1<\/em><\/strong>[\/vc_column_text]<div class=\"grve-element grve-image grve-animated-item grve-fadeInUp grve-align-left\" style=\"margin-bottom: 25px;\" data-delay=\"200\"><a href=\"https:\/\/prometheus.museum\/pdf\/fr\/FR-Activitat-1-Museu-del-Infants_vf2.pdf\" target=\"_blank\" class=\" \"><img loading=\"lazy\" decoding=\"async\" width=\"326\" height=\"460\" src=\"https:\/\/prometheus.museum\/wp-content\/uploads\/2022\/09\/FR-Activitat-1-Museu-del-Infants_vf2-1.jpg\" class=\"attachment-full size-full\" alt=\"Activit\u00e9 1\" srcset=\"https:\/\/prometheus.museum\/wp-content\/uploads\/2022\/09\/FR-Activitat-1-Museu-del-Infants_vf2-1.jpg 1x,https:\/\/prometheus.museum\/wp-content\/uploads\/2022\/09\/FR-Activitat-1-Museu-del-Infants_vf2-retina.jpg 2x\" \/><\/a><\/div>[\/vc_column_inner][vc_column_inner width=&#8221;1\/3&#8243;][vc_column_text]<strong><em>Activit\u00e9 2<\/em><\/strong>[\/vc_column_text]<div class=\"grve-element grve-image grve-animated-item grve-fadeInUp grve-align-left\" style=\"margin-bottom: 25px;\" data-delay=\"200\"><a href=\"https:\/\/prometheus.museum\/pdf\/fr\/FR-Activitat-2-Museu-del-Infants_vf2.pdf\" target=\"_blank\" class=\" \"><img loading=\"lazy\" decoding=\"async\" width=\"326\" height=\"460\" src=\"https:\/\/prometheus.museum\/wp-content\/uploads\/2022\/09\/FR-Activitat-2-Museu-del-Infants_vf2.docx.jpg\" class=\"attachment-full size-full\" alt=\"Activit\u00e9 2\" srcset=\"https:\/\/prometheus.museum\/wp-content\/uploads\/2022\/09\/FR-Activitat-2-Museu-del-Infants_vf2.docx.jpg 1x,https:\/\/prometheus.museum\/wp-content\/uploads\/2022\/09\/FR-Activitat-2-Museu-del-Infants_vf2-retina.jpg 2x\" \/><\/a><\/div>[\/vc_column_inner][vc_column_inner width=&#8221;1\/3&#8243;][vc_column_text]<strong><em>Activit\u00e9 3<\/em><\/strong>[\/vc_column_text]<div class=\"grve-element grve-image grve-animated-item grve-fadeInUp grve-align-left\" style=\"margin-bottom: 25px;\" data-delay=\"200\"><a href=\"https:\/\/prometheus.museum\/pdf\/fr\/FR-Activitat-3-Museu-del-Infants_vf2.pdf\" target=\"_blank\" class=\" \"><img loading=\"lazy\" decoding=\"async\" width=\"326\" height=\"460\" src=\"https:\/\/prometheus.museum\/wp-content\/uploads\/2022\/09\/FR-Activitat-3-Museu-del-Infants_vf2.docx-1.jpg\" class=\"attachment-full size-full\" alt=\"Activit\u00e9 3\" srcset=\"https:\/\/prometheus.museum\/wp-content\/uploads\/2022\/09\/FR-Activitat-3-Museu-del-Infants_vf2.docx-1.jpg 1x,https:\/\/prometheus.museum\/wp-content\/uploads\/2022\/09\/FR-Activitat-3-Museu-del-Infants_vf2-retina.jpg 2x\" \/><\/a><\/div>[\/vc_column_inner][\/vc_row_inner][vc_row_inner css=&#8221;.vc_custom_1651671398284{padding-bottom: 45px !important;}&#8221;][vc_column_inner width=&#8221;1\/3&#8243;][vc_column_text]<strong><em>Activit\u00e9 4<\/em><\/strong>[\/vc_column_text]<div class=\"grve-element grve-image grve-animated-item grve-fadeInUp grve-align-left\" style=\"margin-bottom: 25px;\" data-delay=\"200\"><a href=\"https:\/\/prometheus.museum\/pdf\/fr\/FR-Activitat-4-Museu-del-Infants_vf2.pdf\" target=\"_blank\" class=\" \"><img loading=\"lazy\" decoding=\"async\" width=\"326\" height=\"460\" src=\"https:\/\/prometheus.museum\/wp-content\/uploads\/2022\/09\/FR-Activitat-4-Museu-del-Infants_vf2.docx.jpg\" class=\"attachment-full size-full\" alt=\"Activit\u00e9 4\" srcset=\"https:\/\/prometheus.museum\/wp-content\/uploads\/2022\/09\/FR-Activitat-4-Museu-del-Infants_vf2.docx.jpg 1x,https:\/\/prometheus.museum\/wp-content\/uploads\/2022\/09\/FR-Activitat-4-Museu-del-Infants_vf2-retina.jpg 2x\" \/><\/a><\/div>[\/vc_column_inner][vc_column_inner width=&#8221;1\/3&#8243;][vc_column_text]<strong><em>Activit\u00e9 5<\/em><\/strong>[\/vc_column_text]<div class=\"grve-element grve-image grve-animated-item grve-fadeInUp grve-align-left\" style=\"margin-bottom: 25px;\" data-delay=\"200\"><a href=\"https:\/\/prometheus.museum\/pdf\/fr\/FR-Activitat-5-Museu-del-Infants_vf2.pdf\" target=\"_blank\" class=\" \"><img loading=\"lazy\" decoding=\"async\" width=\"326\" height=\"460\" src=\"https:\/\/prometheus.museum\/wp-content\/uploads\/2022\/09\/FR-Activitat-5-Museu-del-Infants_vf2.docx-1.jpg\" class=\"attachment-full size-full\" alt=\"Activit\u00e9 5\" srcset=\"https:\/\/prometheus.museum\/wp-content\/uploads\/2022\/09\/FR-Activitat-5-Museu-del-Infants_vf2.docx-1.jpg 1x,https:\/\/prometheus.museum\/wp-content\/uploads\/2022\/09\/FR-Activitat-5-Museu-del-Infants_vf2-retina.jpg 2x\" \/><\/a><\/div>[\/vc_column_inner][vc_column_inner width=&#8221;1\/3&#8243;][vc_column_text]<strong><em>Activit\u00e9 6<\/em><\/strong>[\/vc_column_text]<div class=\"grve-element grve-image grve-animated-item grve-fadeInUp grve-align-left\" style=\"margin-bottom: 25px;\" data-delay=\"200\"><a href=\"https:\/\/prometheus.museum\/pdf\/fr\/FR-Activitat-6-Museu-del-Infants_vf2.pdf\" target=\"_blank\" class=\" \"><img loading=\"lazy\" decoding=\"async\" width=\"326\" height=\"460\" src=\"https:\/\/prometheus.museum\/wp-content\/uploads\/2022\/09\/FR-Activitat-6-Museu-del-Infants_vf2-1.jpg\" class=\"attachment-full size-full\" alt=\"Activit\u00e9 6\" srcset=\"https:\/\/prometheus.museum\/wp-content\/uploads\/2022\/09\/FR-Activitat-6-Museu-del-Infants_vf2-1.jpg 1x,https:\/\/prometheus.museum\/wp-content\/uploads\/2022\/09\/FR-Activitat-6-Museu-del-Infants_vf2-retina.jpg 2x\" \/><\/a><\/div>[\/vc_column_inner][\/vc_row_inner][\/vc_column][\/vc_row]<\/p>\n","protected":false},"excerpt":{"rendered":"<p>[vc_row section_id=&#8221;intro&#8221;][vc_column width=&#8221;1\/6&#8243; css=&#8221;.vc_custom_1652088225267{padding-right: 4% !important;padding-left: 4% !important;}&#8221;][\/vc_column][vc_column width=&#8221;2\/3&#8243;][\/vc_column][vc_column width=&#8221;1\/6&#8243;][\/vc_column][\/vc_row][vc_row section_id=&#8221;livres&#8221;][vc_column css=&#8221;.vc_custom_1652088232652{padding-right: 4% !important;padding-left: 4% !important;}&#8221;][\/vc_column][\/vc_row][vc_row margin_bottom=&#8221;45&#8243;][vc_column css=&#8221;.vc_custom_1652088238453{padding-right: 4% !important;padding-left: 4% !important;}&#8221;][vc_row_inner][vc_column_inner width=&#8221;1\/2&#8243;][vc_column_text css=&#8221;.vc_custom_1682331460533{padding-bottom: 55px !important;}&#8221;]ATLES DE LES FESTES DEL FOC DELS PIRINEUS (Atl\u00e0s deras h\u00e8stas deth huec deths Piren\u00e8us) Escriut e illustrat per Jordi Alsina e Llu\u00eds R\u00e0fols, publicat per Dimoni Pelut. Se voletz [&hellip;]<\/p>\n","protected":false},"author":1,"featured_media":0,"parent":24353,"menu_order":0,"comment_status":"closed","ping_status":"open","template":"page-templates\/template-musee-enfants.php","meta":{"_monsterinsights_skip_tracking":false,"_monsterinsights_sitenote_active":false,"_monsterinsights_sitenote_note":"","_monsterinsights_sitenote_category":0,"_uf_show_specific_survey":0,"_uf_disable_surveys":false,"footnotes":""},"class_list":["post-24367","page","type-page","status-publish","hentry"],"_links":{"self":[{"href":"https:\/\/prometheus.museum\/oc\/wp-json\/wp\/v2\/pages\/24367","targetHints":{"allow":["GET"]}}],"collection":[{"href":"https:\/\/prometheus.museum\/oc\/wp-json\/wp\/v2\/pages"}],"about":[{"href":"https:\/\/prometheus.museum\/oc\/wp-json\/wp\/v2\/types\/page"}],"author":[{"embeddable":true,"href":"https:\/\/prometheus.museum\/oc\/wp-json\/wp\/v2\/users\/1"}],"replies":[{"embeddable":true,"href":"https:\/\/prometheus.museum\/oc\/wp-json\/wp\/v2\/comments?post=24367"}],"version-history":[{"count":4,"href":"https:\/\/prometheus.museum\/oc\/wp-json\/wp\/v2\/pages\/24367\/revisions"}],"predecessor-version":[{"id":24378,"href":"https:\/\/prometheus.museum\/oc\/wp-json\/wp\/v2\/pages\/24367\/revisions\/24378"}],"up":[{"embeddable":true,"href":"https:\/\/prometheus.museum\/oc\/wp-json\/wp\/v2\/pages\/24353"}],"wp:attachment":[{"href":"https:\/\/prometheus.museum\/oc\/wp-json\/wp\/v2\/media?parent=24367"}],"curies":[{"name":"wp","href":"https:\/\/api.w.org\/{rel}","templated":true}]}}