{"id":24369,"date":"2022-04-29T06:03:06","date_gmt":"2022-04-29T06:03:06","guid":{"rendered":"https:\/\/prometheus.museum\/musee-des-enfants\/la-fete-a-lecole\/"},"modified":"2023-04-30T14:45:48","modified_gmt":"2023-04-30T12:45:48","slug":"era-hesta-ena-escola","status":"publish","type":"page","link":"https:\/\/prometheus.museum\/oc\/eth-museu-deths-mainatges\/era-hesta-ena-escola\/","title":{"rendered":"Era h\u00e8sta ena esc\u00f2la"},"content":{"rendered":"<p>[vc_row section_id=&#8221;intro&#8221;][vc_column width=&#8221;1\/6&#8243; css=&#8221;.vc_custom_1652088176987{padding-right: 4% !important;padding-left: 4% !important;}&#8221;][\/vc_column][vc_column width=&#8221;2\/3&#8243;]<div class=\"grve-element grve-slogan grve-align-center\" style=\"\">  <p class=\"grve-leader-text\">Ara, eras esc\u00f2las deth territ\u00f2ri halhaire qu&#8217;an un materiau pedagogic ent\u00e0 ajudar-las a trabalhar sus eras h\u00e8stas deth huec. Eras classas situadas en eths Piren\u00e8us que&#8217;s p\u00f2den servir dera maleta deth halhaire. Que permet de con\u00e9guer eras falles, halhas, hars o halhars de totis eths territ\u00f2ris, en tot trabalhar diferentis domenis de coneishen\u00e7a.<\/p><\/div>[\/vc_column][vc_column width=&#8221;1\/6&#8243;][\/vc_column][\/vc_row][vc_row section_id=&#8221;intro&#8221; padding_top=&#8221;45&#8243;][vc_column css=&#8221;.vc_custom_1652088176987{padding-right: 4% !important;padding-left: 4% !important;}&#8221;]<div class=\"grve-element grve-hr \" style=\"padding-top: 15px;padding-bottom: 55px;\"><div class=\"grve-dashed-line-divider\"><\/div><\/div>[\/vc_column][\/vc_row][vc_row section_id=&#8221;valise&#8221;][vc_column width=&#8221;1\/2&#8243; css=&#8221;.vc_custom_1652088184622{padding-right: 4% !important;padding-left: 4% !important;}&#8221;]<div class=\"grve-element grve-slogan grve-align-left\" style=\"\"><h2 class=\"grve-slogan-title grve-align-left grve-h2\"><span style=\"font-size: 120%; line-height: 1.120em;\">Era Maleta deth Halhaire<span class=\"grve-title-line grve-bg-primary-1\" style=\"width: 50%;height: 1px;\"><\/span><\/span><\/h2><\/div>[vc_column_text css=&#8221;.vc_custom_1682331239101{padding-bottom: 25px !important;}&#8221;]<em>Era Maleta deth Halhaire <\/em>qu&#8217;ei un ensemble de si\u00e9s activitats que facilitan era descob\u00e8rta deras h\u00e8stas deth huec deths solsticis en eths Piren\u00e8us. Aqueras activitats que&#8217;s presentan devath era f\u00f2rma d&#8217;un j\u00f2c e eras halhas miniaturas que p\u00f2den \u00e8ster manejadas. Qu&#8217;entran en diferentis asp\u00e8ctes dera tradicion : natura, desvelopament durad\u00eds, lengas, territ\u00f2ris, ist\u00f2ria, musica e dan\u00e7a.<\/p>\n<p>Eths professors que la p\u00f2den utilizar coma un proj\u00e8cte de classa o ua tematica interessanta ath torn deras h\u00e8stas deth\u00a0 huec. Que i a ua maleta en cada centre de documentacion pedagogica deth territ\u00f2ri halhaire m\u00e8s que podetz descobrir eras fichas de cada activitat peth siti internet\u00a0:[\/vc_column_text][vc_column_text]<iframe loading=\"lazy\" title=\"YouTube video player\" src=\"https:\/\/www.youtube.com\/embed\/2PkXiRIWLL0\" width=\"560\" height=\"315\" frameborder=\"0\" allowfullscreen=\"allowfullscreen\"><\/iframe>[\/vc_column_text][\/vc_column][vc_column width=&#8221;1\/2&#8243; css=&#8221;.vc_custom_1682858726508{padding-right: 4% !important;padding-left: 4% !important;}&#8221;]<div class=\"grve-element grve-slogan grve-align-left\" style=\"\"><h2 class=\"grve-slogan-title grve-align-left grve-h2\"><span style=\"font-size: 120%; line-height: 1.120em;\">Comunautat d\u2019aprentissatge virtuau<span class=\"grve-title-line grve-bg-primary-1\" style=\"width: 50%;height: 1px;\"><\/span><\/span><\/h2><\/div>[vc_column_text css=&#8221;.vc_custom_1682858741545{padding-bottom: 45px !important;}&#8221;]<\/p>\n<p>En complement dera Maleta deth Halhaire, ua plataf\u00f2rma en linha qu&#8217;ei botada a disposicion de totis eths actors dera comunautat educativa interessadis peras h\u00e8stas deth huec e era educacion ath patrim\u00f2ni. Que s\u2019ap\u00e8ra \u00ab Debat a Bat \u00bb e que prop\u00f2sa ressorgas, bonas practicas, actualitats e, coma eth s\u00f2n nom ac ditz, un espaci de debat. Que vos encoratjam a descobrir-la\u00a0: <a href=\"https:\/\/www.debatabat.eu\/\" target=\"_blank\" rel=\"noopener\">www.debatabat.eu<\/a><\/p>\n<p>[\/vc_column_text]<div class=\"grve-element grve-image grve-animated-item grve-fadeInUp grve-align-center\" style=\"\" data-delay=\"200\"><a href=\"https:\/\/www.debatabat.eu\/\" target=\"_blank\" class=\" \" rel=\"noopener\"><img loading=\"lazy\" decoding=\"async\" width=\"450\" height=\"450\" src=\"https:\/\/prometheus.museum\/wp-content\/uploads\/2022\/05\/Screen-Monitor-www.debatabat.eu-fr.png\" class=\"attachment-full size-full\" alt=\"www.debatabat.eu\" srcset=\"https:\/\/prometheus.museum\/wp-content\/uploads\/2022\/05\/Screen-Monitor-www.debatabat.eu-fr.png 1x,https:\/\/prometheus.museum\/wp-content\/uploads\/2022\/05\/Screen-Monitor-www.debatabat.eu-fr-retina.png 2x\" \/><\/a><\/div>[\/vc_column][\/vc_row]<\/p>\n","protected":false},"excerpt":{"rendered":"<p>[vc_row section_id=&#8221;intro&#8221;][vc_column width=&#8221;1\/6&#8243; css=&#8221;.vc_custom_1652088176987{padding-right: 4% !important;padding-left: 4% !important;}&#8221;][\/vc_column][vc_column width=&#8221;2\/3&#8243;][\/vc_column][vc_column width=&#8221;1\/6&#8243;][\/vc_column][\/vc_row][vc_row section_id=&#8221;intro&#8221; padding_top=&#8221;45&#8243;][vc_column css=&#8221;.vc_custom_1652088176987{padding-right: 4% !important;padding-left: 4% !important;}&#8221;][\/vc_column][\/vc_row][vc_row section_id=&#8221;valise&#8221;][vc_column width=&#8221;1\/2&#8243; css=&#8221;.vc_custom_1652088184622{padding-right: 4% !important;padding-left: 4% !important;}&#8221;][vc_column_text css=&#8221;.vc_custom_1682331239101{padding-bottom: 25px !important;}&#8221;]Era Maleta deth Halhaire qu&#8217;ei un ensemble de si\u00e9s activitats que facilitan era descob\u00e8rta deras h\u00e8stas deth huec deths solsticis en eths Piren\u00e8us. Aqueras activitats que&#8217;s presentan devath era [&hellip;]<\/p>\n","protected":false},"author":1,"featured_media":0,"parent":24353,"menu_order":0,"comment_status":"closed","ping_status":"open","template":"page-templates\/template-musee-enfants.php","meta":{"_monsterinsights_skip_tracking":false,"_monsterinsights_sitenote_active":false,"_monsterinsights_sitenote_note":"","_monsterinsights_sitenote_category":0,"_uf_show_specific_survey":0,"_uf_disable_surveys":false,"footnotes":""},"class_list":["post-24369","page","type-page","status-publish","hentry"],"_links":{"self":[{"href":"https:\/\/prometheus.museum\/oc\/wp-json\/wp\/v2\/pages\/24369","targetHints":{"allow":["GET"]}}],"collection":[{"href":"https:\/\/prometheus.museum\/oc\/wp-json\/wp\/v2\/pages"}],"about":[{"href":"https:\/\/prometheus.museum\/oc\/wp-json\/wp\/v2\/types\/page"}],"author":[{"embeddable":true,"href":"https:\/\/prometheus.museum\/oc\/wp-json\/wp\/v2\/users\/1"}],"replies":[{"embeddable":true,"href":"https:\/\/prometheus.museum\/oc\/wp-json\/wp\/v2\/comments?post=24369"}],"version-history":[{"count":6,"href":"https:\/\/prometheus.museum\/oc\/wp-json\/wp\/v2\/pages\/24369\/revisions"}],"predecessor-version":[{"id":24716,"href":"https:\/\/prometheus.museum\/oc\/wp-json\/wp\/v2\/pages\/24369\/revisions\/24716"}],"up":[{"embeddable":true,"href":"https:\/\/prometheus.museum\/oc\/wp-json\/wp\/v2\/pages\/24353"}],"wp:attachment":[{"href":"https:\/\/prometheus.museum\/oc\/wp-json\/wp\/v2\/media?parent=24369"}],"curies":[{"name":"wp","href":"https:\/\/api.w.org\/{rel}","templated":true}]}}