{"id":24381,"date":"2022-04-18T16:18:27","date_gmt":"2022-04-18T16:18:27","guid":{"rendered":"https:\/\/prometheus.museum\/musee\/"},"modified":"2023-04-30T14:36:24","modified_gmt":"2023-04-30T12:36:24","slug":"musee","status":"publish","type":"page","link":"https:\/\/prometheus.museum\/oc\/musee\/","title":{"rendered":"Visites acompanhadas"},"content":{"rendered":"<p>[vc_row heading_color=&#8221;primary-5&#8243; section_type=&#8221;fullwidth&#8221; header_feature=&#8221;yes&#8221; margin_bottom=&#8221;35&#8243; section_id=&#8221;guides&#8221; font_color=&#8221;#fbeedd&#8221;][vc_column css=&#8221;.vc_custom_1652595888764{padding-right: 4% !important;padding-left: 4% !important;background-position: center !important;background-repeat: no-repeat !important;background-size: cover !important;}&#8221;][vc_row_inner css=&#8221;.vc_custom_1655909739389{margin-right: 4% !important;margin-left: 4% !important;padding-top: 65px !important;padding-bottom: 15px !important;}&#8221;][vc_column_inner width=&#8221;1\/2&#8243; css=&#8221;.vc_custom_1652712918727{padding-left: 4% !important;}&#8221;]<div class=\"grve-element grve-slogan grve-align-right\" style=\"\"><h2 class=\"grve-slogan-title grve-align-right grve-h2\"><span style=\"font-size: 120%; line-height: 1.120em;\">Aprenguetz a con\u00e9guer eths huecs dab Esperanceta, Isaura e P\u00e8ir<\/span><\/h2><\/div>[\/vc_column_inner][vc_column_inner width=&#8221;1\/2&#8243; css=&#8221;.vc_custom_1655909326464{padding-top: 10px !important;padding-right: 3% !important;}&#8221;][vc_column_text]Ent\u00e0 aver ua experi\u00e9ncia diferenta e explorar eth mus\u00e8u dab un guida, causitz un deths actors pirenencs de Catalonha, d&#8217;Espanha, de Fran\u00e7a o m\u00e8s especialament d&#8217;Occitania. Aqueras visitas ludicas, ent\u00e0 totis eths publics, que vos van iniciar aras diferentas h\u00e8stas.[\/vc_column_text][\/vc_column_inner][\/vc_row_inner][vc_row_inner css=&#8221;.vc_custom_1655908718290{margin-right: 4% !important;margin-left: 4% !important;padding-top: 35px !important;padding-bottom: 35px !important;}&#8221;][vc_column_inner width=&#8221;1\/2&#8243; css=&#8221;.vc_custom_1652712918727{padding-left: 4% !important;}&#8221;][vc_column_text]<\/p>\n<p style=\"text-align: right;\"><strong><span style=\"color: #fac917;\">Esperanceta de Casa Gassia<\/span><\/strong><br \/>\n(Ecomus\u00e8u deras Vaths d\u2019\u00c0neu). Ua hemna deth pa\u00eds (Palhars) que h\u00e8 eras falles.<br \/>\n<em>En <a href=\"https:\/\/prometheus.museum\/ca\/guies\/\">catalan<\/a><\/em>.<\/p>\n<p style=\"text-align: right;\"><strong><span style=\"color: #fac917;\">Esperanceta de Casa Gassia <\/span><\/strong><br \/>\n(Ecomus\u00e8u deras Vaths d\u2019\u00c0neu). Ua hemna deth pa\u00eds (Palhars) que h\u00e8 eras falles.<br \/>\n<em>En <a href=\"https:\/\/prometheus.museum\/es\/visita-guiada\/\">castilhan<\/a><\/em>.<\/p>\n<p>[\/vc_column_text][\/vc_column_inner][vc_column_inner width=&#8221;1\/2&#8243;]<div class=\"grve-element grve-image grve-animated-item grve-fadeInRight grve-align-left\" style=\"\" data-delay=\"200\"><img loading=\"lazy\" decoding=\"async\" width=\"140\" height=\"175\" src=\"https:\/\/prometheus.museum\/wp-content\/uploads\/2022\/06\/portrait-Esperanceta.png\" class=\"attachment-full size-full\" alt=\"Esperanceta\" srcset=\"https:\/\/prometheus.museum\/wp-content\/uploads\/2022\/06\/portrait-Esperanceta.png 1x,https:\/\/prometheus.museum\/wp-content\/uploads\/2022\/06\/portrait-Esperanceta-retina.png 2x\" \/><\/div>[\/vc_column_inner][\/vc_row_inner][vc_row_inner css=&#8221;.vc_custom_1655908986801{margin-right: 4% !important;margin-left: 4% !important;padding-bottom: 35px !important;}&#8221;][vc_column_inner width=&#8221;1\/2&#8243; css=&#8221;.vc_custom_1652712918727{padding-left: 4% !important;}&#8221;][vc_column_text]<\/p>\n<p style=\"text-align: right;\"><strong><span style=\"color: #fac917;\">Isaura<\/span><\/strong><br \/>\nUa guida que vos parla deths hars, haros, halhars e falles deths Piren\u00e8us.<br \/>\n<em><a href=\"https:\/\/prometheus.museum\/musee\/\">En franc\u00e9s.<\/a><\/em><\/p>\n<p>[\/vc_column_text][\/vc_column_inner][vc_column_inner width=&#8221;1\/2&#8243;]<div class=\"grve-element grve-image grve-animated-item grve-fadeInRight grve-align-left\" style=\"\" data-delay=\"200\"><img loading=\"lazy\" decoding=\"async\" width=\"160\" height=\"175\" src=\"https:\/\/prometheus.museum\/wp-content\/uploads\/2022\/06\/portrait-Isaura-1.png\" class=\"attachment-full size-full\" alt=\"Isaura\" srcset=\"https:\/\/prometheus.museum\/wp-content\/uploads\/2022\/06\/portrait-Isaura-1.png 1x,https:\/\/prometheus.museum\/wp-content\/uploads\/2022\/06\/portrait-Isaura-retina-1.png 2x\" \/><\/div>[\/vc_column_inner][\/vc_row_inner][vc_row_inner css=&#8221;.vc_custom_1655909089062{margin-right: 4% !important;margin-left: 4% !important;padding-bottom: 5px !important;}&#8221;][vc_column_inner width=&#8221;1\/2&#8243; css=&#8221;.vc_custom_1652712918727{padding-left: 4% !important;}&#8221;][vc_column_text]<\/p>\n<p style=\"text-align: right;\"><strong><span style=\"color: #fac917;\">P\u00e8ir<\/span><\/strong><br \/>\nUn guida que vos parla deths hars, haros, halhars e falles deths Piren\u00e8us ena lenga locala.<br \/>\n<em>En occitan (gascon).<\/em><\/p>\n<p>[\/vc_column_text][\/vc_column_inner][vc_column_inner width=&#8221;1\/2&#8243;]<div class=\"grve-element grve-image grve-animated-item grve-fadeInRight grve-align-left\" style=\"\" data-delay=\"200\"><img loading=\"lazy\" decoding=\"async\" width=\"170\" height=\"175\" src=\"https:\/\/prometheus.museum\/wp-content\/uploads\/2022\/06\/portrait-Peir.png\" class=\"attachment-full size-full\" alt=\"P\u00e8ir\" srcset=\"https:\/\/prometheus.museum\/wp-content\/uploads\/2022\/06\/portrait-Peir.png 1x,https:\/\/prometheus.museum\/wp-content\/uploads\/2022\/06\/portrait-Peir-retina.png 2x\" \/><\/div>[\/vc_column_inner][\/vc_row_inner][\/vc_column][\/vc_row][vc_row padding_top=&#8221;65&#8243; margin_bottom=&#8221;35&#8243;][vc_column]<div class=\"grve-element grve-hr \" style=\"padding-top: 5px;padding-bottom: 25px;\"><div class=\"grve-dashed-line-divider\"><\/div><\/div>[\/vc_column][\/vc_row][vc_row section_type=&#8221;fullwidth&#8221; column_gap=&#8221;40&#8243;][vc_column css=&#8221;.vc_custom_1654634368803{padding-top: 45px !important;padding-right: 4% !important;padding-left: 4% !important;}&#8221;][vc_row_inner css=&#8221;.vc_custom_1659434092653{padding-bottom: 45px !important;}&#8221;][vc_column_inner width=&#8221;1\/3&#8243; css=&#8221;.vc_custom_1655817736158{margin-top: -40px !important;}&#8221;]<div class=\"grve-element grve-image grve-animated-item grve-fadeInLeft grve-align-right\" style=\"\" data-delay=\"200\"><img loading=\"lazy\" decoding=\"async\" width=\"170\" height=\"175\" src=\"https:\/\/prometheus.museum\/wp-content\/uploads\/2022\/06\/portrait-Peir.png\" class=\"attachment-full size-full\" alt=\"P\u00e8ir\" srcset=\"https:\/\/prometheus.museum\/wp-content\/uploads\/2022\/06\/portrait-Peir.png 1x,https:\/\/prometheus.museum\/wp-content\/uploads\/2022\/06\/portrait-Peir-retina.png 2x\" \/><\/div>[\/vc_column_inner][vc_column_inner width=&#8221;2\/3&#8243; css=&#8221;.vc_custom_1655817880751{padding-top: 15px !important;}&#8221;]<div class=\"grve-element grve-slogan grve-align-left\" style=\"\"><h2 class=\"grve-slogan-title grve-align-left grve-h2\"><span style=\"font-size: 120%; line-height: 1.120em;\">Aprenguetz a con\u00e9guer eth mus\u00e8u dab P\u00e8ir<\/span><\/h2><\/div>[\/vc_column_inner][\/vc_row_inner][\/vc_column][\/vc_row][vc_row section_type=&#8221;fullwidth&#8221; column_gap=&#8221;40&#8243; margin_bottom=&#8221;35&#8243;][vc_column heading_color=&#8221;primary-2&#8243; css=&#8221;.vc_custom_1654633302934{padding-right: 4% !important;padding-left: 4% !important;}&#8221;][vc_row_inner css=&#8221;.vc_custom_1654849294483{margin-bottom: 45px !important;}&#8221;][vc_column_inner width=&#8221;1\/3&#8243;]<div class=\"grve-element grve-slogan grve-align-left\" style=\"margin-bottom: -80px;\"><h2 class=\"grve-slogan-title grve-align-left grve-h1\"><span style=\"font-size: 140%; line-height: 1.120em;\">1<\/span><\/h2><\/div>[vc_raw_html css=&#8221;.vc_custom_1682522730693{margin-bottom: 0px !important;padding-bottom: 0px !important;}&#8221;]JTVCRWxpdGVfdmlkZW9fcGxheWVyJTIwaWQlM0QlMjI3OCUyMiU1RA==[\/vc_raw_html]<div class=\"grve-element grve-slogan grve-align-left\" style=\"\"><div class=\"grve-btn-wrapper\"><a href=\"https:\/\/prometheus.museum\/\" title=\"Entratz dens la seccion\" class=\"grve-btn grve-btn-small grve-round grve-bg-primary-2 grve-bg-hover-primary-1\"><span>Entratz dens la seccion<\/span><\/a><\/div><\/div>[\/vc_column_inner][vc_column_inner width=&#8221;1\/3&#8243;]<div class=\"grve-element grve-slogan grve-align-left\" style=\"margin-bottom: -80px;\"><h2 class=\"grve-slogan-title grve-align-left grve-h1\"><span style=\"font-size: 140%; line-height: 1.120em;\">2<\/span><\/h2><\/div>[vc_raw_html css=&#8221;.vc_custom_1682522896440{margin-bottom: 0px !important;padding-bottom: 0px !important;}&#8221;]JTVCRWxpdGVfdmlkZW9fcGxheWVyJTIwaWQlM0QlMjI3OSUyMiU1RA==[\/vc_raw_html]<div class=\"grve-element grve-slogan grve-align-left\" style=\"\"><div class=\"grve-btn-wrapper\"><a href=\"https:\/\/prometheus.museum\/oc\/carte-interactive\/\" title=\"Entratz dens la seccion\" class=\"grve-btn grve-btn-small grve-round grve-bg-primary-2 grve-bg-hover-primary-1\"><span>Entratz dens la seccion<\/span><\/a><\/div><\/div>[\/vc_column_inner][vc_column_inner width=&#8221;1\/3&#8243;]<div class=\"grve-element grve-slogan grve-align-left\" style=\"margin-bottom: -80px;\"><h2 class=\"grve-slogan-title grve-align-left grve-h1\"><span style=\"font-size: 140%; line-height: 1.120em;\">3<\/span><\/h2><\/div>[vc_raw_html css=&#8221;.vc_custom_1682523107966{margin-bottom: 0px !important;padding-bottom: 0px !important;}&#8221;]JTVCRWxpdGVfdmlkZW9fcGxheWVyJTIwaWQlM0QlMjI4MCUyMiU1RA==[\/vc_raw_html]<div class=\"grve-element grve-slogan grve-align-left\" style=\"\"><div class=\"grve-btn-wrapper\"><a href=\"https:\/\/prometheus.museum\/oc\/exposition-reference\/\" title=\"Entratz dens la seccion\" class=\"grve-btn grve-btn-small grve-round grve-bg-primary-2 grve-bg-hover-primary-1\"><span>Entratz dens la seccion<\/span><\/a><\/div><\/div>[\/vc_column_inner][\/vc_row_inner][vc_row_inner][vc_column_inner width=&#8221;1\/3&#8243;]<div class=\"grve-element grve-slogan grve-align-left\" style=\"margin-bottom: -80px;\"><h2 class=\"grve-slogan-title grve-align-left grve-h1\"><span style=\"font-size: 140%; line-height: 1.120em;\">4<\/span><\/h2><\/div>[vc_raw_html css=&#8221;.vc_custom_1682523116218{margin-bottom: 0px !important;padding-bottom: 0px !important;}&#8221;]JTVCRWxpdGVfdmlkZW9fcGxheWVyJTIwaWQlM0QlMjI4MSUyMiU1RA==[\/vc_raw_html]<div class=\"grve-element grve-slogan grve-align-left\" style=\"\"><div class=\"grve-btn-wrapper\"><a href=\"https:\/\/prometheus.museum\/oc\/partager\/savoir-faire\/\" title=\"Entratz dens la seccion\" class=\"grve-btn grve-btn-small grve-round grve-bg-primary-2 grve-bg-hover-primary-1\"><span>Entratz dens la seccion<\/span><\/a><\/div><\/div>[\/vc_column_inner][vc_column_inner width=&#8221;1\/3&#8243;]<div class=\"grve-element grve-slogan grve-align-left\" style=\"margin-bottom: -80px;\"><h2 class=\"grve-slogan-title grve-align-left grve-h1\"><span style=\"font-size: 140%; line-height: 1.120em;\">5<\/span><\/h2><\/div>[vc_raw_html css=&#8221;.vc_custom_1682523131789{margin-bottom: 0px !important;padding-bottom: 0px !important;}&#8221;]JTVCRWxpdGVfdmlkZW9fcGxheWVyJTIwaWQlM0QlMjI4MiUyMiU1RA==[\/vc_raw_html]<div class=\"grve-element grve-slogan grve-align-left\" style=\"\"><div class=\"grve-btn-wrapper\"><a href=\"https:\/\/prometheus.museum\/oc\/portraits\/\" title=\"Entratz dens la seccion\" class=\"grve-btn grve-btn-small grve-round grve-bg-primary-2 grve-bg-hover-primary-1\"><span>Entratz dens la seccion<\/span><\/a><\/div><\/div>[\/vc_column_inner][vc_column_inner width=&#8221;1\/3&#8243;]<div class=\"grve-element grve-slogan grve-align-left\" style=\"margin-bottom: -80px;\"><h2 class=\"grve-slogan-title grve-align-left grve-h1\"><span style=\"font-size: 140%; line-height: 1.120em;\">6<\/span><\/h2><\/div>[vc_raw_html css=&#8221;.vc_custom_1682523138692{margin-bottom: 0px !important;padding-bottom: 0px !important;}&#8221;]JTVCRWxpdGVfdmlkZW9fcGxheWVyJTIwaWQlM0QlMjI4MyUyMiU1RA==[\/vc_raw_html][\/vc_column_inner][\/vc_row_inner][\/vc_column][\/vc_row]<\/p>\n","protected":false},"excerpt":{"rendered":"<p>[vc_row heading_color=&#8221;primary-5&#8243; section_type=&#8221;fullwidth&#8221; header_feature=&#8221;yes&#8221; margin_bottom=&#8221;35&#8243; section_id=&#8221;guides&#8221; font_color=&#8221;#fbeedd&#8221;][vc_column css=&#8221;.vc_custom_1652595888764{padding-right: 4% !important;padding-left: 4% !important;background-position: center !important;background-repeat: no-repeat !important;background-size: cover !important;}&#8221;][vc_row_inner css=&#8221;.vc_custom_1655909739389{margin-right: 4% !important;margin-left: 4% !important;padding-top: 65px !important;padding-bottom: 15px !important;}&#8221;][vc_column_inner width=&#8221;1\/2&#8243; css=&#8221;.vc_custom_1652712918727{padding-left: 4% !important;}&#8221;][\/vc_column_inner][vc_column_inner width=&#8221;1\/2&#8243; css=&#8221;.vc_custom_1655909326464{padding-top: 10px !important;padding-right: 3% !important;}&#8221;][vc_column_text]Ent\u00e0 aver ua experi\u00e9ncia diferenta e explorar eth mus\u00e8u dab un guida, causitz un deths actors pirenencs de Catalonha, [&hellip;]<\/p>\n","protected":false},"author":1,"featured_media":0,"parent":0,"menu_order":0,"comment_status":"closed","ping_status":"open","template":"page-templates\/template-guidee.php","meta":{"_monsterinsights_skip_tracking":false,"_monsterinsights_sitenote_active":false,"_monsterinsights_sitenote_note":"","_monsterinsights_sitenote_category":0,"_uf_show_specific_survey":0,"_uf_disable_surveys":false,"footnotes":""},"class_list":["post-24381","page","type-page","status-publish","hentry"],"_links":{"self":[{"href":"https:\/\/prometheus.museum\/oc\/wp-json\/wp\/v2\/pages\/24381","targetHints":{"allow":["GET"]}}],"collection":[{"href":"https:\/\/prometheus.museum\/oc\/wp-json\/wp\/v2\/pages"}],"about":[{"href":"https:\/\/prometheus.museum\/oc\/wp-json\/wp\/v2\/types\/page"}],"author":[{"embeddable":true,"href":"https:\/\/prometheus.museum\/oc\/wp-json\/wp\/v2\/users\/1"}],"replies":[{"embeddable":true,"href":"https:\/\/prometheus.museum\/oc\/wp-json\/wp\/v2\/comments?post=24381"}],"version-history":[{"count":11,"href":"https:\/\/prometheus.museum\/oc\/wp-json\/wp\/v2\/pages\/24381\/revisions"}],"predecessor-version":[{"id":24708,"href":"https:\/\/prometheus.museum\/oc\/wp-json\/wp\/v2\/pages\/24381\/revisions\/24708"}],"wp:attachment":[{"href":"https:\/\/prometheus.museum\/oc\/wp-json\/wp\/v2\/media?parent=24381"}],"curies":[{"name":"wp","href":"https:\/\/api.w.org\/{rel}","templated":true}]}}