{"id":24383,"date":"2022-01-27T11:41:08","date_gmt":"2022-01-27T11:41:08","guid":{"rendered":"https:\/\/prometheus.museum\/gestion-des-cookies\/"},"modified":"2023-04-26T15:47:43","modified_gmt":"2023-04-26T13:47:43","slug":"gestion-deths-cookies","status":"publish","type":"page","link":"https:\/\/prometheus.museum\/oc\/gestion-deths-cookies\/","title":{"rendered":"gestion deths cookies"},"content":{"rendered":"<p>[vc_row][vc_column]<div class=\"grve-element grve-hr \" style=\"padding-bottom: 45px;\"><div class=\"grve-dashed-line-divider\"><\/div><\/div>[vc_row_inner][vc_column_inner][vc_column_text]<\/p>\n<h3>Politica de gestion deths cookies<\/h3>\n<p>Pendent era visita deth site prometheus.museum, daubuns cookies que son depausadis sus eth v\u00f2ste ordenador, eth v\u00f2ste telefonet o era v\u00f2sta tauleta.<br \/>\nAquesta pagina que vos permet de compr\u00e9ner mi\u00e9lher ce quin foncionan eths cookies e quin utilizar eths ut\u00eds actuaus ent\u00e0 parametrar-les.<\/p>\n<p><strong>1 \u2013 Qu\u00e9 ei un cookie ?<\/strong><br \/>\n<strong>2 \u2013 Quaus son eths diferents tipes de cookies utilizadis en aqueth site ?<\/strong><br \/>\n<strong>3 \u2013 Quin acceptar o refusar eths cookies ?<\/strong><\/p>\n<h4>1 \u2013 Qu\u00e9 ei un cookie ?<\/h4>\n<p>Un cookie qu&#8217;ei un petit fich\u00e8r de format alfanumeric depausat sus eth disc dur deth internauta peth servidor deth site visitat o per un servidor t\u00e8r\u00e7 (regia publicit\u00e0ria, servici de web analitic, etc.).<\/p>\n<p>Eth t\u00e8rme de cookie qu&#8217;ei a pr\u00e9ner ath sens larg e que cobreish eth ensemble deths tra\u00e7aires (<em>pixel tags, bugs, web storage\u2026<\/em>) depausadis e\/o lejudis, per exemple, pendent era visita d&#8217;un site internet o d&#8217;ua aplicacion mobila o pendent era visita d&#8217;ua publicitat.<\/p>\n<p>Que conten mantuas dadas :<\/p>\n<ul>\n<li>Eth nom deth servidor que l&#8217;a depausat<\/li>\n<li>Un identificant qu\u2019a per f\u00f2rma un num\u00e8ro unic<\/li>\n<li>Eventualament ua data d&#8217;expiracion<\/li>\n<\/ul>\n<p>Aqueras informacions que son a c\u00f2ps estocadas sus eth v\u00f2ste ordenador o telef\u00f2ne intelligent dens un simple fich\u00e8r t\u00e8xte ath quau un servidor accedeish ent\u00e0 l\u00e9ger e enregistrar informacions.<\/p>\n<p>Eths cookies qu&#8217;an sustot per mira de collectar informacions relativas ara v\u00f2sta navigacion sus aqueste site.<\/p>\n<p>En v\u00f2ste ordenador eths cookies que son geridis peth v\u00f2ste navigator internet (Internet Explorer, Firefox, Safari o encara Google Chrome).<\/p>\n<p>Que p\u00f2den \u00e8ster depausadis ath parat dera navigacion sus aqueste site.<\/p>\n<h4>2 \u2013 Quaus son eths diferents tipes de cookies utilizadis sus aqueste site ?<\/h4>\n<p>Diferents tipes de cookies que son utilizadis sus aqueste site, qu&#8217;an finalitats diferentas. Daubuns que h\u00e8n besonh ara v\u00f2sta utilizacion d&#8217;aqueste site.<br \/>\nEths cookies estrictament necessaris<br \/>\nQue s&#8217;ageish deths cookies necessaris ath foncionament d&#8217;aqueste site. Que vos permeten d&#8217;utilizar eras principalas foncionalitats d&#8217;aqueste site.<br \/>\nEths cookies analitics<br \/>\nQue s&#8217;ageish deths cookies que permeten de con\u00e9guer era utilizacion e eras performan\u00e7as d&#8217;aqueste site e de&#8217;n melhorar eth foncionament (per exemple, eras paginas consultadas m\u00e8s sovent\u2026).<\/p>\n<h4>3 \u2013 Quin acceptar o refusar eths cookies ?<\/h4>\n<p>Era major part deths navigators que vos permeten de gerir eths v\u00f2stes cookies preferits. Que podetz reglar eth v\u00f2ste navigator ent\u00e0 refusar o esfa\u00e7ar daubuns cookies. Generalament, que podetz tanben gerir eras tecnologias similaras dera madeisha fai\u00e7on, en tot emplegar eths navigators qu\u2019estimatz m\u00e8s.<\/p>\n<p>Eths ligams seguents que vos m\u00f2stran ce quin reglar eths cookies en foncion deths navigators :<\/p>\n<ul>\n<li>Si emplegatz eth navigator Internet Explorer : <a href=\"http:\/\/windows.microsoft.com\/fr-FR\/windows-vista\/Block-or-allow-cookies\" target=\"_blank\" rel=\"noopener noreferrer\">www.windows.microsoft.com\/fr-FR\/windows-vista\/Block-or-allow-cookies<\/a><\/li>\n<li>Entath navigator Firefox <a href=\"http:\/\/support.mozilla.org\/fr\/kb\/activer-desactiver-cookies\" target=\"_blank\" rel=\"noopener noreferrer\">www.support.mozilla.org\/fr\/kb\/activer-desactiver-cookies<\/a><\/li>\n<li>Si emplegatz eth navigator Google Chrome : <a href=\"https:\/\/support.google.com\/chrome\/answer\/95647?hl=fr\" target=\"_blank\" rel=\"noopener noreferrer\">www.support.google.com\/chrome\/answer\/95647?hl=fr<\/a><\/li>\n<\/ul>\n<p>Per tota informacion, que vos inviti a consultar eth site dera CNIL ara adre\u00e7a seguenta :<br \/>\n<a href=\"https:\/\/www.cnil.fr\/fr\/cookies-les-outils-pour-les-maitriser\" target=\"_blank\" rel=\"noopener noreferrer\">www.cnil.fr\/fr\/cookies-les-outils-pour-les-maitriser<\/a>[\/vc_column_text][\/vc_column_inner][\/vc_row_inner][\/vc_column][\/vc_row]<\/p>\n","protected":false},"excerpt":{"rendered":"<p>[vc_row][vc_column][vc_row_inner][vc_column_inner][vc_column_text] Politica de gestion deths cookies Pendent era visita deth site prometheus.museum, daubuns cookies que son depausadis sus eth v\u00f2ste ordenador, eth v\u00f2ste telefonet o era v\u00f2sta tauleta. Aquesta pagina que vos permet de compr\u00e9ner mi\u00e9lher ce quin foncionan eths cookies e quin utilizar eths ut\u00eds actuaus ent\u00e0 parametrar-les. 1 \u2013 Qu\u00e9 ei un cookie [&hellip;]<\/p>\n","protected":false},"author":1,"featured_media":0,"parent":0,"menu_order":0,"comment_status":"closed","ping_status":"open","template":"page-templates\/template-intro.php","meta":{"_monsterinsights_skip_tracking":false,"_monsterinsights_sitenote_active":false,"_monsterinsights_sitenote_note":"","_monsterinsights_sitenote_category":0,"_uf_show_specific_survey":0,"_uf_disable_surveys":false,"footnotes":""},"class_list":["post-24383","page","type-page","status-publish","hentry"],"_links":{"self":[{"href":"https:\/\/prometheus.museum\/oc\/wp-json\/wp\/v2\/pages\/24383","targetHints":{"allow":["GET"]}}],"collection":[{"href":"https:\/\/prometheus.museum\/oc\/wp-json\/wp\/v2\/pages"}],"about":[{"href":"https:\/\/prometheus.museum\/oc\/wp-json\/wp\/v2\/types\/page"}],"author":[{"embeddable":true,"href":"https:\/\/prometheus.museum\/oc\/wp-json\/wp\/v2\/users\/1"}],"replies":[{"embeddable":true,"href":"https:\/\/prometheus.museum\/oc\/wp-json\/wp\/v2\/comments?post=24383"}],"version-history":[{"count":4,"href":"https:\/\/prometheus.museum\/oc\/wp-json\/wp\/v2\/pages\/24383\/revisions"}],"predecessor-version":[{"id":24389,"href":"https:\/\/prometheus.museum\/oc\/wp-json\/wp\/v2\/pages\/24383\/revisions\/24389"}],"wp:attachment":[{"href":"https:\/\/prometheus.museum\/oc\/wp-json\/wp\/v2\/media?parent=24383"}],"curies":[{"name":"wp","href":"https:\/\/api.w.org\/{rel}","templated":true}]}}